{"id":64,"date":"2020-10-10T11:33:18","date_gmt":"2020-10-10T11:33:18","guid":{"rendered":"http:\/\/ee.mlfmonde.org\/zalau-michelin\/?page_id=64"},"modified":"2023-09-21T17:07:08","modified_gmt":"2023-09-21T17:07:08","slug":"cantine","status":"publish","type":"page","link":"https:\/\/ee.mlfmonde.org\/zalau-michelin\/cantine\/","title":{"rendered":"Cantine"},"content":{"rendered":"<p>Les repas du d\u00e9jeuner sont pr\u00e9par\u00e9s et livr\u00e9s par le prestataire de la cantine Michelin, Hara Gold Catering. Ils arrivent chauds dans des contenants isothermes jetables.<\/p>\n<p>Diff\u00e9rents menus sont propos\u00e9s chaque jour (plat et dessert) ; les parents choisissent ceux qui sont le plus adapt\u00e9s aux enfants et en informent le directeur, qui passe commande chaque fin de semaine pour la semaine suivante.<\/p>\n<p>Le paiement est effectu\u00e9 directement avec le compte repas des parents salari\u00e9s.<\/p>\n<p>Les familles doivent fournir les couverts, achet\u00e9s en lot.<\/p>\n<p>&nbsp;<\/p>\n","protected":false},"excerpt":{"rendered":"<p>Les repas du d\u00e9jeuner sont pr\u00e9par\u00e9s et livr\u00e9s par le prestataire de la cantine Michelin, Hara Gold Catering. Ils arrivent chauds dans des contenants isothermes jetables. Diff\u00e9rents menus sont propos\u00e9s chaque jour (plat et dessert) ; les parents choisissent ceux qui sont le plus adapt\u00e9s aux enfants et en informent le directeur, qui passe commande [&hellip;]<\/p>\n","protected":false},"author":155,"featured_media":0,"parent":0,"menu_order":0,"comment_status":"closed","ping_status":"closed","template":"","meta":{"_acf_changed":false,"footnotes":""},"class_list":["post-64","page","type-page","status-publish","czr-hentry"],"acf":[],"_links":{"self":[{"href":"https:\/\/ee.mlfmonde.org\/zalau-michelin\/wp-json\/wp\/v2\/pages\/64","targetHints":{"allow":["GET"]}}],"collection":[{"href":"https:\/\/ee.mlfmonde.org\/zalau-michelin\/wp-json\/wp\/v2\/pages"}],"about":[{"href":"https:\/\/ee.mlfmonde.org\/zalau-michelin\/wp-json\/wp\/v2\/types\/page"}],"author":[{"embeddable":true,"href":"https:\/\/ee.mlfmonde.org\/zalau-michelin\/wp-json\/wp\/v2\/users\/155"}],"replies":[{"embeddable":true,"href":"https:\/\/ee.mlfmonde.org\/zalau-michelin\/wp-json\/wp\/v2\/comments?post=64"}],"version-history":[{"count":14,"href":"https:\/\/ee.mlfmonde.org\/zalau-michelin\/wp-json\/wp\/v2\/pages\/64\/revisions"}],"predecessor-version":[{"id":2460,"href":"https:\/\/ee.mlfmonde.org\/zalau-michelin\/wp-json\/wp\/v2\/pages\/64\/revisions\/2460"}],"wp:attachment":[{"href":"https:\/\/ee.mlfmonde.org\/zalau-michelin\/wp-json\/wp\/v2\/media?parent=64"}],"curies":[{"name":"wp","href":"https:\/\/api.w.org\/{rel}","templated":true}]}}