{"id":62,"date":"2020-10-10T11:29:05","date_gmt":"2020-10-10T11:29:05","guid":{"rendered":"http:\/\/ee.mlfmonde.org\/zalau-michelin\/?page_id=62"},"modified":"2023-09-21T17:32:06","modified_gmt":"2023-09-21T17:32:06","slug":"horaires","status":"publish","type":"page","link":"https:\/\/ee.mlfmonde.org\/zalau-michelin\/horaires\/","title":{"rendered":"Horaires"},"content":{"rendered":"<p>Les horaires de l&rsquo;\u00e9cole sont les suivants : <\/p>\n<p>&#8211; Lundi, mardi, jeudi et vendredi de 8h \u00e0 12h puis 13h30 \u00e0 15h (les coll\u00e9giens peuvent parfois reprendre d\u00e8s 13h et terminer les cours \u00e0 16h).<\/p>\n<p>&#8211; Mercredi de 8h \u00e0 12h.<\/p>\n","protected":false},"excerpt":{"rendered":"<p>Les horaires de l&rsquo;\u00e9cole sont les suivants : &#8211; Lundi, mardi, jeudi et vendredi de 8h \u00e0 12h puis 13h30 \u00e0 15h (les coll\u00e9giens peuvent parfois reprendre d\u00e8s 13h et terminer les cours \u00e0 16h). &#8211; Mercredi de 8h \u00e0 12h.<\/p>\n","protected":false},"author":155,"featured_media":0,"parent":0,"menu_order":0,"comment_status":"closed","ping_status":"closed","template":"","meta":{"_acf_changed":false,"footnotes":""},"class_list":["post-62","page","type-page","status-publish","czr-hentry"],"acf":[],"_links":{"self":[{"href":"https:\/\/ee.mlfmonde.org\/zalau-michelin\/wp-json\/wp\/v2\/pages\/62","targetHints":{"allow":["GET"]}}],"collection":[{"href":"https:\/\/ee.mlfmonde.org\/zalau-michelin\/wp-json\/wp\/v2\/pages"}],"about":[{"href":"https:\/\/ee.mlfmonde.org\/zalau-michelin\/wp-json\/wp\/v2\/types\/page"}],"author":[{"embeddable":true,"href":"https:\/\/ee.mlfmonde.org\/zalau-michelin\/wp-json\/wp\/v2\/users\/155"}],"replies":[{"embeddable":true,"href":"https:\/\/ee.mlfmonde.org\/zalau-michelin\/wp-json\/wp\/v2\/comments?post=62"}],"version-history":[{"count":6,"href":"https:\/\/ee.mlfmonde.org\/zalau-michelin\/wp-json\/wp\/v2\/pages\/62\/revisions"}],"predecessor-version":[{"id":2469,"href":"https:\/\/ee.mlfmonde.org\/zalau-michelin\/wp-json\/wp\/v2\/pages\/62\/revisions\/2469"}],"wp:attachment":[{"href":"https:\/\/ee.mlfmonde.org\/zalau-michelin\/wp-json\/wp\/v2\/media?parent=62"}],"curies":[{"name":"wp","href":"https:\/\/api.w.org\/{rel}","templated":true}]}}