{"id":60,"date":"2020-10-10T11:27:52","date_gmt":"2020-10-10T11:27:52","guid":{"rendered":"http:\/\/ee.mlfmonde.org\/zalau-michelin\/?page_id=60"},"modified":"2023-09-21T17:34:51","modified_gmt":"2023-09-21T17:34:51","slug":"contacts","status":"publish","type":"page","link":"https:\/\/ee.mlfmonde.org\/zalau-michelin\/contacts\/","title":{"rendered":"Contacts"},"content":{"rendered":"<p>La direction de l&rsquo;\u00e9cole fran\u00e7aise MLF-Michelin est assur\u00e9e par M. S\u00e9bastien Spaeth. Vous pouvez le contacter par courriel ou par t\u00e9l\u00e9phone :<\/p>\n<p>&#8211; adresse \u00e9lectronique : direction.zalau@mlfmonde.org<\/p>\n<p>&#8211; t\u00e9l\u00e9phone : +40 727 397 683<\/p>\n<p>&nbsp;<\/p>\n","protected":false},"excerpt":{"rendered":"<p>La direction de l&rsquo;\u00e9cole fran\u00e7aise MLF-Michelin est assur\u00e9e par M. S\u00e9bastien Spaeth. Vous pouvez le contacter par courriel ou par t\u00e9l\u00e9phone : &#8211; adresse \u00e9lectronique : direction.zalau@mlfmonde.org &#8211; t\u00e9l\u00e9phone : +40 727 397 683 &nbsp;<\/p>\n","protected":false},"author":155,"featured_media":0,"parent":0,"menu_order":0,"comment_status":"closed","ping_status":"closed","template":"","meta":{"_acf_changed":false,"footnotes":""},"class_list":["post-60","page","type-page","status-publish","czr-hentry"],"acf":[],"_links":{"self":[{"href":"https:\/\/ee.mlfmonde.org\/zalau-michelin\/wp-json\/wp\/v2\/pages\/60","targetHints":{"allow":["GET"]}}],"collection":[{"href":"https:\/\/ee.mlfmonde.org\/zalau-michelin\/wp-json\/wp\/v2\/pages"}],"about":[{"href":"https:\/\/ee.mlfmonde.org\/zalau-michelin\/wp-json\/wp\/v2\/types\/page"}],"author":[{"embeddable":true,"href":"https:\/\/ee.mlfmonde.org\/zalau-michelin\/wp-json\/wp\/v2\/users\/155"}],"replies":[{"embeddable":true,"href":"https:\/\/ee.mlfmonde.org\/zalau-michelin\/wp-json\/wp\/v2\/comments?post=60"}],"version-history":[{"count":6,"href":"https:\/\/ee.mlfmonde.org\/zalau-michelin\/wp-json\/wp\/v2\/pages\/60\/revisions"}],"predecessor-version":[{"id":2471,"href":"https:\/\/ee.mlfmonde.org\/zalau-michelin\/wp-json\/wp\/v2\/pages\/60\/revisions\/2471"}],"wp:attachment":[{"href":"https:\/\/ee.mlfmonde.org\/zalau-michelin\/wp-json\/wp\/v2\/media?parent=60"}],"curies":[{"name":"wp","href":"https:\/\/api.w.org\/{rel}","templated":true}]}}