{"id":58,"date":"2020-10-10T11:26:08","date_gmt":"2020-10-10T11:26:08","guid":{"rendered":"http:\/\/ee.mlfmonde.org\/zalau-michelin\/?page_id=58"},"modified":"2023-09-21T17:29:27","modified_gmt":"2023-09-21T17:29:27","slug":"periscolaire","status":"publish","type":"page","link":"https:\/\/ee.mlfmonde.org\/zalau-michelin\/periscolaire\/","title":{"rendered":"P\u00e9riscolaire"},"content":{"rendered":"<p>Les temps p\u00e9riscolaires se d\u00e9roulent:<\/p>\n<p>&#8211; le temps de la pause m\u00e9ridienne: temps du repas encadr\u00e9 par les enseignants Mlf, temps libre surveill\u00e9 par Mme Diaconita, \u00e0 l&rsquo;ext\u00e9rieur ou \u00e0 l&rsquo;int\u00e9rieur selon la m\u00e9t\u00e9o.<\/p>\n<p>&#8211; apr\u00e8s l&rsquo;\u00e9cole: les \u00e9l\u00e8ves peuvent b\u00e9n\u00e9ficier de cours particuliers d&rsquo;instruments de musique (piano, guitare, fl\u00fbte, violon) si l&#8217;emploi du temps des professeurs du lyc\u00e9e d&rsquo;art le permet.<\/p>\n<p>NB : Une garderie est assur\u00e9e de 15h \u00e0 17h les lundis, mardis, jeudis, vendredis par Mme Diaconita dans sa salle de classe.<\/p>\n","protected":false},"excerpt":{"rendered":"<p>Les temps p\u00e9riscolaires se d\u00e9roulent: &#8211; le temps de la pause m\u00e9ridienne: temps du repas encadr\u00e9 par les enseignants Mlf, temps libre surveill\u00e9 par Mme Diaconita, \u00e0 l&rsquo;ext\u00e9rieur ou \u00e0 l&rsquo;int\u00e9rieur selon la m\u00e9t\u00e9o. &#8211; apr\u00e8s l&rsquo;\u00e9cole: les \u00e9l\u00e8ves peuvent b\u00e9n\u00e9ficier de cours particuliers d&rsquo;instruments de musique (piano, guitare, fl\u00fbte, violon) si l&#8217;emploi du temps [&hellip;]<\/p>\n","protected":false},"author":155,"featured_media":0,"parent":0,"menu_order":0,"comment_status":"closed","ping_status":"closed","template":"","meta":{"_acf_changed":false,"footnotes":""},"class_list":["post-58","page","type-page","status-publish","czr-hentry"],"acf":[],"_links":{"self":[{"href":"https:\/\/ee.mlfmonde.org\/zalau-michelin\/wp-json\/wp\/v2\/pages\/58","targetHints":{"allow":["GET"]}}],"collection":[{"href":"https:\/\/ee.mlfmonde.org\/zalau-michelin\/wp-json\/wp\/v2\/pages"}],"about":[{"href":"https:\/\/ee.mlfmonde.org\/zalau-michelin\/wp-json\/wp\/v2\/types\/page"}],"author":[{"embeddable":true,"href":"https:\/\/ee.mlfmonde.org\/zalau-michelin\/wp-json\/wp\/v2\/users\/155"}],"replies":[{"embeddable":true,"href":"https:\/\/ee.mlfmonde.org\/zalau-michelin\/wp-json\/wp\/v2\/comments?post=58"}],"version-history":[{"count":6,"href":"https:\/\/ee.mlfmonde.org\/zalau-michelin\/wp-json\/wp\/v2\/pages\/58\/revisions"}],"predecessor-version":[{"id":2467,"href":"https:\/\/ee.mlfmonde.org\/zalau-michelin\/wp-json\/wp\/v2\/pages\/58\/revisions\/2467"}],"wp:attachment":[{"href":"https:\/\/ee.mlfmonde.org\/zalau-michelin\/wp-json\/wp\/v2\/media?parent=58"}],"curies":[{"name":"wp","href":"https:\/\/api.w.org\/{rel}","templated":true}]}}