{"id":54,"date":"2020-10-10T11:22:45","date_gmt":"2020-10-10T11:22:45","guid":{"rendered":"http:\/\/ee.mlfmonde.org\/zalau-michelin\/?page_id=54"},"modified":"2023-09-21T17:23:17","modified_gmt":"2023-09-21T17:23:17","slug":"ecole-primaire","status":"publish","type":"page","link":"https:\/\/ee.mlfmonde.org\/zalau-michelin\/ecole-primaire\/","title":{"rendered":"Ecole \u00e9l\u00e9mentaire"},"content":{"rendered":"<p>Les \u00e9l\u00e8ves sont accueillis du CP au CM2 et b\u00e9n\u00e9ficient de cours en direct dispens\u00e9s par les enseignants.<\/p>\n<p>Ils b\u00e9n\u00e9ficient de trois heures par semaine de cours d&rsquo;anglais, dispens\u00e9s par des recrut\u00e9s locaux.<br \/>\nDes cours de roumain sont \u00e9galement propos\u00e9s \u00e0 raison de deux heures par semaine pour les \u00e9l\u00e8ves non bilingues ; les \u00e9l\u00e8ves bilingues, eux, sont plac\u00e9s quatre heures par semaine en immersion dans des classes d&rsquo;\u00e9l\u00e8ves roumains du m\u00eame \u00e2ge.<\/p>\n<p>Les cours de sport, enfin, sont en immersion dans une classe d&rsquo;\u00e9l\u00e8ves roumains de m\u00eame \u00e2ge.<\/p>\n","protected":false},"excerpt":{"rendered":"<p>Les \u00e9l\u00e8ves sont accueillis du CP au CM2 et b\u00e9n\u00e9ficient de cours en direct dispens\u00e9s par les enseignants. Ils b\u00e9n\u00e9ficient de trois heures par semaine de cours d&rsquo;anglais, dispens\u00e9s par des recrut\u00e9s locaux. Des cours de roumain sont \u00e9galement propos\u00e9s \u00e0 raison de deux heures par semaine pour les \u00e9l\u00e8ves non bilingues ; les \u00e9l\u00e8ves [&hellip;]<\/p>\n","protected":false},"author":155,"featured_media":0,"parent":0,"menu_order":0,"comment_status":"closed","ping_status":"closed","template":"","meta":{"_acf_changed":false,"footnotes":""},"class_list":["post-54","page","type-page","status-publish","czr-hentry"],"acf":[],"_links":{"self":[{"href":"https:\/\/ee.mlfmonde.org\/zalau-michelin\/wp-json\/wp\/v2\/pages\/54","targetHints":{"allow":["GET"]}}],"collection":[{"href":"https:\/\/ee.mlfmonde.org\/zalau-michelin\/wp-json\/wp\/v2\/pages"}],"about":[{"href":"https:\/\/ee.mlfmonde.org\/zalau-michelin\/wp-json\/wp\/v2\/types\/page"}],"author":[{"embeddable":true,"href":"https:\/\/ee.mlfmonde.org\/zalau-michelin\/wp-json\/wp\/v2\/users\/155"}],"replies":[{"embeddable":true,"href":"https:\/\/ee.mlfmonde.org\/zalau-michelin\/wp-json\/wp\/v2\/comments?post=54"}],"version-history":[{"count":6,"href":"https:\/\/ee.mlfmonde.org\/zalau-michelin\/wp-json\/wp\/v2\/pages\/54\/revisions"}],"predecessor-version":[{"id":2465,"href":"https:\/\/ee.mlfmonde.org\/zalau-michelin\/wp-json\/wp\/v2\/pages\/54\/revisions\/2465"}],"wp:attachment":[{"href":"https:\/\/ee.mlfmonde.org\/zalau-michelin\/wp-json\/wp\/v2\/media?parent=54"}],"curies":[{"name":"wp","href":"https:\/\/api.w.org\/{rel}","templated":true}]}}