{"id":535,"date":"2021-06-24T18:44:29","date_gmt":"2021-06-24T18:44:29","guid":{"rendered":"http:\/\/ee.mlfmonde.org\/zalau-michelin\/?page_id=535"},"modified":"2023-07-12T08:54:39","modified_gmt":"2023-07-12T08:54:39","slug":"fournitures-2023-2024","status":"publish","type":"page","link":"https:\/\/ee.mlfmonde.org\/zalau-michelin\/fournitures-2023-2024\/","title":{"rendered":"Fournitures 2023-2024"},"content":{"rendered":"<p>Vous trouverez aux liens suivants les\u00a0listes\u00a0de\u00a0fournitures\u00a0scolaires\u00a0que vos enfants devront\u00a0si possible\u00a0poss\u00e9der \u00e0 la rentr\u00e9e d\u2019ao\u00fbt 2023.<\/p>\n<p>Nous vous remercions par avance d\u2019y accorder la plus grande importance. Pour un \u00e9l\u00e8ve, disposer du bon mat\u00e9riel, c\u2019est se donner toutes les chances de bien commencer son ann\u00e9e scolaire !<\/p>\n<p><a href=\"http:\/\/ee.mlfmonde.org\/zalau-michelin\/wp-content\/uploads\/sites\/25\/2023\/07\/CP-CE_Liste_de_fournitures_23_24.pdf\">CP-CE_Liste_de_fournitures_23_24<\/a><\/p>\n<p><a href=\"http:\/\/ee.mlfmonde.org\/zalau-michelin\/wp-content\/uploads\/sites\/25\/2023\/07\/CM_Liste_de_fournitures_23_24.pdf\">CM_Liste_de_fournitures_23_24<\/a><\/p>\n<p><a href=\"http:\/\/ee.mlfmonde.org\/zalau-michelin\/wp-content\/uploads\/sites\/25\/2023\/07\/6e_Liste_de_fournitures_23_24.pdf\">6e_Liste_de_fournitures_23_24<\/a><\/p>\n<p><a href=\"http:\/\/ee.mlfmonde.org\/zalau-michelin\/wp-content\/uploads\/sites\/25\/2023\/07\/5e_Liste_de_fournitures_23_24.pdf\">5e_Liste_de_fournitures_23_24<\/a><\/p>\n<p><a href=\"http:\/\/ee.mlfmonde.org\/zalau-michelin\/wp-content\/uploads\/sites\/25\/2023\/07\/4e_Liste_de_fournitures_23_24.pdf\">4e_Liste_de_fournitures_23_24<\/a><\/p>\n","protected":false},"excerpt":{"rendered":"<p>Vous trouverez aux liens suivants les\u00a0listes\u00a0de\u00a0fournitures\u00a0scolaires\u00a0que vos enfants devront\u00a0si possible\u00a0poss\u00e9der \u00e0 la rentr\u00e9e d\u2019ao\u00fbt 2023. Nous vous remercions par avance d\u2019y accorder la plus grande importance. Pour un \u00e9l\u00e8ve, disposer du bon mat\u00e9riel, c\u2019est se donner toutes les chances de bien commencer son ann\u00e9e scolaire ! CP-CE_Liste_de_fournitures_23_24 CM_Liste_de_fournitures_23_24 6e_Liste_de_fournitures_23_24 5e_Liste_de_fournitures_23_24 4e_Liste_de_fournitures_23_24<\/p>\n","protected":false},"author":155,"featured_media":0,"parent":0,"menu_order":0,"comment_status":"closed","ping_status":"closed","template":"","meta":{"_acf_changed":false,"footnotes":""},"class_list":["post-535","page","type-page","status-publish","czr-hentry"],"acf":[],"_links":{"self":[{"href":"https:\/\/ee.mlfmonde.org\/zalau-michelin\/wp-json\/wp\/v2\/pages\/535","targetHints":{"allow":["GET"]}}],"collection":[{"href":"https:\/\/ee.mlfmonde.org\/zalau-michelin\/wp-json\/wp\/v2\/pages"}],"about":[{"href":"https:\/\/ee.mlfmonde.org\/zalau-michelin\/wp-json\/wp\/v2\/types\/page"}],"author":[{"embeddable":true,"href":"https:\/\/ee.mlfmonde.org\/zalau-michelin\/wp-json\/wp\/v2\/users\/155"}],"replies":[{"embeddable":true,"href":"https:\/\/ee.mlfmonde.org\/zalau-michelin\/wp-json\/wp\/v2\/comments?post=535"}],"version-history":[{"count":9,"href":"https:\/\/ee.mlfmonde.org\/zalau-michelin\/wp-json\/wp\/v2\/pages\/535\/revisions"}],"predecessor-version":[{"id":2440,"href":"https:\/\/ee.mlfmonde.org\/zalau-michelin\/wp-json\/wp\/v2\/pages\/535\/revisions\/2440"}],"wp:attachment":[{"href":"https:\/\/ee.mlfmonde.org\/zalau-michelin\/wp-json\/wp\/v2\/media?parent=535"}],"curies":[{"name":"wp","href":"https:\/\/api.w.org\/{rel}","templated":true}]}}