{"id":52,"date":"2020-10-10T11:21:23","date_gmt":"2020-10-10T11:21:23","guid":{"rendered":"http:\/\/ee.mlfmonde.org\/zalau-michelin\/?page_id=52"},"modified":"2023-09-15T07:59:35","modified_gmt":"2023-09-15T07:59:35","slug":"equipe-pedagogique","status":"publish","type":"page","link":"https:\/\/ee.mlfmonde.org\/zalau-michelin\/equipe-pedagogique\/","title":{"rendered":"Equipe p\u00e9dagogique"},"content":{"rendered":"<p>Au cours de l&rsquo;ann\u00e9e 2023-24, deux professeurs des \u00e9coles sont d\u00e9tach\u00e9s aupr\u00e8s de la <em>Mission la\u00efque fran\u00e7aise<\/em> pour intervenir \u00e0 l&rsquo;\u00e9cole :<\/p>\n<p>&#8211; S\u00e9bastien Spaeth assure la direction de l&rsquo;\u00e9tablissement. Il a en charge les \u00e9l\u00e8ves de CP, de CE1 et de CE2. Il est aussi responsable du suivi des cours du Cned des coll\u00e9giens en fran\u00e7ais, en musique et en histoire-g\u00e9ographie-\u00e9ducation morale et civique.<\/p>\n<p>&#8211; Sophie Lafon a en charge les \u00e9l\u00e8ves de CM1 et de CM2. Elle assure par ailleurs le suivi des cours du Cned des coll\u00e9giens en math\u00e9matiques, en sciences (physique-chimie, sciences de la vie et de la terre, technologie) et en arts plastiques. Elle coordonne enfin les cours de langue (roumain, anglais, espagnol).<\/p>\n<p>Les cours de langue sont dispens\u00e9s par des professeurs recrut\u00e9s localement :<\/p>\n<p>&#8211; Meda Diaconita assure les cours d&rsquo;anglais des \u00e9l\u00e8ves de CP-CE. Elle est par ailleurs charg\u00e9e des temps de surveillance \/ garderie (durant la pause m\u00e9ridienne et apr\u00e8s la classe).<\/p>\n<p>&#8211; Laure Gudea assure les cours d&rsquo;anglais des \u00e9l\u00e8ves de CM et des coll\u00e9giens.<\/p>\n<p>&#8211; Romina Ardelean, assure les cours de roumain (en CM) et d&rsquo;espagnol (au secondaire).<\/p>\n<p>Les \u00e9l\u00e8ves sont parfois int\u00e9gr\u00e9s dans des classes roumaines (tous en sport, certains en arts&#8230;). Les situations sont \u00e9tablies au cas par cas, en fonction des attentes des familles et des comp\u00e9tences des \u00e9l\u00e8ves en langue roumaine.<\/p>\n","protected":false},"excerpt":{"rendered":"<p>Au cours de l&rsquo;ann\u00e9e 2023-24, deux professeurs des \u00e9coles sont d\u00e9tach\u00e9s aupr\u00e8s de la Mission la\u00efque fran\u00e7aise pour intervenir \u00e0 l&rsquo;\u00e9cole : &#8211; S\u00e9bastien Spaeth assure la direction de l&rsquo;\u00e9tablissement. Il a en charge les \u00e9l\u00e8ves de CP, de CE1 et de CE2. Il est aussi responsable du suivi des cours du Cned des coll\u00e9giens [&hellip;]<\/p>\n","protected":false},"author":155,"featured_media":0,"parent":0,"menu_order":0,"comment_status":"closed","ping_status":"closed","template":"","meta":{"_acf_changed":false,"footnotes":""},"class_list":["post-52","page","type-page","status-publish","czr-hentry"],"acf":[],"_links":{"self":[{"href":"https:\/\/ee.mlfmonde.org\/zalau-michelin\/wp-json\/wp\/v2\/pages\/52","targetHints":{"allow":["GET"]}}],"collection":[{"href":"https:\/\/ee.mlfmonde.org\/zalau-michelin\/wp-json\/wp\/v2\/pages"}],"about":[{"href":"https:\/\/ee.mlfmonde.org\/zalau-michelin\/wp-json\/wp\/v2\/types\/page"}],"author":[{"embeddable":true,"href":"https:\/\/ee.mlfmonde.org\/zalau-michelin\/wp-json\/wp\/v2\/users\/155"}],"replies":[{"embeddable":true,"href":"https:\/\/ee.mlfmonde.org\/zalau-michelin\/wp-json\/wp\/v2\/comments?post=52"}],"version-history":[{"count":13,"href":"https:\/\/ee.mlfmonde.org\/zalau-michelin\/wp-json\/wp\/v2\/pages\/52\/revisions"}],"predecessor-version":[{"id":2456,"href":"https:\/\/ee.mlfmonde.org\/zalau-michelin\/wp-json\/wp\/v2\/pages\/52\/revisions\/2456"}],"wp:attachment":[{"href":"https:\/\/ee.mlfmonde.org\/zalau-michelin\/wp-json\/wp\/v2\/media?parent=52"}],"curies":[{"name":"wp","href":"https:\/\/api.w.org\/{rel}","templated":true}]}}