{"id":13,"date":"2020-10-07T12:03:24","date_gmt":"2020-10-07T12:03:24","guid":{"rendered":"http:\/\/ee.mlfmonde.org\/zalau-michelin\/?page_id=13"},"modified":"2022-06-04T13:56:59","modified_gmt":"2022-06-04T13:56:59","slug":"localisation","status":"publish","type":"page","link":"https:\/\/ee.mlfmonde.org\/zalau-michelin\/localisation\/","title":{"rendered":"Localisation"},"content":{"rendered":"<p>L&rsquo;\u00e9cole fran\u00e7aise MLF-Michelin de Zal\u0103u est accueillie par le Liceul de Arta Ioan Sima.<\/p>\n[gmap address=\u00a0\u00bbzalau alea torentului 9&Prime;]\n<p>La ville de Zal\u0103u est le chef-lieu du comt\u00e9 de S\u0103laj, situ\u00e9 au nord-ouest de la Roumanie.<\/p>\n<p>&nbsp;<\/p>\n","protected":false},"excerpt":{"rendered":"<p>L&rsquo;\u00e9cole fran\u00e7aise MLF-Michelin de Zal\u0103u est accueillie par le Liceul de Arta Ioan Sima. [gmap address=\u00a0\u00bbzalau alea torentului 9&Prime;] La ville de Zal\u0103u est le chef-lieu du comt\u00e9 de S\u0103laj, situ\u00e9 au nord-ouest de la Roumanie. &nbsp;<\/p>\n","protected":false},"author":1,"featured_media":0,"parent":0,"menu_order":0,"comment_status":"closed","ping_status":"closed","template":"","meta":{"_acf_changed":false,"footnotes":""},"class_list":["post-13","page","type-page","status-publish","czr-hentry"],"acf":[],"_links":{"self":[{"href":"https:\/\/ee.mlfmonde.org\/zalau-michelin\/wp-json\/wp\/v2\/pages\/13","targetHints":{"allow":["GET"]}}],"collection":[{"href":"https:\/\/ee.mlfmonde.org\/zalau-michelin\/wp-json\/wp\/v2\/pages"}],"about":[{"href":"https:\/\/ee.mlfmonde.org\/zalau-michelin\/wp-json\/wp\/v2\/types\/page"}],"author":[{"embeddable":true,"href":"https:\/\/ee.mlfmonde.org\/zalau-michelin\/wp-json\/wp\/v2\/users\/1"}],"replies":[{"embeddable":true,"href":"https:\/\/ee.mlfmonde.org\/zalau-michelin\/wp-json\/wp\/v2\/comments?post=13"}],"version-history":[{"count":6,"href":"https:\/\/ee.mlfmonde.org\/zalau-michelin\/wp-json\/wp\/v2\/pages\/13\/revisions"}],"predecessor-version":[{"id":1534,"href":"https:\/\/ee.mlfmonde.org\/zalau-michelin\/wp-json\/wp\/v2\/pages\/13\/revisions\/1534"}],"wp:attachment":[{"href":"https:\/\/ee.mlfmonde.org\/zalau-michelin\/wp-json\/wp\/v2\/media?parent=13"}],"curies":[{"name":"wp","href":"https:\/\/api.w.org\/{rel}","templated":true}]}}