{"id":1159,"date":"2022-03-02T12:43:00","date_gmt":"2022-03-02T12:43:00","guid":{"rendered":"http:\/\/ee.mlfmonde.org\/zalau-michelin\/?page_id=1159"},"modified":"2024-06-20T14:14:50","modified_gmt":"2024-06-20T14:14:50","slug":"menus-de-la-cantine","status":"publish","type":"page","link":"https:\/\/ee.mlfmonde.org\/zalau-michelin\/menus-de-la-cantine\/","title":{"rendered":"Menus de la cantine"},"content":{"rendered":"<p><strong>Menus de la semaine du 24 juin.<\/strong><br \/>\n<em>Lundi est un jour f\u00e9ri\u00e9<\/em><br \/>\n<em>Mardi :<\/em>\u00a0Ailes de poulet au four &#8211; Po\u00eal\u00e9e de petits pois (Menu B)<br \/>\n<em>Jeudi :<\/em>\u00a0Brochettes de porc &#8211; Po\u00eal\u00e9e de l\u00e9gumes (Menu Premium)<br \/>\n<em>Vendredi :<\/em>\u00a0Ribs de porc &#8211; Pommes de terre (Menu Premium)<\/p>\n<p><strong>Menus de la semaine du 17 juin.<\/strong><br \/>\n<em>Lundi :<\/em>\u00a0Escalope de poulet aux l\u00e9gumes &#8211; P\u00e2tes \u00e0 la tomate (Menu B)<br \/>\n<em>Mardi :<\/em>\u00a0Filet mignon de porc &#8211; Pommes de terre au fromage (Menu Premium)<br \/>\n<em>Jeudi :<\/em>\u00a0Saut\u00e9 de porc, sauce tsigane &#8211; Pommes de terre (Menu A)<br \/>\n<em>Vendredi :<\/em>\u00a0 Repas tir\u00e9 du sac (Randonn\u00e9e \u00e0 Porolissum)<\/p>\n<p><strong>Menus de la semaine du 10 juin.<\/strong><br \/>\n<em>Lundi :<\/em>\u00a0Poulet aux l\u00e9gumes &#8211; Vermicelles saut\u00e9s (Menu B)<br \/>\n<em>Mardi :<\/em>\u00a0\u00ab\u00a0Mici\u00a0\u00bb \u00e0 la moutarde &#8211; Pommes de terre (Menu A)<br \/>\n<em>Jeudi :<\/em>\u00a0Chili Sin Carne du chef Gabriel (Menu Veg)<br \/>\n<em>Vendredi :<\/em>\u00a0 Ailes de poulet pan\u00e9es &#8211; Riz au curry (Menu B)<\/p>\n<p><strong>Menus de la semaine du 3 juin.<\/strong><br \/>\n<em>Lundi :<\/em>\u00a0Porc \u00e0 la sauce tch\u00e9coslovaque &#8211; Riz aux l\u00e9gumes (Menu A)<br \/>\n<em>Mardi :<\/em>\u00a0Escalope de poulet &#8211; P\u00e2tes aux herbes (Menu B)<br \/>\n<em>Jeudi :<\/em>\u00a0Spaghetti aux champignons- Sauce b\u00e9chamel (Menu Veg)<br \/>\n<em>Vendredi :<\/em>\u00a0 Poisson rissol\u00e9 &#8211; Riz pilaf (Menu B)<\/p>\n<p><strong>Menus de la semaine du 27 mai.<\/strong><br \/>\n<em>Lundi :<\/em>\u00a0Fricass\u00e9e de porc &#8211; Riz (Menu A)<br \/>\n<em>Mardi :<\/em>\u00a0Hamburger de boeuf, frites (Menu Premium)<br \/>\n<em>Jeudi :<\/em>\u00a0Poulet au curry &#8211; Riz pilaf (Menu B)<br \/>\n<em>Vendredi :<\/em>\u00a0 Rago\u00fbt de poulet au paprika &#8211; P\u00e2tes au beurre (Menu B)<\/p>\n<p><strong>Menus de la semaine du 20 mai.<\/strong><br \/>\n<em>Lundi :<\/em> Porc, sauce aux l\u00e9gumes &#8211; Riz pilaf (Menu A)<br \/>\n<em>Mardi :<\/em> \u00a0Filet de truite, sauce beurre citron &#8211; Riz basmati et carottes (Menu Premium)<br \/>\n<em>Jeudi :<\/em>\u00a0Filet mignon, sauce au poivre &#8211; Pur\u00e9e de pommes de terre, brocolis (Menu Premium)<br \/>\n<em>Vendredi :<\/em>\u00a0 Escalope de poulet &#8211; P\u00e2tes \u00e0 la tomate (Menu B)<\/p>\n<p><strong>Menus de la semaine du 13 mai.<\/strong><br \/>\n<em>Lundi :<\/em> P\u00e2tes \u00e0 la Carbonara (Menu Premium)<br \/>\n<em>Mardi :<\/em> \u00a0Boulettes au poulet &#8211; Pur\u00e9e (Menu B)<br \/>\n<em>Jeudi :<\/em>\u00a0Ailes de poulet au four &#8211; Po\u00eal\u00e9e de petits pois (Menu B)<br \/>\n<em>Vendredi :<\/em>\u00a0\u00a0Poisson frit en cro\u00fbte de ma\u00efs &#8211; Riz pilaf (Menu B)<\/p>\n<p><strong>Menus de la semaine du 22 avril.<\/strong><br \/>\n<em>Lundi :<\/em> Poulet aux l\u00e9gumes &#8211; P\u00e2tes \u00e0 la tomate (Menu B)<br \/>\n<em>Mardi :<\/em> Hamburger de boeuf, frites (Menu Premium)<br \/>\n<em>Jeudi :<\/em>\u00a0Goulasch au porc et aux pommes de terre (Menu A)<br \/>\n<em>Vendredi :<\/em>\u00a0P\u00e2tes \u00e0 la Carbonara (Menu Premium)<\/p>\n<p><strong>Menus de la semaine du 15 avril.<\/strong><br \/>\n<em>Lundi :<\/em>\u00a0Salade Hara : frites, salade iceberg, escalope de poulet, fromage pan\u00e9, sauce yaourt (Menu Premium)<br \/>\n<em>Mardi :<\/em>\u00a0Poulet aux l\u00e9gumes &#8211; Vermicelles saut\u00e9s (Menu B)<br \/>\n<em>Jeudi :<\/em>\u00a0Boulettes de porc &#8211; Pur\u00e9e (Menu A)<br \/>\n<em>Vendredi :<\/em>\u00a0Filet mignon de porc au bacon &#8211; Pommes de terre (Menu Premium)<\/p>\n<p><strong>Menus de la semaine du 8 avril.<\/strong><br \/>\n<em>Lundi :<\/em>\u00a0Spaghetti \u00e0 la bolognaise (Menu A)<br \/>\n<em>Mardi :<\/em>\u00a0C\u00f4te de porc, sauce au vin &#8211; Pommes de terre (Menu A)<br \/>\n<em>Jeudi :<\/em> Hamburger de boeuf, frites (Menu Premium)<br \/>\n<em>Vendredi :<\/em>\u00a0Escalope de poulet &#8211; Riz pilaf (Menu B)<\/p>\n<p><strong>Menus de la semaine du 1er avril.<\/strong><br \/>\n<em>Lundi :<\/em>\u00a0Salade avec escalope de dinde et parmesan (Menu Premium)<br \/>\n<em>Mardi :<\/em> Filet de saumon &#8211; Riz basmati et carottes (Menu Premium)<br \/>\n<em>Jeudi :<\/em>\u00a0Escalope pan\u00e9e de poulet &#8211; Pommes de terre (Menu B)<br \/>\n<em>Vendredi :<\/em> Babgulyas Goulash de porc (Menu A)<\/p>\n<p><strong>Menus de la semaine du 25 mars.<\/strong><br \/>\n<em>Lundi :<\/em>\u00a0Poisson pan\u00e9 &#8211; Riz pilaf (Menu B)<br \/>\n<em>Mardi :<\/em>\u00a0Porc saut\u00e9 &#8211; P\u00e2tes \u00e0 la tomate (Menu A)<br \/>\n<em>Jeudi :<\/em> Hamburger de boeuf, frites (Menu Premium)<br \/>\n<em>Vendredi :<\/em> Ailes de poulet pan\u00e9es -cus cus mozaic (Menu B)<\/p>\n<p><strong>Menus de la semaine du 18 mars.<\/strong><br \/>\n<em>Lundi :<\/em> Filet de saumon, sauce hollandaise &#8211; Riz basmati et carottes (Menu Premium)<br \/>\n<em>Mardi :<\/em> Ailes de poulet pan\u00e9es &#8211; Pommes de terre nature (Menu B)<br \/>\n<em>Jeudi :<\/em> Spaghetti \u00e0 la carbonara (Menu Premium)<br \/>\n<em>Vendredi :<\/em> Po\u00eal\u00e9e de riz aux l\u00e9gumes (Menu Veg)<\/p>\n<p><strong>Menus de la semaine du 11 mars.<\/strong><br \/>\n<em>Lundi :<\/em> Cuisses de poulet aux l\u00e9gumes (Menu B)<br \/>\n<em>Mardi :<\/em> Tortellinis \u00e0 la ricotta et aux \u00e9pinards (Menu Veg)<br \/>\n<em>Jeudi :<\/em> Hamburger de boeuf, frites (Menu Premium)<br \/>\n<em>Vendredi :<\/em> Repas tir\u00e9 du sac (Sortie \u00e0 Salina Turda et Cluj-Napoca)<\/p>\n<p><strong>Menus de la semaine du 19 f\u00e9vrier.<\/strong><br \/>\n<em>Lundi :<\/em> Spaghettis au poulet et aux champignons (Menu B)<br \/>\n<em>Mardi :<\/em> Filet de saumon, riz basmati et brocolis (Menu Premium)<br \/>\n<em>Jeudi :<\/em> Hamburger de boeuf, frites (Menu Premium)<br \/>\n<em>Vendredi :<\/em> \u00ab\u00a0Demi poulet\u00a0\u00bb, pommes de terre saut\u00e9es (Menu Premium)<\/p>\n<p><strong>Menus de la semaine du 12 f\u00e9vrier.<\/strong><br \/>\n<em>Lundi :<\/em> Salade Hara : frites, salade, poulet, fromage, sauce yaourt (Menu Premium)<br \/>\n<em>Mardi :<\/em> Mici (viande de boeuf) \u00e0 la moutarde, pommes de terre saut\u00e9es (Menu A)<br \/>\n<em>Jeudi :<\/em> Escalope viennoise (poulet) &#8211; Pommes de terre \u00ab\u00a0nature\u00a0\u00bb (Menu B)<br \/>\n<em>Vendredi :<\/em> Poisson en cro\u00fbte de ma\u00efs &#8211; Riz pilaf (Menu B)<\/p>\n<p><strong>Menus de la semaine du 5 f\u00e9vrier.<\/strong><br \/>\n<em>Lundi :<\/em> Escalope de poulet, sauce tzatziki &#8211; Frites (Menu Premium)<br \/>\n<em>Mardi :<\/em> Boulettes de porc &#8211; Pur\u00e9e (Menu A)<br \/>\n<em>Jeudi :<\/em> Spaghettis, sauce b\u00e9chamel aux champignons (Menu Veg)<br \/>\n<em>Vendredi :<\/em> Lasagnes (Menu Premium)<\/p>\n<p><strong>Menus de la semaine du 29 janvier.<\/strong><br \/>\n<em>Lundi :<\/em> Ragout de poulet au paprika &#8211; P\u00e2tes au beurre (Menu B)<br \/>\n<em>Mardi :<\/em> C\u00f4tes de porc &#8211; Po\u00eal\u00e9e de choux (Menu A)<br \/>\n<em>Jeudi :<\/em> \u00ab\u00a0Tocana haiduceasca\u00a0\u00bb (porc) &#8211; P\u00e2tes au beurre (Menu A)<br \/>\n<em>Vendredi :<\/em> Ailes de poulet de style oriental &#8211; Riz au curry (Menu B)<\/p>\n<p><strong>Menus de la semaine du 22 janvier.<\/strong><br \/>\n<em>Lundi :<\/em> Fricass\u00e9e de porc, sauce chasseur &#8211; Riz pilaf (Menu A)<br \/>\n<em>Mardi :<\/em> Boulettes de porc en sauce &#8211; Pur\u00e9e de pommes de terre (Menu A)<br \/>\n<em>Jeudi :<\/em> Hamburger de boeuf &#8211; Frites (Menu Premium)<br \/>\n<em>Vendredi :<\/em> Poulet aux l\u00e9gumes, cus cus mozaic (Menu B)<\/p>\n<p><strong>Menus de la semaine du 15 janvier.<\/strong><br \/>\n<em>Lundi :<\/em> Fricass\u00e9e de porc, sauce au vin &#8211; Riz pilaf (Menu A)<br \/>\n<em>Mardi :<\/em> Escalope viennoise &#8211; Pur\u00e9e de pommes de terre (Menu B)<br \/>\n<em>Jeudi :<\/em> Mici (viande de boeuf) \u00e0 la moutarde, pommes de terre r\u00f4ties (Menu A)<br \/>\n<em>Vendredi :<\/em> Wok de poulet aux l\u00e9gumes, vermicelles frits (Menu B)<\/p>\n<p><strong>Menus de la semaine du 8 janvier.<\/strong><br \/>\n<em>Lundi :<\/em> Fricass\u00e9e de porc, sauce chasseur &#8211; Riz serbe (Menu A)<br \/>\n<em>Mardi :<\/em> Pilons de poulet pan\u00e9s en sauce &#8211; Cus cus mozaic (Menu B)<br \/>\n<em>Jeudi :<\/em> Hamburger de boeuf &#8211; Frites (Menu Premium)<br \/>\n<em>Vendredi :<\/em> Poisson en cro\u00fbte de ma\u00efs &#8211; Riz pilaf (Menu B)<\/p>\n<p><strong>Menus de la semaine du 18 d\u00e9cembre.<\/strong><br \/>\n<em>Lundi :<\/em> Fricass\u00e9e de porc, sauce chasseur &#8211; Riz (Menu A)<br \/>\n<em>Mardi :<\/em> Spaghetti aux l\u00e9gumes (Menu v\u00e9g\u00e9tarien)<\/p>\n<p><strong>Menus de la semaine du 11 d\u00e9cembre.<\/strong><br \/>\n<em>Lundi :<\/em> Shaorma &#8211; Sorte de kebab au poulet \u00e0 l&rsquo;assiette (Menu Premium)<br \/>\n<em>Mardi :<\/em> Steak de porc, pommes de terre natures (Menu A)<br \/>\n<em>Jeudi :<\/em> Hamburger de boeuf, frites (Menu Premium)<br \/>\n<em>Vendredi :<\/em> Spaghetti \u00e0 la carbonara (Menu Premium)<\/p>\n<p><strong>Menus de la semaine du 4 d\u00e9cembre.<\/strong><br \/>\n<em>Lundi :<\/em> Fromage pan\u00e9, frites (Menu Premium)<br \/>\n<em>Mardi :<\/em> Rago\u00fbt de porc, p\u00e2tes \u00e0 la tomate (Menu A)<br \/>\n<em>Jeudi :<\/em> Spaghetti \u00e0 la bolognaise (Menu A)<br \/>\n<em>Vendredi :<\/em> Escalope de poulet pan\u00e9e, cus cus mozaic (Menu B)<\/p>\n<p><strong>Menus de la semaine du 27 novembre.<\/strong><br \/>\n<em>Lundi :<\/em> Wok de poulet aux l\u00e9gumes, vermicelles saut\u00e9s (Menu B)<br \/>\n<em>Mardi :<\/em> Porc \u00ab\u00a0\u00e0 la tsigane\u00a0\u00bb &#8211; Pommes de terre (Menu Premium)<\/p>\n<p><strong>Menus de la semaine du 20 novembre.<\/strong><br \/>\n<em>Lundi :<\/em> Fricass\u00e9e de porc, sauce chasseur &#8211; Cus cus mozaic (Menu A)<br \/>\n<em>Mardi :<\/em> Poisson au four &#8211; Riz aux l\u00e9gumes (Menu B)<br \/>\n<em>Jeudi :<\/em> Hamburger de boeuf, frites (Menu Premium)<br \/>\n<em>Vendredi :<\/em> Ailes de poulet pan\u00e9es &#8211; Riz au curry (Menu B)<\/p>\n<p><strong>Menus de la semaine du 13 novembre.<\/strong><br \/>\n<em>Lundi :<\/em> Sorte de kebab au poulet \u00e0 l&rsquo;assiette (Menu Premium)<br \/>\n<em>Mardi :<\/em> Ailes de poulet au four &#8211; P\u00e2tes avec une sauce \u00e0 la cr\u00e8me (Menu B)<br \/>\n<em>Jeudi :<\/em> Boulettes de porc marin\u00e9, pur\u00e9e de pommes de terre (Menu A)<br \/>\n<em>Vendredi :<\/em> Escalope de dinde gratin\u00e9e, pur\u00e9e de pommes de terre, brocolis et carottes (Menu Premium)<\/p>\n<p><strong>Menus de la semaine du 6 novembre.<\/strong><br \/>\n<em>Lundi :<\/em> Rago\u00fbt de porc &#8211; Cus cus mozaic (Menu A)<br \/>\n<em>Mardi :<\/em> Spaghetti au poulet et aux champignons (Menu B)<br \/>\n<em>Jeudi :<\/em> Steak hach\u00e9 de porc, pommes de terre saut\u00e9es (Menu A)<br \/>\n<em>Vendredi :<\/em> Hamburger de boeuf, frites (Menu Premium)<\/p>\n<p><strong>Menus de la semaine du 16 octobre.<\/strong><br \/>\n<em>Lundi :<\/em> R\u00f4ti de porc \u00e0 la tch\u00e9coslovaque &#8211; Cus cus mozaic (Menu A)<br \/>\n<em>Mardi :<\/em> Courgettes et aubergines \u00e0 la grecque (Menu v\u00e9g\u00e9tarien)<br \/>\n<em>Jeudi :<\/em> Ailes de poulet au four &#8211; P\u00e2tes avec une sauce \u00e0 la cr\u00e8me (Menu B)<br \/>\n<em>Vendredi :<\/em> Tagliatelles au saumon (Menu Premium)<\/p>\n<p><strong>Menus de la semaine du 9 octobre.<\/strong><br \/>\n<em>Lundi :<\/em> Tagliatelles au saumon (Menu Premium)<br \/>\n<em>Mardi :<\/em> Boulettes de porc marin\u00e9, pur\u00e9e de pommes de terre (Menu A)<br \/>\n<em>Jeudi :<\/em> Hamburger de boeuf, frites (Menu Premium)<br \/>\n<em>Vendredi :<\/em> Lasagnes (Menu Premium)<\/p>\n<p><strong>Menus de la semaine du 2 octobre.<\/strong><br \/>\n<em>(Il n&rsquo;y a pas d&rsquo;\u00e9cole jeudi et vendredi, conform\u00e9ment au calendrier scolaire)<\/em><br \/>\n<em>Lundi :<\/em> Shaorma &#8211; Sorte de kebab au poulet \u00e0 l&rsquo;assiette (Menu Premium)<br \/>\n<em>Mardi :<\/em> Mici (viande de boeuf) \u00e0 la moutarde, pommes de terre r\u00f4ties (Menu A)<\/p>\n<p><strong>Menus de la semaine du 25 septembre.<\/strong><br \/>\n<em>Lundi :<\/em> Wok de poulet aux l\u00e9gumes, vermicelles frits (Menu B)<br \/>\n<em>Mardi :<\/em> Boulettes de porc marin\u00e9, pur\u00e9e de pommes de terre (Menu A)<br \/>\n<em>Jeudi :<\/em> Hamburger de boeuf, frites (Menu Premium)<br \/>\n<em>Vendredi :<\/em> Tagliatelles au saumon (Menu Premium)<\/p>\n<p><strong>Menus de la semaine du 18 septembre.<\/strong><br \/>\n<em>Lundi :<\/em> Cuisse de poulet avec sauce aromatis\u00e9e &#8211; P\u00e2tes au beurre (Menu B)<br \/>\n<em>Mardi :<\/em> C\u00f4te de porc avec sauce \u00ab\u00a0Dijon\u00a0\u00bb &#8211; Pommes de terre et l\u00e9gumes au four (Menu Premium)<br \/>\n<em>Jeudi :<\/em> Feuillet\u00e9 d&rsquo;\u00e9pinards \u00e0 la feta (Menu v\u00e9g\u00e9tarien)<br \/>\n<em>Vendredi :<\/em> Cuisses de poulet aux l\u00e9gumes &#8211; Cus cus mozaic (Menu B)<\/p>\n<p><strong>Menus de la semaine du 11 septembre.<\/strong><br \/>\nMenus Premium lundi, mardi, jeudi et vendredi<br \/>\n<img fetchpriority=\"high\" decoding=\"async\" class=\"alignnone size-medium wp-image-2442\" src=\"http:\/\/ee.mlfmonde.org\/zalau-michelin\/wp-content\/uploads\/sites\/25\/2023\/09\/0.-Menu-semaine-du-11-sepr-169x300.jpeg\" alt=\"\" width=\"169\" height=\"300\" srcset=\"https:\/\/ee.mlfmonde.org\/zalau-michelin\/wp-content\/uploads\/sites\/25\/2023\/09\/0.-Menu-semaine-du-11-sepr-169x300.jpeg 169w, https:\/\/ee.mlfmonde.org\/zalau-michelin\/wp-content\/uploads\/sites\/25\/2023\/09\/0.-Menu-semaine-du-11-sepr-84x150.jpeg 84w, https:\/\/ee.mlfmonde.org\/zalau-michelin\/wp-content\/uploads\/sites\/25\/2023\/09\/0.-Menu-semaine-du-11-sepr-768x1366.jpeg 768w, https:\/\/ee.mlfmonde.org\/zalau-michelin\/wp-content\/uploads\/sites\/25\/2023\/09\/0.-Menu-semaine-du-11-sepr-576x1024.jpeg 576w, https:\/\/ee.mlfmonde.org\/zalau-michelin\/wp-content\/uploads\/sites\/25\/2023\/09\/0.-Menu-semaine-du-11-sepr-570x1014.jpeg 570w, https:\/\/ee.mlfmonde.org\/zalau-michelin\/wp-content\/uploads\/sites\/25\/2023\/09\/0.-Menu-semaine-du-11-sepr.jpeg 899w\" sizes=\"(max-width: 169px) 100vw, 169px\" \/><\/p>\n","protected":false},"excerpt":{"rendered":"<p>Menus de la semaine du 24 juin. Lundi est un jour f\u00e9ri\u00e9 Mardi :\u00a0Ailes de poulet au four &#8211; Po\u00eal\u00e9e de petits pois (Menu B) Jeudi :\u00a0Brochettes de porc &#8211; Po\u00eal\u00e9e de l\u00e9gumes (Menu Premium) Vendredi :\u00a0Ribs de porc &#8211; Pommes de terre (Menu Premium) Menus de la semaine du 17 juin. Lundi :\u00a0Escalope de [&hellip;]<\/p>\n","protected":false},"author":155,"featured_media":0,"parent":0,"menu_order":0,"comment_status":"closed","ping_status":"closed","template":"","meta":{"_acf_changed":false,"footnotes":""},"class_list":["post-1159","page","type-page","status-publish","czr-hentry"],"acf":[],"_links":{"self":[{"href":"https:\/\/ee.mlfmonde.org\/zalau-michelin\/wp-json\/wp\/v2\/pages\/1159","targetHints":{"allow":["GET"]}}],"collection":[{"href":"https:\/\/ee.mlfmonde.org\/zalau-michelin\/wp-json\/wp\/v2\/pages"}],"about":[{"href":"https:\/\/ee.mlfmonde.org\/zalau-michelin\/wp-json\/wp\/v2\/types\/page"}],"author":[{"embeddable":true,"href":"https:\/\/ee.mlfmonde.org\/zalau-michelin\/wp-json\/wp\/v2\/users\/155"}],"replies":[{"embeddable":true,"href":"https:\/\/ee.mlfmonde.org\/zalau-michelin\/wp-json\/wp\/v2\/comments?post=1159"}],"version-history":[{"count":104,"href":"https:\/\/ee.mlfmonde.org\/zalau-michelin\/wp-json\/wp\/v2\/pages\/1159\/revisions"}],"predecessor-version":[{"id":2712,"href":"https:\/\/ee.mlfmonde.org\/zalau-michelin\/wp-json\/wp\/v2\/pages\/1159\/revisions\/2712"}],"wp:attachment":[{"href":"https:\/\/ee.mlfmonde.org\/zalau-michelin\/wp-json\/wp\/v2\/media?parent=1159"}],"curies":[{"name":"wp","href":"https:\/\/api.w.org\/{rel}","templated":true}]}}