{"id":966,"date":"2018-06-28T03:23:31","date_gmt":"2018-06-27T19:23:31","guid":{"rendered":"http:\/\/ee.mlfmonde.org\/wuhan-renault\/?page_id=966"},"modified":"2019-06-11T10:53:25","modified_gmt":"2019-06-11T02:53:25","slug":"fournitures-scolaires","status":"publish","type":"page","link":"https:\/\/ee.mlfmonde.org\/wuhan-renault\/fournitures-scolaires\/","title":{"rendered":"Fournitures scolaires"},"content":{"rendered":"<p>Cliquez sur le lien ci-dessous pour t\u00e9l\u00e9charger, en format PDF, la liste de fournitures pour l\u2019ann\u00e9e scolaire 2019-2020 :<\/p>\n<p><a href=\"http:\/\/ee.mlfmonde.org\/wuhan-renault\/wp-content\/uploads\/sites\/12\/2019\/05\/Fournitures-scolaires-\u00e0-pr\u00e9voir-\u00e0-la-rentr\u00e9e-2019-2020.pdf\">Fournitures scolaires \u00e0 pr\u00e9voir \u00e0 la rentr\u00e9e 2019-2020<\/a><\/p>\n<div class=\"su-document su-u-responsive-media-yes\"><iframe src=\"\/\/docs.google.com\/viewer?embedded=true&url=http:\/\/ee.mlfmonde.org\/wuhan-renault\/wp-content\/uploads\/sites\/12\/2019\/05\/Fournitures-scolaires-\u00e0-pr\u00e9voir-\u00e0-la-rentr\u00e9e-2019-2020.pdf\" width=\"600\" height=\"800\" class=\"su-document\" title=\"\"><\/iframe><\/div>\n","protected":false},"excerpt":{"rendered":"<p>Cliquez sur le lien ci-dessous pour t\u00e9l\u00e9charger, en format PDF, la liste de fournitures pour l\u2019ann\u00e9e scolaire 2019-2020 : Fournitures scolaires \u00e0 pr\u00e9voir \u00e0 la rentr\u00e9e 2019-2020<\/p>\n","protected":false},"author":82,"featured_media":1198,"parent":0,"menu_order":0,"comment_status":"closed","ping_status":"closed","template":"","meta":{"_acf_changed":false,"footnotes":""},"class_list":["post-966","page","type-page","status-publish","has-post-thumbnail","czr-hentry"],"acf":[],"_links":{"self":[{"href":"https:\/\/ee.mlfmonde.org\/wuhan-renault\/wp-json\/wp\/v2\/pages\/966","targetHints":{"allow":["GET"]}}],"collection":[{"href":"https:\/\/ee.mlfmonde.org\/wuhan-renault\/wp-json\/wp\/v2\/pages"}],"about":[{"href":"https:\/\/ee.mlfmonde.org\/wuhan-renault\/wp-json\/wp\/v2\/types\/page"}],"author":[{"embeddable":true,"href":"https:\/\/ee.mlfmonde.org\/wuhan-renault\/wp-json\/wp\/v2\/users\/82"}],"replies":[{"embeddable":true,"href":"https:\/\/ee.mlfmonde.org\/wuhan-renault\/wp-json\/wp\/v2\/comments?post=966"}],"version-history":[{"count":6,"href":"https:\/\/ee.mlfmonde.org\/wuhan-renault\/wp-json\/wp\/v2\/pages\/966\/revisions"}],"predecessor-version":[{"id":1200,"href":"https:\/\/ee.mlfmonde.org\/wuhan-renault\/wp-json\/wp\/v2\/pages\/966\/revisions\/1200"}],"wp:featuredmedia":[{"embeddable":true,"href":"https:\/\/ee.mlfmonde.org\/wuhan-renault\/wp-json\/wp\/v2\/media\/1198"}],"wp:attachment":[{"href":"https:\/\/ee.mlfmonde.org\/wuhan-renault\/wp-json\/wp\/v2\/media?parent=966"}],"curies":[{"name":"wp","href":"https:\/\/api.w.org\/{rel}","templated":true}]}}