{"id":1168,"date":"2019-04-12T11:13:20","date_gmt":"2019-04-12T03:13:20","guid":{"rendered":"http:\/\/ee.mlfmonde.org\/wuhan-renault\/?page_id=1168"},"modified":"2019-06-11T10:43:46","modified_gmt":"2019-06-11T02:43:46","slug":"calendrier-2019-2020","status":"publish","type":"page","link":"https:\/\/ee.mlfmonde.org\/wuhan-renault\/calendrier-2019-2020\/","title":{"rendered":"Calendrier 2019-2020"},"content":{"rendered":"<p>Le calendrier de la WYIS pour l&rsquo;ann\u00e9e scolaire 2019-2020 \u00e0 t\u00e9l\u00e9charger ici :<br \/>\n<a href=\"http:\/\/ee.mlfmonde.org\/wuhan-renault\/wp-content\/uploads\/sites\/12\/2019\/04\/CalendarWYIS2019-20.pdf\">CalendarWYIS2019-20<\/a><br \/>\n<div class=\"su-document su-u-responsive-media-yes\"><iframe src=\"\/\/docs.google.com\/viewer?embedded=true&url=http:\/\/ee.mlfmonde.org\/wuhan-renault\/wp-content\/uploads\/sites\/12\/2019\/04\/CalendarWYIS2019-20.pdf\" width=\"600\" height=\"800\" class=\"su-document\" title=\"\"><\/iframe><\/div>\n","protected":false},"excerpt":{"rendered":"<p>Le calendrier de la WYIS pour l&rsquo;ann\u00e9e scolaire 2019-2020 \u00e0 t\u00e9l\u00e9charger ici : CalendarWYIS2019-20<\/p>\n","protected":false},"author":82,"featured_media":0,"parent":0,"menu_order":0,"comment_status":"closed","ping_status":"closed","template":"","meta":{"_acf_changed":false,"footnotes":""},"class_list":["post-1168","page","type-page","status-publish","czr-hentry"],"acf":[],"_links":{"self":[{"href":"https:\/\/ee.mlfmonde.org\/wuhan-renault\/wp-json\/wp\/v2\/pages\/1168","targetHints":{"allow":["GET"]}}],"collection":[{"href":"https:\/\/ee.mlfmonde.org\/wuhan-renault\/wp-json\/wp\/v2\/pages"}],"about":[{"href":"https:\/\/ee.mlfmonde.org\/wuhan-renault\/wp-json\/wp\/v2\/types\/page"}],"author":[{"embeddable":true,"href":"https:\/\/ee.mlfmonde.org\/wuhan-renault\/wp-json\/wp\/v2\/users\/82"}],"replies":[{"embeddable":true,"href":"https:\/\/ee.mlfmonde.org\/wuhan-renault\/wp-json\/wp\/v2\/comments?post=1168"}],"version-history":[{"count":3,"href":"https:\/\/ee.mlfmonde.org\/wuhan-renault\/wp-json\/wp\/v2\/pages\/1168\/revisions"}],"predecessor-version":[{"id":1172,"href":"https:\/\/ee.mlfmonde.org\/wuhan-renault\/wp-json\/wp\/v2\/pages\/1168\/revisions\/1172"}],"wp:attachment":[{"href":"https:\/\/ee.mlfmonde.org\/wuhan-renault\/wp-json\/wp\/v2\/media?parent=1168"}],"curies":[{"name":"wp","href":"https:\/\/api.w.org\/{rel}","templated":true}]}}