{"id":1149,"date":"2019-01-14T15:42:04","date_gmt":"2019-01-14T07:42:04","guid":{"rendered":"http:\/\/ee.mlfmonde.org\/wuhan-renault\/?page_id=1149"},"modified":"2019-01-14T15:42:04","modified_gmt":"2019-01-14T07:42:04","slug":"reglement-interieur","status":"publish","type":"page","link":"https:\/\/ee.mlfmonde.org\/wuhan-renault\/reglement-interieur\/","title":{"rendered":"R\u00e8glement int\u00e9rieur"},"content":{"rendered":"<p>R\u00e8glement int\u00e9rieur pour l&rsquo;ann\u00e9e 2018-2019: <a href=\"http:\/\/ee.mlfmonde.org\/wuhan-renault\/wp-content\/uploads\/sites\/12\/2019\/01\/Reglement-interieur-2018-2019-Wuhan.pdf\">Reglement interieur 2018-2019 Wuhan<\/a><\/p>\n<div class=\"su-document su-u-responsive-media-yes\"><iframe src=\"\/\/docs.google.com\/viewer?embedded=true&url=http:\/\/ee.mlfmonde.org\/wuhan-renault\/wp-content\/uploads\/sites\/12\/2019\/01\/Reglement-interieur-2018-2019-Wuhan.pdf\" width=\"600\" height=\"800\" class=\"su-document\" title=\"\"><\/iframe><\/div>\n","protected":false},"excerpt":{"rendered":"<p>R\u00e8glement int\u00e9rieur pour l&rsquo;ann\u00e9e 2018-2019: Reglement interieur 2018-2019 Wuhan<\/p>\n","protected":false},"author":82,"featured_media":0,"parent":0,"menu_order":0,"comment_status":"closed","ping_status":"closed","template":"","meta":{"_acf_changed":false,"footnotes":""},"class_list":["post-1149","page","type-page","status-publish","czr-hentry"],"acf":[],"_links":{"self":[{"href":"https:\/\/ee.mlfmonde.org\/wuhan-renault\/wp-json\/wp\/v2\/pages\/1149","targetHints":{"allow":["GET"]}}],"collection":[{"href":"https:\/\/ee.mlfmonde.org\/wuhan-renault\/wp-json\/wp\/v2\/pages"}],"about":[{"href":"https:\/\/ee.mlfmonde.org\/wuhan-renault\/wp-json\/wp\/v2\/types\/page"}],"author":[{"embeddable":true,"href":"https:\/\/ee.mlfmonde.org\/wuhan-renault\/wp-json\/wp\/v2\/users\/82"}],"replies":[{"embeddable":true,"href":"https:\/\/ee.mlfmonde.org\/wuhan-renault\/wp-json\/wp\/v2\/comments?post=1149"}],"version-history":[{"count":1,"href":"https:\/\/ee.mlfmonde.org\/wuhan-renault\/wp-json\/wp\/v2\/pages\/1149\/revisions"}],"predecessor-version":[{"id":1151,"href":"https:\/\/ee.mlfmonde.org\/wuhan-renault\/wp-json\/wp\/v2\/pages\/1149\/revisions\/1151"}],"wp:attachment":[{"href":"https:\/\/ee.mlfmonde.org\/wuhan-renault\/wp-json\/wp\/v2\/media?parent=1149"}],"curies":[{"name":"wp","href":"https:\/\/api.w.org\/{rel}","templated":true}]}}