{"id":1031,"date":"2018-09-14T14:21:01","date_gmt":"2018-09-14T06:21:01","guid":{"rendered":"http:\/\/ee.mlfmonde.org\/wuhan-renault\/?page_id=1031"},"modified":"2018-09-16T20:51:19","modified_gmt":"2018-09-16T12:51:19","slug":"mot-du-directeur","status":"publish","type":"page","link":"https:\/\/ee.mlfmonde.org\/wuhan-renault\/mot-du-directeur\/","title":{"rendered":"Mot du directeur"},"content":{"rendered":"<p>Chers parents, chers \u00e9l\u00e8ves,<\/p>\n<p>L&rsquo;\u00e9tablissement Renault China Wuhan (RCW) de la Mission La\u00efque Fran\u00e7aise (MLF) est int\u00e9gr\u00e9 dans les locaux de l&rsquo;\u00e9cole am\u00e9ricaine Wuhan Yangtze International School (WYIS). La RCW-MLF est un syst\u00e8me hybride avec des enseignements en fran\u00e7ais et en anglais, et subventionn\u00e9e par l&rsquo;entreprise RENAULT.<br \/>\nL&rsquo;\u00e9tablissement RCW-MLF est ouvert depuis 2013 et accueille les \u00e9l\u00e8ves du cours pr\u00e9paratoire \u00e0 la terminale.<br \/>\nLes enseignants fran\u00e7ais sont titulaires de l&rsquo;Education Nationale. Les cours et devoirs sont sous couvert du CNED (Centre National de l&rsquo;Enseignement \u00e0 Distance). Les enseignements de base dispens\u00e9s en fran\u00e7ais sont le fran\u00e7ais, l&rsquo;histoire-g\u00e9ographie, l&rsquo;\u00e9ducation civique et morale, et les math\u00e9matiques. Toutes les autres disciplines telles que les langues vivantes, la technologie, l&rsquo;\u00e9ducation sportive, l&rsquo;\u00e9ducation musicale &#8230; sont dispens\u00e9es par les enseignants am\u00e9ricains et chinois de la WYIS.<\/p>\n<p>Les \u00e9l\u00e8ves sont avant tout des \u00e9l\u00e8ves de la WYIS et se doivent de respecter le r\u00e8glement int\u00e9rieur de celui-ci. Les \u00e9l\u00e8ves sont dispens\u00e9s de quelques cours, tels que l&rsquo;histoire et la g\u00e9ographie am\u00e9ricaines, pour suivre les cours en fran\u00e7ais. Des cours en anglais de la WYIS, ELD, sont dispens\u00e9s pour les \u00e9l\u00e8ves en difficult\u00e9 dans cette langue, que l&rsquo;\u00e9l\u00e8ve soit fran\u00e7ais, chinois ou d&rsquo;une autre nationalit\u00e9 dont l&rsquo;anglais n&rsquo;est pas sa langue maternelle.<\/p>\n<p>Cette int\u00e9gration dans une \u00e9cole am\u00e9ricaine permet \u00e0 chaque \u00e9l\u00e8ve d&rsquo;acqu\u00e9rir la culture am\u00e9ricaine, de d\u00e9velopper ses savoirs, des acquisitions de savoirs, d&rsquo;avoir une plus grande ouverture d&rsquo;esprit. Ce syst\u00e8me hybride, particulier, permet d&rsquo;int\u00e9grer une \u00e9cole am\u00e9ricaine sans renoncer aux bases fondamentales de l&rsquo;Education Nationale. Les faibles effectifs de chaque classe permettent un accompagnement personnalis\u00e9 de chaque \u00e9l\u00e8ve.<\/p>\n<p>Notre objectif principal au sein de la RCW-MLF est la r\u00e9ussite de chaque \u00e9l\u00e8ve, veiller \u00e0 son \u00e9panouissement, \u00e0 son enrichissement personnel, \u00e0 son d\u00e9veloppement intellectuel, culturel et sportif et une parfaite r\u00e9int\u00e9gration dans le syst\u00e8me fran\u00e7ais.<\/p>\n<p>Le directeur,<br \/>\nFranck FRESNEL<\/p>\n","protected":false},"excerpt":{"rendered":"<p>Chers parents, chers \u00e9l\u00e8ves, L&rsquo;\u00e9tablissement Renault China Wuhan (RCW) de la Mission La\u00efque Fran\u00e7aise (MLF) est int\u00e9gr\u00e9 dans les locaux de l&rsquo;\u00e9cole am\u00e9ricaine Wuhan Yangtze International School (WYIS). La RCW-MLF est un syst\u00e8me hybride avec des enseignements en fran\u00e7ais et en anglais, et subventionn\u00e9e par l&rsquo;entreprise RENAULT. L&rsquo;\u00e9tablissement RCW-MLF est ouvert depuis 2013 et accueille [&hellip;]<\/p>\n","protected":false},"author":82,"featured_media":1039,"parent":0,"menu_order":0,"comment_status":"closed","ping_status":"closed","template":"","meta":{"_acf_changed":false,"footnotes":""},"class_list":["post-1031","page","type-page","status-publish","has-post-thumbnail","czr-hentry"],"acf":[],"_links":{"self":[{"href":"https:\/\/ee.mlfmonde.org\/wuhan-renault\/wp-json\/wp\/v2\/pages\/1031","targetHints":{"allow":["GET"]}}],"collection":[{"href":"https:\/\/ee.mlfmonde.org\/wuhan-renault\/wp-json\/wp\/v2\/pages"}],"about":[{"href":"https:\/\/ee.mlfmonde.org\/wuhan-renault\/wp-json\/wp\/v2\/types\/page"}],"author":[{"embeddable":true,"href":"https:\/\/ee.mlfmonde.org\/wuhan-renault\/wp-json\/wp\/v2\/users\/82"}],"replies":[{"embeddable":true,"href":"https:\/\/ee.mlfmonde.org\/wuhan-renault\/wp-json\/wp\/v2\/comments?post=1031"}],"version-history":[{"count":12,"href":"https:\/\/ee.mlfmonde.org\/wuhan-renault\/wp-json\/wp\/v2\/pages\/1031\/revisions"}],"predecessor-version":[{"id":1045,"href":"https:\/\/ee.mlfmonde.org\/wuhan-renault\/wp-json\/wp\/v2\/pages\/1031\/revisions\/1045"}],"wp:featuredmedia":[{"embeddable":true,"href":"https:\/\/ee.mlfmonde.org\/wuhan-renault\/wp-json\/wp\/v2\/media\/1039"}],"wp:attachment":[{"href":"https:\/\/ee.mlfmonde.org\/wuhan-renault\/wp-json\/wp\/v2\/media?parent=1031"}],"curies":[{"name":"wp","href":"https:\/\/api.w.org\/{rel}","templated":true}]}}