{"id":7727,"date":"2025-04-25T14:58:07","date_gmt":"2025-04-25T06:58:07","guid":{"rendered":"https:\/\/ee.mlfmonde.org\/wuhan-EFIW\/?page_id=7727"},"modified":"2025-04-25T15:00:28","modified_gmt":"2025-04-25T07:00:28","slug":"calendrier-scolaire-2025-2026","status":"publish","type":"page","link":"https:\/\/ee.mlfmonde.org\/wuhan-EFIW\/calendrier-scolaire-2025-2026\/","title":{"rendered":"CALENDRIER SCOLAIRE 2025 \u2013 2026"},"content":{"rendered":"\n<p>Le calendrier officiel de l\u2019Efiw pour l\u2019ann\u00e9e scolaire 2025-26 a \u00e9t\u00e9 \u00e9tabli apr\u00e8s \u00e9changes avec l&rsquo;Agence pour l\u2019enseignement fran\u00e7ais \u00e0 l\u2019\u00e9tranger (AEFE ). Il est cal\u00e9 sur le celui de la Wyis, l\u2019\u00e9cole am\u00e9ricaine partenaire. Il a \u00e9t\u00e9 valid\u00e9 par l\u2019Inspecteur de l\u2019Education Nationale et le Conseiller de Coop\u00e9ration et d\u2019Actions Culturelles (Ambassade de France).<\/p>\n\n\n\n<p>Rentr\u00e9e des classes : Le 12 ao\u00fbt 2025.<\/p>\n\n\n\n<p>Fin des cours : Le 10 juin 2026.<\/p>\n\n\n\n<figure class=\"wp-block-image size-full\"><a href=\"http:\/\/ee.mlfmonde.org\/wuhan-EFIW\/wp-content\/uploads\/sites\/9\/2025\/04\/Calendrier-25-26-EFIW.pdf\"><img fetchpriority=\"high\" decoding=\"async\" width=\"683\" height=\"439\" src=\"https:\/\/ee.mlfmonde.org\/wuhan-EFIW\/wp-content\/uploads\/sites\/9\/2025\/04\/Calendrier-25-26-EFIW-vignette.jpg\" alt=\"\" class=\"wp-image-7728\" srcset=\"https:\/\/ee.mlfmonde.org\/wuhan-EFIW\/wp-content\/uploads\/sites\/9\/2025\/04\/Calendrier-25-26-EFIW-vignette.jpg 683w, https:\/\/ee.mlfmonde.org\/wuhan-EFIW\/wp-content\/uploads\/sites\/9\/2025\/04\/Calendrier-25-26-EFIW-vignette-300x193.jpg 300w, https:\/\/ee.mlfmonde.org\/wuhan-EFIW\/wp-content\/uploads\/sites\/9\/2025\/04\/Calendrier-25-26-EFIW-vignette-570x366.jpg 570w\" sizes=\"(max-width: 683px) 100vw, 683px\" \/><\/a><\/figure>\n","protected":false},"excerpt":{"rendered":"<p>Le calendrier officiel de l\u2019Efiw pour l\u2019ann\u00e9e scolaire 2025-26 a \u00e9t\u00e9 \u00e9tabli apr\u00e8s \u00e9changes avec l&rsquo;Agence pour l\u2019enseignement fran\u00e7ais \u00e0 l\u2019\u00e9tranger (AEFE ). Il est cal\u00e9 sur le celui de la Wyis, l\u2019\u00e9cole am\u00e9ricaine partenaire. Il a \u00e9t\u00e9 valid\u00e9 par l\u2019Inspecteur de l\u2019Education Nationale et le Conseiller de Coop\u00e9ration et d\u2019Actions Culturelles (Ambassade de France). [&hellip;]<\/p>\n","protected":false},"author":96,"featured_media":0,"parent":0,"menu_order":0,"comment_status":"closed","ping_status":"closed","template":"","meta":{"_acf_changed":false,"footnotes":""},"class_list":["post-7727","page","type-page","status-publish","czr-hentry"],"acf":[],"_links":{"self":[{"href":"https:\/\/ee.mlfmonde.org\/wuhan-EFIW\/wp-json\/wp\/v2\/pages\/7727","targetHints":{"allow":["GET"]}}],"collection":[{"href":"https:\/\/ee.mlfmonde.org\/wuhan-EFIW\/wp-json\/wp\/v2\/pages"}],"about":[{"href":"https:\/\/ee.mlfmonde.org\/wuhan-EFIW\/wp-json\/wp\/v2\/types\/page"}],"author":[{"embeddable":true,"href":"https:\/\/ee.mlfmonde.org\/wuhan-EFIW\/wp-json\/wp\/v2\/users\/96"}],"replies":[{"embeddable":true,"href":"https:\/\/ee.mlfmonde.org\/wuhan-EFIW\/wp-json\/wp\/v2\/comments?post=7727"}],"version-history":[{"count":1,"href":"https:\/\/ee.mlfmonde.org\/wuhan-EFIW\/wp-json\/wp\/v2\/pages\/7727\/revisions"}],"predecessor-version":[{"id":7730,"href":"https:\/\/ee.mlfmonde.org\/wuhan-EFIW\/wp-json\/wp\/v2\/pages\/7727\/revisions\/7730"}],"wp:attachment":[{"href":"https:\/\/ee.mlfmonde.org\/wuhan-EFIW\/wp-json\/wp\/v2\/media?parent=7727"}],"curies":[{"name":"wp","href":"https:\/\/api.w.org\/{rel}","templated":true}]}}