{"id":6794,"date":"2023-11-10T14:16:40","date_gmt":"2023-11-10T06:16:40","guid":{"rendered":"http:\/\/ee.mlfmonde.org\/wuhan-EFIW\/?page_id=6794"},"modified":"2023-11-10T14:16:40","modified_gmt":"2023-11-10T06:16:40","slug":"depuis-la-rentree-de-septembre-2023-lefiw-ecole-homologuee-par-le-ministere-francais-charge-de-leducation-scolarise-les-eleves-en-systeme-hybride-ces-derniers-partagent-leurs-jou","status":"publish","type":"page","link":"https:\/\/ee.mlfmonde.org\/wuhan-EFIW\/depuis-la-rentree-de-septembre-2023-lefiw-ecole-homologuee-par-le-ministere-francais-charge-de-leducation-scolarise-les-eleves-en-systeme-hybride-ces-derniers-partagent-leurs-jou\/","title":{"rendered":"Depuis la rentr\u00e9e de septembre 2023, l\u2019Efiw, \u00e9cole homologu\u00e9e par le minist\u00e8re fran\u00e7ais charg\u00e9 de l\u2019\u00e9ducation, scolarise les \u00e9l\u00e8ves en syst\u00e8me hybride. Ces derniers partagent leurs journ\u00e9es entre les classes fran\u00e7aises et celles de la Wyis, \u00e9cole internationale am\u00e9ricaine partenaire. Ils suivent ainsi deux programmes officiels auxquels viennent s\u2019ajouter les cours de chinois. Ce double cursus fran\u00e7ais et am\u00e9ricain, constitue un v\u00e9ritable atout, en parfaite ad\u00e9quation avec la devise de la Mlf : deux cultures, trois langues."},"content":{"rendered":"","protected":false},"excerpt":{"rendered":"","protected":false},"author":96,"featured_media":0,"parent":0,"menu_order":0,"comment_status":"closed","ping_status":"closed","template":"","meta":{"_acf_changed":false,"footnotes":""},"class_list":["post-6794","page","type-page","status-publish","czr-hentry"],"acf":[],"_links":{"self":[{"href":"https:\/\/ee.mlfmonde.org\/wuhan-EFIW\/wp-json\/wp\/v2\/pages\/6794","targetHints":{"allow":["GET"]}}],"collection":[{"href":"https:\/\/ee.mlfmonde.org\/wuhan-EFIW\/wp-json\/wp\/v2\/pages"}],"about":[{"href":"https:\/\/ee.mlfmonde.org\/wuhan-EFIW\/wp-json\/wp\/v2\/types\/page"}],"author":[{"embeddable":true,"href":"https:\/\/ee.mlfmonde.org\/wuhan-EFIW\/wp-json\/wp\/v2\/users\/96"}],"replies":[{"embeddable":true,"href":"https:\/\/ee.mlfmonde.org\/wuhan-EFIW\/wp-json\/wp\/v2\/comments?post=6794"}],"version-history":[{"count":1,"href":"https:\/\/ee.mlfmonde.org\/wuhan-EFIW\/wp-json\/wp\/v2\/pages\/6794\/revisions"}],"predecessor-version":[{"id":6795,"href":"https:\/\/ee.mlfmonde.org\/wuhan-EFIW\/wp-json\/wp\/v2\/pages\/6794\/revisions\/6795"}],"wp:attachment":[{"href":"https:\/\/ee.mlfmonde.org\/wuhan-EFIW\/wp-json\/wp\/v2\/media?parent=6794"}],"curies":[{"name":"wp","href":"https:\/\/api.w.org\/{rel}","templated":true}]}}