{"id":5254,"date":"2020-11-13T15:48:57","date_gmt":"2020-11-13T07:48:57","guid":{"rendered":"http:\/\/ee.mlfmonde.org\/wuhan-EFIW\/?page_id=5254"},"modified":"2020-11-13T16:34:45","modified_gmt":"2020-11-13T08:34:45","slug":"protocole-denseignement-a-distance","status":"publish","type":"page","link":"https:\/\/ee.mlfmonde.org\/wuhan-EFIW\/protocole-denseignement-a-distance\/","title":{"rendered":"Le protocole d&rsquo;enseignement \u00e0 distance"},"content":{"rendered":"<p style=\"text-align: justify\"><span style=\"color: #000000\">Afin d&rsquo;\u00eatre pr\u00eats en cas de possible nouvelle crise sanitaire \u00e0 Wuhan, les enseignants de l&rsquo;Efiw ont \u00e9tabli un protocole d&rsquo;enseignement \u00e0 distance qui pourra \u00eatre rapidement d\u00e9ploy\u00e9 si notre \u00e9tablissement devait \u00e0 nouveau fermer physiquement ses portes, comme cela a \u00e9t\u00e9 le cas du 21 janvier au 3 juillet 2020.<\/span><\/p>\n<p style=\"text-align: justify\"><span style=\"color: #000000\">Ce protocole devra permettre d&rsquo;assurer une continuit\u00e9 p\u00e9dagogique de qualit\u00e9 pour tous les \u00e9l\u00e8ves de la maternelle au lyc\u00e9e, jusqu&rsquo;\u00e0 ce qu&rsquo;ils puissent \u00e0 nouveau se pr\u00e9senter en personne \u00e0 l&rsquo;Efiw.<\/span><\/p>\n<p style=\"text-align: justify\"><span style=\"color: #000000\">Pour en savoir plus, vous pouvez cliquer sur les deux photos ci-dessous :<\/span><\/p>\n<p><a href=\"http:\/\/ee.mlfmonde.org\/wuhan-EFIW\/wp-content\/uploads\/sites\/9\/2020\/11\/Protocole-EAD.pdf\"><img fetchpriority=\"high\" decoding=\"async\" class=\"alignnone size-medium wp-image-5264\" src=\"http:\/\/ee.mlfmonde.org\/wuhan-EFIW\/wp-content\/uploads\/sites\/9\/2020\/11\/Protocole-ead-215x300.jpg\" alt=\"\" width=\"215\" height=\"300\" srcset=\"https:\/\/ee.mlfmonde.org\/wuhan-EFIW\/wp-content\/uploads\/sites\/9\/2020\/11\/Protocole-ead-215x300.jpg 215w, https:\/\/ee.mlfmonde.org\/wuhan-EFIW\/wp-content\/uploads\/sites\/9\/2020\/11\/Protocole-ead-768x1071.jpg 768w, https:\/\/ee.mlfmonde.org\/wuhan-EFIW\/wp-content\/uploads\/sites\/9\/2020\/11\/Protocole-ead-734x1024.jpg 734w, https:\/\/ee.mlfmonde.org\/wuhan-EFIW\/wp-content\/uploads\/sites\/9\/2020\/11\/Protocole-ead-570x795.jpg 570w, https:\/\/ee.mlfmonde.org\/wuhan-EFIW\/wp-content\/uploads\/sites\/9\/2020\/11\/Protocole-ead.jpg 1734w\" sizes=\"(max-width: 215px) 100vw, 215px\" \/><\/a>\u00a0 \u00a0<a href=\"http:\/\/ee.mlfmonde.org\/wuhan-EFIW\/wp-content\/uploads\/sites\/9\/2020\/11\/EDT-Zoom-Secondaire-Protocole-EAD.pdf\"><img decoding=\"async\" class=\"alignnone size-medium wp-image-5255\" src=\"http:\/\/ee.mlfmonde.org\/wuhan-EFIW\/wp-content\/uploads\/sites\/9\/2020\/11\/edt-215x300.jpg\" alt=\"\" width=\"215\" height=\"300\" srcset=\"https:\/\/ee.mlfmonde.org\/wuhan-EFIW\/wp-content\/uploads\/sites\/9\/2020\/11\/edt-215x300.jpg 215w, https:\/\/ee.mlfmonde.org\/wuhan-EFIW\/wp-content\/uploads\/sites\/9\/2020\/11\/edt-768x1071.jpg 768w, https:\/\/ee.mlfmonde.org\/wuhan-EFIW\/wp-content\/uploads\/sites\/9\/2020\/11\/edt-734x1024.jpg 734w, https:\/\/ee.mlfmonde.org\/wuhan-EFIW\/wp-content\/uploads\/sites\/9\/2020\/11\/edt-570x795.jpg 570w, https:\/\/ee.mlfmonde.org\/wuhan-EFIW\/wp-content\/uploads\/sites\/9\/2020\/11\/edt.jpg 867w\" sizes=\"(max-width: 215px) 100vw, 215px\" \/><\/a><\/p>\n","protected":false},"excerpt":{"rendered":"<p>Afin d&rsquo;\u00eatre pr\u00eats en cas de possible nouvelle crise sanitaire \u00e0 Wuhan, les enseignants de l&rsquo;Efiw ont \u00e9tabli un protocole d&rsquo;enseignement \u00e0 distance qui pourra \u00eatre rapidement d\u00e9ploy\u00e9 si notre \u00e9tablissement devait \u00e0 nouveau fermer physiquement ses portes, comme cela a \u00e9t\u00e9 le cas du 21 janvier au 3 juillet 2020. Ce protocole devra permettre [&hellip;]<\/p>\n","protected":false},"author":96,"featured_media":0,"parent":0,"menu_order":0,"comment_status":"closed","ping_status":"closed","template":"","meta":{"_acf_changed":false,"footnotes":""},"class_list":["post-5254","page","type-page","status-publish","czr-hentry"],"acf":[],"_links":{"self":[{"href":"https:\/\/ee.mlfmonde.org\/wuhan-EFIW\/wp-json\/wp\/v2\/pages\/5254","targetHints":{"allow":["GET"]}}],"collection":[{"href":"https:\/\/ee.mlfmonde.org\/wuhan-EFIW\/wp-json\/wp\/v2\/pages"}],"about":[{"href":"https:\/\/ee.mlfmonde.org\/wuhan-EFIW\/wp-json\/wp\/v2\/types\/page"}],"author":[{"embeddable":true,"href":"https:\/\/ee.mlfmonde.org\/wuhan-EFIW\/wp-json\/wp\/v2\/users\/96"}],"replies":[{"embeddable":true,"href":"https:\/\/ee.mlfmonde.org\/wuhan-EFIW\/wp-json\/wp\/v2\/comments?post=5254"}],"version-history":[{"count":4,"href":"https:\/\/ee.mlfmonde.org\/wuhan-EFIW\/wp-json\/wp\/v2\/pages\/5254\/revisions"}],"predecessor-version":[{"id":5266,"href":"https:\/\/ee.mlfmonde.org\/wuhan-EFIW\/wp-json\/wp\/v2\/pages\/5254\/revisions\/5266"}],"wp:attachment":[{"href":"https:\/\/ee.mlfmonde.org\/wuhan-EFIW\/wp-json\/wp\/v2\/media?parent=5254"}],"curies":[{"name":"wp","href":"https:\/\/api.w.org\/{rel}","templated":true}]}}