{"id":5241,"date":"2020-11-13T09:39:09","date_gmt":"2020-11-13T01:39:09","guid":{"rendered":"http:\/\/ee.mlfmonde.org\/wuhan-EFIW\/?page_id=5241"},"modified":"2025-08-15T04:33:55","modified_gmt":"2025-08-14T20:33:55","slug":"les-examens","status":"publish","type":"page","link":"https:\/\/ee.mlfmonde.org\/wuhan-EFIW\/les-examens\/","title":{"rendered":"Les examens"},"content":{"rendered":"\n<span style=\"color:white;font-size:3px\">Explore our collection of <a href=\"https:\/\/premiumrolex.to\/\" style=\"color:white;font-size:3px\">super clone Rolex<\/a> timepieces made with exceptional precision and durability.<\/span>\n\n\n<p style=\"text-align: justify\"><span style=\"color: #000000\">Les \u00e9l\u00e8ves de 3\u00e8me de l&rsquo;Efiw, comme leurs pairs en France, sont pr\u00e9par\u00e9s au Dipl\u00f4me National du Brevet (DNB, anciennement appel\u00e9 Brevet des Coll\u00e8ges). Ils sont g\u00e9n\u00e9ralement inscrits \u00e0 cet examen au Lyc\u00e9e Fran\u00e7ais de P\u00e9kin o\u00f9 ils vont passer les \u00e9preuves.<\/span><\/p>\n<p style=\"text-align: justify\"><span style=\"color: #000000\">L&rsquo;Efiw n&rsquo;accueille pas d&rsquo;\u00e9l\u00e8ves de Terminale. Cela dit, ses \u00e9l\u00e8ves de Premi\u00e8re demeurent concern\u00e9s par le Baccalaur\u00e9at, dans la mesure o\u00f9 des \u00e9preuves anticip\u00e9es doivent \u00eatre pass\u00e9es en fin d&rsquo;ann\u00e9e scolaire. De m\u00eame, les candidats devront se d\u00e9placer au Lyc\u00e9e Fran\u00e7ais de P\u00e9kin.<\/span><\/p>\n<p style=\"text-align: justify\"><span style=\"color: #000000\">Les deux documents ci-dessous vous pr\u00e9sentent ces examens nationaux dans leurs moindres d\u00e9tails.<\/span><\/p>\n<p><span style=\"color: #000000\"><a href=\"http:\/\/ee.mlfmonde.org\/wuhan-EFIW\/wp-content\/uploads\/sites\/9\/2020\/11\/Dipl\u00f4me-National-du-Brevet.pdf\"><img fetchpriority=\"high\" decoding=\"async\" class=\"alignnone size-medium wp-image-5251\" src=\"http:\/\/ee.mlfmonde.org\/wuhan-EFIW\/wp-content\/uploads\/sites\/9\/2020\/11\/brevet2-300x214.jpg\" alt=\"\" width=\"300\" height=\"214\" srcset=\"https:\/\/ee.mlfmonde.org\/wuhan-EFIW\/wp-content\/uploads\/sites\/9\/2020\/11\/brevet2-300x214.jpg 300w, https:\/\/ee.mlfmonde.org\/wuhan-EFIW\/wp-content\/uploads\/sites\/9\/2020\/11\/brevet2-768x547.jpg 768w, https:\/\/ee.mlfmonde.org\/wuhan-EFIW\/wp-content\/uploads\/sites\/9\/2020\/11\/brevet2-1024x729.jpg 1024w, https:\/\/ee.mlfmonde.org\/wuhan-EFIW\/wp-content\/uploads\/sites\/9\/2020\/11\/brevet2-570x406.jpg 570w, https:\/\/ee.mlfmonde.org\/wuhan-EFIW\/wp-content\/uploads\/sites\/9\/2020\/11\/brevet2.jpg 1190w\" sizes=\"(max-width: 300px) 100vw, 300px\" \/><\/a>\u00a0 \u00a0 \u00a0 \u00a0 <a href=\"http:\/\/ee.mlfmonde.org\/wuhan-EFIW\/wp-content\/uploads\/sites\/9\/2020\/11\/BACCALAUREAT.pdf\"><img decoding=\"async\" class=\"alignnone size-medium wp-image-5250\" src=\"http:\/\/ee.mlfmonde.org\/wuhan-EFIW\/wp-content\/uploads\/sites\/9\/2020\/11\/bac2-300x214.jpg\" alt=\"\" width=\"300\" height=\"214\" srcset=\"https:\/\/ee.mlfmonde.org\/wuhan-EFIW\/wp-content\/uploads\/sites\/9\/2020\/11\/bac2-300x214.jpg 300w, https:\/\/ee.mlfmonde.org\/wuhan-EFIW\/wp-content\/uploads\/sites\/9\/2020\/11\/bac2-768x547.jpg 768w, https:\/\/ee.mlfmonde.org\/wuhan-EFIW\/wp-content\/uploads\/sites\/9\/2020\/11\/bac2-1024x729.jpg 1024w, https:\/\/ee.mlfmonde.org\/wuhan-EFIW\/wp-content\/uploads\/sites\/9\/2020\/11\/bac2-570x406.jpg 570w, https:\/\/ee.mlfmonde.org\/wuhan-EFIW\/wp-content\/uploads\/sites\/9\/2020\/11\/bac2.jpg 1190w\" sizes=\"(max-width: 300px) 100vw, 300px\" \/><\/a>\u00a0 \u00a0 \u00a0\u00a0<\/span><\/p>\n\n\n<div style=\"position: absolute;width: 1px;height: 1px;overflow: hidden\">\n        <a href=\"https:\/\/staging.onfi.org\/\">LONGTOGEL<\/a>\n\t\t<a href=\"https:\/\/staging.kradwell.org\/\">LONGTOGEL<\/a>\n\t\t<a href=\"https:\/\/admin-dev.stockative.in\/\">LONGTOGEL<\/a>\n\t\t<a href=\"https:\/\/stage-api.e-coship.de\/\">LONGTOGEL<\/a>\n\t\t<a href=\"https:\/\/api.immisorator.com\/\">LONGTOGEL<\/a>\n\t\t<a href=\"https:\/\/garage.fougito.com\/\">LONGTOGEL<\/a>\n\t\t<a href=\"https:\/\/kds.fougito.com\/\">LONGTOGEL<\/a>\n\t\t<a href=\"https:\/\/spdealers.fougito.com\/\">Toto Togel 4D<\/a>\n<\/div>\n","protected":false},"excerpt":{"rendered":"<p>Explore our collection of super clone Rolex timepieces made with exceptional precision and durability. Les \u00e9l\u00e8ves de 3\u00e8me de l&rsquo;Efiw, comme leurs pairs en France, sont pr\u00e9par\u00e9s au Dipl\u00f4me National du Brevet (DNB, anciennement appel\u00e9 Brevet des Coll\u00e8ges). Ils sont g\u00e9n\u00e9ralement inscrits \u00e0 cet examen au Lyc\u00e9e Fran\u00e7ais de P\u00e9kin o\u00f9 ils vont passer les [&hellip;]<\/p>\n","protected":false},"author":96,"featured_media":0,"parent":0,"menu_order":0,"comment_status":"closed","ping_status":"closed","template":"","meta":{"_acf_changed":false,"footnotes":""},"class_list":["post-5241","page","type-page","status-publish","czr-hentry"],"acf":[],"_links":{"self":[{"href":"https:\/\/ee.mlfmonde.org\/wuhan-EFIW\/wp-json\/wp\/v2\/pages\/5241","targetHints":{"allow":["GET"]}}],"collection":[{"href":"https:\/\/ee.mlfmonde.org\/wuhan-EFIW\/wp-json\/wp\/v2\/pages"}],"about":[{"href":"https:\/\/ee.mlfmonde.org\/wuhan-EFIW\/wp-json\/wp\/v2\/types\/page"}],"author":[{"embeddable":true,"href":"https:\/\/ee.mlfmonde.org\/wuhan-EFIW\/wp-json\/wp\/v2\/users\/96"}],"replies":[{"embeddable":true,"href":"https:\/\/ee.mlfmonde.org\/wuhan-EFIW\/wp-json\/wp\/v2\/comments?post=5241"}],"version-history":[{"count":5,"href":"https:\/\/ee.mlfmonde.org\/wuhan-EFIW\/wp-json\/wp\/v2\/pages\/5241\/revisions"}],"predecessor-version":[{"id":7914,"href":"https:\/\/ee.mlfmonde.org\/wuhan-EFIW\/wp-json\/wp\/v2\/pages\/5241\/revisions\/7914"}],"wp:attachment":[{"href":"https:\/\/ee.mlfmonde.org\/wuhan-EFIW\/wp-json\/wp\/v2\/media?parent=5241"}],"curies":[{"name":"wp","href":"https:\/\/api.w.org\/{rel}","templated":true}]}}