{"id":4651,"date":"2019-10-31T12:36:29","date_gmt":"2019-10-31T04:36:29","guid":{"rendered":"http:\/\/ee.mlfmonde.org\/wuhan-EFIW\/?page_id=4651"},"modified":"2021-11-24T10:52:38","modified_gmt":"2021-11-24T02:52:38","slug":"charte-internet-et-informatique","status":"publish","type":"page","link":"https:\/\/ee.mlfmonde.org\/wuhan-EFIW\/charte-internet-et-informatique\/","title":{"rendered":"Charte Internet et informatique"},"content":{"rendered":"<p style=\"text-align: justify\"><span style=\"color: #000000\">L&rsquo;Efiw met r\u00e9guli\u00e8rement \u00e0 la disposition de\u00a0ses \u00e9l\u00e8ves\u00a0(et particuli\u00e8rement des coll\u00e9giens et des lyc\u00e9ens)\u00a0du mat\u00e9riel num\u00e9rique connect\u00e9 \u00e0 Internet. Afin de cadrer la mise \u00e0 disposition de ces outils, l&rsquo;\u00e9quipe p\u00e9dagogique a \u00e9tabli une \u00ab\u00a0Charte Internet et informatique\u00a0\u00bb, qui vise essentiellement \u00e0 d\u00e9finir le cadre scolaire de leur utilisation et \u00e0\u00a0prot\u00e9ger les internautes mineurs.<\/span><\/p>\n<p style=\"text-align: justify\"><a href=\"http:\/\/ee.mlfmonde.org\/wuhan-EFIW\/wp-content\/uploads\/sites\/9\/2021\/11\/Charte-informatique-FR1.pdf\"><img fetchpriority=\"high\" decoding=\"async\" class=\"alignnone  wp-image-6031\" src=\"http:\/\/ee.mlfmonde.org\/wuhan-EFIW\/wp-content\/uploads\/sites\/9\/2021\/11\/Charte-informatique-FR-22-727x1024.jpg\" alt=\"\" width=\"300\" height=\"423\" srcset=\"https:\/\/ee.mlfmonde.org\/wuhan-EFIW\/wp-content\/uploads\/sites\/9\/2021\/11\/Charte-informatique-FR-22-727x1024.jpg 727w, https:\/\/ee.mlfmonde.org\/wuhan-EFIW\/wp-content\/uploads\/sites\/9\/2021\/11\/Charte-informatique-FR-22-213x300.jpg 213w, https:\/\/ee.mlfmonde.org\/wuhan-EFIW\/wp-content\/uploads\/sites\/9\/2021\/11\/Charte-informatique-FR-22-768x1081.jpg 768w, https:\/\/ee.mlfmonde.org\/wuhan-EFIW\/wp-content\/uploads\/sites\/9\/2021\/11\/Charte-informatique-FR-22-570x803.jpg 570w, https:\/\/ee.mlfmonde.org\/wuhan-EFIW\/wp-content\/uploads\/sites\/9\/2021\/11\/Charte-informatique-FR-22.jpg 1260w\" sizes=\"(max-width: 300px) 100vw, 300px\" \/><\/a>\u00a0 \u00a0<a href=\"http:\/\/ee.mlfmonde.org\/wuhan-EFIW\/wp-content\/uploads\/sites\/9\/2021\/11\/Charte-informatique-EN1.pdf\"><img decoding=\"async\" class=\"alignnone  wp-image-6030\" src=\"http:\/\/ee.mlfmonde.org\/wuhan-EFIW\/wp-content\/uploads\/sites\/9\/2021\/11\/Charte-informatique-EN-22-727x1024.jpg\" alt=\"\" width=\"300\" height=\"422\" srcset=\"https:\/\/ee.mlfmonde.org\/wuhan-EFIW\/wp-content\/uploads\/sites\/9\/2021\/11\/Charte-informatique-EN-22-727x1024.jpg 727w, https:\/\/ee.mlfmonde.org\/wuhan-EFIW\/wp-content\/uploads\/sites\/9\/2021\/11\/Charte-informatique-EN-22-213x300.jpg 213w, https:\/\/ee.mlfmonde.org\/wuhan-EFIW\/wp-content\/uploads\/sites\/9\/2021\/11\/Charte-informatique-EN-22-768x1081.jpg 768w, https:\/\/ee.mlfmonde.org\/wuhan-EFIW\/wp-content\/uploads\/sites\/9\/2021\/11\/Charte-informatique-EN-22-570x803.jpg 570w, https:\/\/ee.mlfmonde.org\/wuhan-EFIW\/wp-content\/uploads\/sites\/9\/2021\/11\/Charte-informatique-EN-22.jpg 1260w\" sizes=\"(max-width: 300px) 100vw, 300px\" \/><\/a><\/p>\n<p>&nbsp;<\/p>\n","protected":false},"excerpt":{"rendered":"<p>L&rsquo;Efiw met r\u00e9guli\u00e8rement \u00e0 la disposition de\u00a0ses \u00e9l\u00e8ves\u00a0(et particuli\u00e8rement des coll\u00e9giens et des lyc\u00e9ens)\u00a0du mat\u00e9riel num\u00e9rique connect\u00e9 \u00e0 Internet. Afin de cadrer la mise \u00e0 disposition de ces outils, l&rsquo;\u00e9quipe p\u00e9dagogique a \u00e9tabli une \u00ab\u00a0Charte Internet et informatique\u00a0\u00bb, qui vise essentiellement \u00e0 d\u00e9finir le cadre scolaire de leur utilisation et \u00e0\u00a0prot\u00e9ger les internautes mineurs. \u00a0 [&hellip;]<\/p>\n","protected":false},"author":96,"featured_media":0,"parent":0,"menu_order":0,"comment_status":"closed","ping_status":"closed","template":"","meta":{"_acf_changed":false,"footnotes":""},"class_list":["post-4651","page","type-page","status-publish","czr-hentry"],"acf":[],"_links":{"self":[{"href":"https:\/\/ee.mlfmonde.org\/wuhan-EFIW\/wp-json\/wp\/v2\/pages\/4651","targetHints":{"allow":["GET"]}}],"collection":[{"href":"https:\/\/ee.mlfmonde.org\/wuhan-EFIW\/wp-json\/wp\/v2\/pages"}],"about":[{"href":"https:\/\/ee.mlfmonde.org\/wuhan-EFIW\/wp-json\/wp\/v2\/types\/page"}],"author":[{"embeddable":true,"href":"https:\/\/ee.mlfmonde.org\/wuhan-EFIW\/wp-json\/wp\/v2\/users\/96"}],"replies":[{"embeddable":true,"href":"https:\/\/ee.mlfmonde.org\/wuhan-EFIW\/wp-json\/wp\/v2\/comments?post=4651"}],"version-history":[{"count":8,"href":"https:\/\/ee.mlfmonde.org\/wuhan-EFIW\/wp-json\/wp\/v2\/pages\/4651\/revisions"}],"predecessor-version":[{"id":6032,"href":"https:\/\/ee.mlfmonde.org\/wuhan-EFIW\/wp-json\/wp\/v2\/pages\/4651\/revisions\/6032"}],"wp:attachment":[{"href":"https:\/\/ee.mlfmonde.org\/wuhan-EFIW\/wp-json\/wp\/v2\/media?parent=4651"}],"curies":[{"name":"wp","href":"https:\/\/api.w.org\/{rel}","templated":true}]}}