{"id":3810,"date":"2019-02-19T11:48:13","date_gmt":"2019-02-19T03:48:13","guid":{"rendered":"http:\/\/ee.mlfmonde.org\/wuhan-EFIW\/?page_id=3810"},"modified":"2025-08-26T00:45:32","modified_gmt":"2025-08-25T16:45:32","slug":"calendrier-scolaire-2021-2022","status":"publish","type":"page","link":"https:\/\/ee.mlfmonde.org\/wuhan-EFIW\/calendrier-scolaire-2021-2022\/","title":{"rendered":"Calendrier scolaire 2021 &#8211; 2022"},"content":{"rendered":"<p style=\"text-align: justify\"><span style=\"color: #000000\">Le calendrier scolaire a \u00e9t\u00e9 \u00e9tabli par le directeur en concertation avec les enseignants et les repr\u00e9sentants des parents d&rsquo;\u00e9l\u00e8ves. Il a ensuite \u00e9t\u00e9 successivement valid\u00e9 par la Mission La\u00efque Fran\u00e7aise, par l&rsquo;Inspectrice de l&rsquo;Education Nationale en r\u00e9sidence \u00e0 P\u00e9kin, puis par le Conseiller de coop\u00e9ration et d&rsquo;action culturelle de l&rsquo;Ambassade de France \u00e0 P\u00e9kin.<\/span><\/p>\n<p style=\"text-align: left\"><span style=\"color: #000000\">Rentr\u00e9e des classes : Le jeudi 2 septembre 2021.<\/span><br \/>\n<span style=\"color: #000000\">Fin des cours : Le vendredi 1er juillet 2022.<\/span><\/p>\n<p style=\"text-align: justify\"><span style=\"color: #008000\">NB : Le calendrier scolaire a \u00e9t\u00e9 modifi\u00e9 le 6 mars 2022, suite \u00e0 une fermeture soudaine des \u00e9coles de Wuhan le 5 mars. Cela a \u00e9t\u00e9 fait en accord avec les membres du comit\u00e9 de gestion, les repr\u00e9sentantes \u00e9lues des parents d&rsquo;\u00e9l\u00e8ves, les professeurs, la Mission La\u00efque Fran\u00e7aise, puis les services concern\u00e9s de l&rsquo;Ambassade de France et de l&rsquo;Inspection de l&rsquo;Education Nationale.<\/span><\/p>\n<p style=\"text-align: center\"><span style=\"color: #000000\">EFIW &#8211; WUHAN (CHINE)<\/span><br \/>\n<span style=\"color: #000000\">Calendrier scolaire 2021-2022<\/span><\/p>\n<p><a href=\"http:\/\/ee.mlfmonde.org\/wuhan-EFIW\/wp-content\/uploads\/sites\/9\/2022\/05\/Calendrier-scolaire-21-22-Derni\u00e8re-version-1.pdf\"><img fetchpriority=\"high\" decoding=\"async\" class=\"wp-image-5903 aligncenter\" src=\"http:\/\/ee.mlfmonde.org\/wuhan-EFIW\/wp-content\/uploads\/sites\/9\/2021\/07\/Calendrier-scolaire-21-22-2.jpg\" alt=\"\" width=\"501\" height=\"276\" srcset=\"https:\/\/ee.mlfmonde.org\/wuhan-EFIW\/wp-content\/uploads\/sites\/9\/2021\/07\/Calendrier-scolaire-21-22-2.jpg 981w, https:\/\/ee.mlfmonde.org\/wuhan-EFIW\/wp-content\/uploads\/sites\/9\/2021\/07\/Calendrier-scolaire-21-22-2-300x165.jpg 300w, https:\/\/ee.mlfmonde.org\/wuhan-EFIW\/wp-content\/uploads\/sites\/9\/2021\/07\/Calendrier-scolaire-21-22-2-768x424.jpg 768w, https:\/\/ee.mlfmonde.org\/wuhan-EFIW\/wp-content\/uploads\/sites\/9\/2021\/07\/Calendrier-scolaire-21-22-2-570x314.jpg 570w\" sizes=\"(max-width: 501px) 100vw, 501px\" \/><\/a><\/p>\n<p>&nbsp;<\/p>\n<p>&nbsp;<\/p>\n<p>&nbsp;<\/p>\n<p>&nbsp;<\/p>\n<p>&nbsp;<\/p>\n<div>\n<p><a href=\"https:\/\/richiss.com\/\">situs toto<\/a><\/p>\n<\/div>\n<div>\n<p><a href=\"https:\/\/richiss.com\/\">slot88 resmi<\/a><\/p>\n<\/div>\n<div>\n<p><a href=\"https:\/\/richiss.com\/\">slot toto<\/a><\/p>\n<\/div>\n<div>\n<p><a href=\"https:\/\/ariesfashion.com\/\">sakaw39<\/a><\/p>\n<\/div>\n<div>\n<p><a href=\"https:\/\/sakaw39-1.com\/\">sakaw39<\/a><\/p>\n<\/div>\n<div>\n<p><a href=\"https:\/\/boswd.io\/\">boswd<\/a><\/p>\n<\/div>\n<div>\n<p><a href=\"https:\/\/boswdgame.com\">boswd<\/a><\/p>\n<\/div>\n<div>\n<p><a href=\"https:\/\/cantik77a.com\/\">cantik77<\/a><\/p>\n<\/div>\n<div>\n<p><a href=\"https:\/\/mascotasrus.com\/\">cantik77 login<\/a><\/p>\n<\/div>\n<div>\n<p><a href=\"https:\/\/sunugalinfos.com\/\">cantik77 alternatif<\/a><\/p>\n<\/div>\n<div>\n<p><a href=\"https:\/\/rig.edu.bt\/\">bolaemas99 login<\/a><\/p>\n<\/div>\n<div>\n<p><a href=\"https:\/\/bosswdjaya.click\/\">bosswd<\/a><\/p>\n<\/div>\n<div>\n<p><a href=\"https:\/\/bosswdprime.ink\/\">bosswd<\/a><\/p>\n<\/div>\n<div>\n<p><a href=\"https:\/\/bosswdprime.fit\/\">bosswd<\/a><\/p>\n<\/div>\n<div>\n<p><a href=\"https:\/\/bosswdprime.ink\/\">bosswd link<\/a><\/p>\n<\/div>\n<div>\n<p><a href=\"https:\/\/priambudi.com\/\">cantik77 slot alternative<\/a><\/p>\n<\/div>\n<div>\n<p><a href=\"https:\/\/tecidcreatives.com\/\">cantik77<\/a><\/p>\n<\/div>\n<div>\n<p><a href=\"https:\/\/joeshoeservicepa.com\">bosswd<\/a><\/p>\n<\/div>\n<div>\n<p><a href=\"https:\/\/joeshoeservicepa.com\">bosswd link alternatif<\/a><\/p>\n<\/div>\n<div>\n<p><a href=\"http:\/\/pittsburghprincessparty.com\/\">cantik77<\/a><\/p>\n<\/div>\n<div>\n<p><a href=\"https:\/\/antikor.brest.by\/blog-post\/\">bosswd<\/a><\/p>\n<\/div>\n<div>\n<p><a href=\"https:\/\/situsbe99.lol\/\">bolaemas99<\/a><\/p>\n<\/div>\n<div>\n<p><a href=\"https:\/\/big368c.com\/\">big368 alternatif<\/a><\/p>\n<\/div>\n<div>\n<p><a href=\"https:\/\/big368prime.com\/\">big368<\/a><\/p>\n<\/div>\n<div>\n<p><a href=\"https:\/\/cantik77main.fit\/\">cantik77<\/a><\/p>\n<\/div>\n<div>\n<p><a href=\"https:\/\/radioancash.com.pe\/contact\/\">cantik77<\/a><\/p>\n<\/div>\n<p><a href=\"https:\/\/big368login.com\/r\/big368reviewslot.html\">big368<\/a><\/p>\n","protected":false},"excerpt":{"rendered":"<p>Le calendrier scolaire a \u00e9t\u00e9 \u00e9tabli par le directeur en concertation avec les enseignants et les repr\u00e9sentants des parents d&rsquo;\u00e9l\u00e8ves. Il a ensuite \u00e9t\u00e9 successivement valid\u00e9 par la Mission La\u00efque Fran\u00e7aise, par l&rsquo;Inspectrice de l&rsquo;Education Nationale en r\u00e9sidence \u00e0 P\u00e9kin, puis par le Conseiller de coop\u00e9ration et d&rsquo;action culturelle de l&rsquo;Ambassade de France \u00e0 P\u00e9kin. [&hellip;]<\/p>\n","protected":false},"author":96,"featured_media":0,"parent":0,"menu_order":0,"comment_status":"closed","ping_status":"closed","template":"","meta":{"_acf_changed":false,"footnotes":""},"class_list":["post-3810","page","type-page","status-publish","czr-hentry"],"acf":[],"_links":{"self":[{"href":"https:\/\/ee.mlfmonde.org\/wuhan-EFIW\/wp-json\/wp\/v2\/pages\/3810","targetHints":{"allow":["GET"]}}],"collection":[{"href":"https:\/\/ee.mlfmonde.org\/wuhan-EFIW\/wp-json\/wp\/v2\/pages"}],"about":[{"href":"https:\/\/ee.mlfmonde.org\/wuhan-EFIW\/wp-json\/wp\/v2\/types\/page"}],"author":[{"embeddable":true,"href":"https:\/\/ee.mlfmonde.org\/wuhan-EFIW\/wp-json\/wp\/v2\/users\/96"}],"replies":[{"embeddable":true,"href":"https:\/\/ee.mlfmonde.org\/wuhan-EFIW\/wp-json\/wp\/v2\/comments?post=3810"}],"version-history":[{"count":21,"href":"https:\/\/ee.mlfmonde.org\/wuhan-EFIW\/wp-json\/wp\/v2\/pages\/3810\/revisions"}],"predecessor-version":[{"id":7959,"href":"https:\/\/ee.mlfmonde.org\/wuhan-EFIW\/wp-json\/wp\/v2\/pages\/3810\/revisions\/7959"}],"wp:attachment":[{"href":"https:\/\/ee.mlfmonde.org\/wuhan-EFIW\/wp-json\/wp\/v2\/media?parent=3810"}],"curies":[{"name":"wp","href":"https:\/\/api.w.org\/{rel}","templated":true}]}}