{"id":3703,"date":"2018-12-13T11:33:16","date_gmt":"2018-12-13T03:33:16","guid":{"rendered":"http:\/\/ee.mlfmonde.org\/wuhan-EFIW\/?page_id=3703"},"modified":"2025-06-12T10:33:18","modified_gmt":"2025-06-12T02:33:18","slug":"compte-rendu-du-conseil-decole","status":"publish","type":"page","link":"https:\/\/ee.mlfmonde.org\/wuhan-EFIW\/compte-rendu-du-conseil-decole\/","title":{"rendered":"Comptes rendus des Conseils d&rsquo;Ecole"},"content":{"rendered":"<p style=\"text-align: justify\"><span style=\"color: #000000\">Le conseil d\u2019\u00e9cole se r\u00e9unit trois fois par an pour prendre des d\u00e9cisions qui concernent la vie de l\u2019\u00e9cole, voter le r\u00e8glement int\u00e9rieur et le calendrier scolaire, ou encore expliciter les actions particuli\u00e8res \u00e0 l\u2019Efiw qui seront conduites au cours de l\u2019ann\u00e9e (tels que les certifications Cambridge, les voyages scolaires, les \u00e9changes avec d\u2019autres \u00e9tablissements, etc.).<\/span><\/p>\n<p style=\"text-align: justify\"><span style=\"color: #000000\">Le conseil d\u2019\u00e9cole est compos\u00e9 de personnels de l\u2019\u00e9cole (directeur et professeurs), de repr\u00e9sentants \u00e9lus des parents d\u2019\u00e9l\u00e8ves et d\u2019un membre au moins du comit\u00e9 de gestion de l\u2019Efiw.<\/span><\/p>\n<p style=\"text-align: justify\"><span style=\"color: #000000\">Vous trouverez ci-dessous les comptes rendus des conseils d\u2019\u00e9cole de cette ann\u00e9e scolaire 2024-25.<\/span>\u00a0 \u00a0 \u00a0 \u00a0 \u00a0 \u00a0\u00a0<\/p>\n\n<div class=\"wp-block-image\">\n<figure class=\"alignleft size-full is-resized\"><a href=\"http:\/\/ee.mlfmonde.org\/wuhan-EFIW\/wp-content\/uploads\/sites\/9\/2024\/11\/CR-Conseil-decole-1-du-5-11-24.pdf\"><img fetchpriority=\"high\" decoding=\"async\" width=\"429\" height=\"579\" src=\"https:\/\/ee.mlfmonde.org\/wuhan-EFIW\/wp-content\/uploads\/sites\/9\/2024\/11\/CR-CE-01-2.jpg\" alt=\"\" class=\"wp-image-7280\" style=\"width:228px;height:auto\" srcset=\"https:\/\/ee.mlfmonde.org\/wuhan-EFIW\/wp-content\/uploads\/sites\/9\/2024\/11\/CR-CE-01-2.jpg 429w, https:\/\/ee.mlfmonde.org\/wuhan-EFIW\/wp-content\/uploads\/sites\/9\/2024\/11\/CR-CE-01-2-222x300.jpg 222w\" sizes=\"(max-width: 429px) 100vw, 429px\" \/><\/a><\/figure><\/div>\n\n\n<figure class=\"wp-block-image size-large is-resized\"><a href=\"http:\/\/ee.mlfmonde.org\/wuhan-EFIW\/wp-content\/uploads\/sites\/9\/2025\/03\/CR-Conseil-decole-2.pdf\"><img decoding=\"async\" width=\"726\" height=\"1024\" src=\"https:\/\/ee.mlfmonde.org\/wuhan-EFIW\/wp-content\/uploads\/sites\/9\/2025\/03\/CR-CE-02-02-726x1024.jpg\" alt=\"\" class=\"wp-image-7455\" style=\"width:225px\" srcset=\"https:\/\/ee.mlfmonde.org\/wuhan-EFIW\/wp-content\/uploads\/sites\/9\/2025\/03\/CR-CE-02-02-726x1024.jpg 726w, https:\/\/ee.mlfmonde.org\/wuhan-EFIW\/wp-content\/uploads\/sites\/9\/2025\/03\/CR-CE-02-02-213x300.jpg 213w, https:\/\/ee.mlfmonde.org\/wuhan-EFIW\/wp-content\/uploads\/sites\/9\/2025\/03\/CR-CE-02-02-768x1083.jpg 768w, https:\/\/ee.mlfmonde.org\/wuhan-EFIW\/wp-content\/uploads\/sites\/9\/2025\/03\/CR-CE-02-02-1089x1536.jpg 1089w, https:\/\/ee.mlfmonde.org\/wuhan-EFIW\/wp-content\/uploads\/sites\/9\/2025\/03\/CR-CE-02-02-570x804.jpg 570w, https:\/\/ee.mlfmonde.org\/wuhan-EFIW\/wp-content\/uploads\/sites\/9\/2025\/03\/CR-CE-02-02.jpg 1252w\" sizes=\"(max-width: 726px) 100vw, 726px\" \/><\/a><\/figure>\n\n\n\n<figure class=\"wp-block-image size-large is-resized\"><a href=\"http:\/\/ee.mlfmonde.org\/wuhan-EFIW\/wp-content\/uploads\/sites\/9\/2025\/06\/CR-Conseil-decole-3.pdf\"><img decoding=\"async\" width=\"725\" height=\"1024\" src=\"http:\/\/ee.mlfmonde.org\/wuhan-EFIW\/wp-content\/uploads\/sites\/9\/2025\/06\/CR-CE-03-001-725x1024.jpg\" alt=\"\" class=\"wp-image-7858\" style=\"width:224px;height:auto\" srcset=\"https:\/\/ee.mlfmonde.org\/wuhan-EFIW\/wp-content\/uploads\/sites\/9\/2025\/06\/CR-CE-03-001-725x1024.jpg 725w, https:\/\/ee.mlfmonde.org\/wuhan-EFIW\/wp-content\/uploads\/sites\/9\/2025\/06\/CR-CE-03-001-212x300.jpg 212w, https:\/\/ee.mlfmonde.org\/wuhan-EFIW\/wp-content\/uploads\/sites\/9\/2025\/06\/CR-CE-03-001-768x1084.jpg 768w, https:\/\/ee.mlfmonde.org\/wuhan-EFIW\/wp-content\/uploads\/sites\/9\/2025\/06\/CR-CE-03-001-1088x1536.jpg 1088w, https:\/\/ee.mlfmonde.org\/wuhan-EFIW\/wp-content\/uploads\/sites\/9\/2025\/06\/CR-CE-03-001-570x805.jpg 570w, https:\/\/ee.mlfmonde.org\/wuhan-EFIW\/wp-content\/uploads\/sites\/9\/2025\/06\/CR-CE-03-001.jpg 1248w\" sizes=\"(max-width: 725px) 100vw, 725px\" \/><\/a><\/figure>\n\n\n\n<p><\/p>\n","protected":false},"excerpt":{"rendered":"<p>Le conseil d\u2019\u00e9cole se r\u00e9unit trois fois par an pour prendre des d\u00e9cisions qui concernent la vie de l\u2019\u00e9cole, voter le r\u00e8glement int\u00e9rieur et le calendrier scolaire, ou encore expliciter les actions particuli\u00e8res \u00e0 l\u2019Efiw qui seront conduites au cours de l\u2019ann\u00e9e (tels que les certifications Cambridge, les voyages scolaires, les \u00e9changes avec d\u2019autres \u00e9tablissements, [&hellip;]<\/p>\n","protected":false},"author":96,"featured_media":0,"parent":0,"menu_order":0,"comment_status":"closed","ping_status":"closed","template":"","meta":{"_acf_changed":false,"footnotes":""},"class_list":["post-3703","page","type-page","status-publish","czr-hentry"],"acf":[],"_links":{"self":[{"href":"https:\/\/ee.mlfmonde.org\/wuhan-EFIW\/wp-json\/wp\/v2\/pages\/3703","targetHints":{"allow":["GET"]}}],"collection":[{"href":"https:\/\/ee.mlfmonde.org\/wuhan-EFIW\/wp-json\/wp\/v2\/pages"}],"about":[{"href":"https:\/\/ee.mlfmonde.org\/wuhan-EFIW\/wp-json\/wp\/v2\/types\/page"}],"author":[{"embeddable":true,"href":"https:\/\/ee.mlfmonde.org\/wuhan-EFIW\/wp-json\/wp\/v2\/users\/96"}],"replies":[{"embeddable":true,"href":"https:\/\/ee.mlfmonde.org\/wuhan-EFIW\/wp-json\/wp\/v2\/comments?post=3703"}],"version-history":[{"count":29,"href":"https:\/\/ee.mlfmonde.org\/wuhan-EFIW\/wp-json\/wp\/v2\/pages\/3703\/revisions"}],"predecessor-version":[{"id":7863,"href":"https:\/\/ee.mlfmonde.org\/wuhan-EFIW\/wp-json\/wp\/v2\/pages\/3703\/revisions\/7863"}],"wp:attachment":[{"href":"https:\/\/ee.mlfmonde.org\/wuhan-EFIW\/wp-json\/wp\/v2\/media?parent=3703"}],"curies":[{"name":"wp","href":"https:\/\/api.w.org\/{rel}","templated":true}]}}