{"id":3342,"date":"2018-09-06T09:21:05","date_gmt":"2018-09-06T01:21:05","guid":{"rendered":"http:\/\/ee.mlfmonde.org\/wuhan-EFIW\/?page_id=3342"},"modified":"2019-07-07T01:15:35","modified_gmt":"2019-07-06T17:15:35","slug":"assurance-scolaire","status":"publish","type":"page","link":"https:\/\/ee.mlfmonde.org\/wuhan-EFIW\/assurance-scolaire\/","title":{"rendered":"Assurance scolaire"},"content":{"rendered":"<div>\n<p style=\"text-align: justify\"><span style=\"font-family: arial, sans-serif;color: #000000\">La souscription \u00e0 une\u00a0<b>assurance scolaire<\/b>\u00a0pour les activit\u00e9s, qu&rsquo;elles soient scolaires ou facultatives, est un\u00a0gage de s\u00e9curit\u00e9, pour les \u00e9l\u00e8ves et leurs parents.<\/span><\/p>\n<p><span style=\"color: #000000\">L\u2019assurance scolaire souscrite doit\u00a0garantir les dommages\u00a0que l&rsquo;\u00e9l\u00e8ve pourrait causer \u00e0 des tiers (garantie de\u00a0responsabilit\u00e9 civile) et\/ou qu&rsquo;il pourrait subir (garantie individuelle accidents corporels).<\/span><\/p>\n<p><span style=\"color: #000000\">L&rsquo;Efiw recommande vivement la CGEA, sp\u00e9cialis\u00e9e pour les \u00e9coles fran\u00e7aises \u00e0 l&rsquo;\u00e9tranger :<\/span><\/p>\n<p>&nbsp;<\/p>\n<p><a href=\"https:\/\/www.expat-care.com\/#\/produits\/pr_scolinteleve\" target=\"_blank\" rel=\"noopener\"><img decoding=\"async\" class=\" wp-image-4499 aligncenter\" src=\"http:\/\/ee.mlfmonde.org\/wuhan-EFIW\/wp-content\/uploads\/sites\/9\/2019\/07\/CGEA_logoMenu_fr.png\" alt=\"\" width=\"343\" height=\"49\" srcset=\"https:\/\/ee.mlfmonde.org\/wuhan-EFIW\/wp-content\/uploads\/sites\/9\/2019\/07\/CGEA_logoMenu_fr.png 280w, https:\/\/ee.mlfmonde.org\/wuhan-EFIW\/wp-content\/uploads\/sites\/9\/2019\/07\/CGEA_logoMenu_fr-270x40.png 270w\" sizes=\"(max-width: 343px) 100vw, 343px\" \/><\/a><br \/>\n<span style=\"color: #000000\">(Cliquer sur \u00ab\u00a0Obtenir mon tarif et souscrire en ligne !\u00a0\u00bb ; apr\u00e8s avoir donn\u00e9 les informations demand\u00e9es, cliquer sur \u00ab\u00a0Scolaire, trajet et extra scolaire\u00a0\u00bb (recommand\u00e9) ; cliquer sur \u00ab\u00a0Choisir ma formule\u00a0\u00bb et choisir A, B ou C ; cliquer sur \u00ab\u00a0Confirmer ma souscription\u00a0\u00bb ; finir de renseigner et r\u00e9gler sa cotisation).<\/span><\/p>\n<p><span style=\"color: #000000\"><b>Attention :<\/b>\u00a0Tout \u00e9l\u00e8ve pour lequel l&rsquo;Efiw ne disposerait pas d&rsquo;une preuve de souscription \u00e0 une assurance scolaire ne pourrait participer ni aux sorties et aux voyages scolaires, ni aux activit\u00e9s extra scolaires organis\u00e9es \u00e0 l&rsquo;\u00e9cole.<\/span><\/p>\n<p><span style=\"color: #000000\">Les titulaires d&rsquo;une police d&rsquo;assurance multirisques familiale doivent quant \u00e0 eux v\u00e9rifier attentivement la nature des risques couverts par ce contrat. Il est conseill\u00e9 de demander \u00e0 l\u2019assureur de fournir par \u00e9crit les pr\u00e9cisions n\u00e9cessaires.<\/span><\/p>\n<\/div>\n","protected":false},"excerpt":{"rendered":"<p>La souscription \u00e0 une\u00a0assurance scolaire\u00a0pour les activit\u00e9s, qu&rsquo;elles soient scolaires ou facultatives, est un\u00a0gage de s\u00e9curit\u00e9, pour les \u00e9l\u00e8ves et leurs parents. L\u2019assurance scolaire souscrite doit\u00a0garantir les dommages\u00a0que l&rsquo;\u00e9l\u00e8ve pourrait causer \u00e0 des tiers (garantie de\u00a0responsabilit\u00e9 civile) et\/ou qu&rsquo;il pourrait subir (garantie individuelle accidents corporels). L&rsquo;Efiw recommande vivement la CGEA, sp\u00e9cialis\u00e9e pour les \u00e9coles fran\u00e7aises [&hellip;]<\/p>\n","protected":false},"author":96,"featured_media":0,"parent":0,"menu_order":0,"comment_status":"closed","ping_status":"closed","template":"","meta":{"_acf_changed":false,"footnotes":""},"class_list":["post-3342","page","type-page","status-publish","czr-hentry"],"acf":[],"_links":{"self":[{"href":"https:\/\/ee.mlfmonde.org\/wuhan-EFIW\/wp-json\/wp\/v2\/pages\/3342","targetHints":{"allow":["GET"]}}],"collection":[{"href":"https:\/\/ee.mlfmonde.org\/wuhan-EFIW\/wp-json\/wp\/v2\/pages"}],"about":[{"href":"https:\/\/ee.mlfmonde.org\/wuhan-EFIW\/wp-json\/wp\/v2\/types\/page"}],"author":[{"embeddable":true,"href":"https:\/\/ee.mlfmonde.org\/wuhan-EFIW\/wp-json\/wp\/v2\/users\/96"}],"replies":[{"embeddable":true,"href":"https:\/\/ee.mlfmonde.org\/wuhan-EFIW\/wp-json\/wp\/v2\/comments?post=3342"}],"version-history":[{"count":10,"href":"https:\/\/ee.mlfmonde.org\/wuhan-EFIW\/wp-json\/wp\/v2\/pages\/3342\/revisions"}],"predecessor-version":[{"id":4504,"href":"https:\/\/ee.mlfmonde.org\/wuhan-EFIW\/wp-json\/wp\/v2\/pages\/3342\/revisions\/4504"}],"wp:attachment":[{"href":"https:\/\/ee.mlfmonde.org\/wuhan-EFIW\/wp-json\/wp\/v2\/media?parent=3342"}],"curies":[{"name":"wp","href":"https:\/\/api.w.org\/{rel}","templated":true}]}}