{"id":211,"date":"2015-11-28T18:55:19","date_gmt":"2015-11-28T10:55:19","guid":{"rendered":"http:\/\/ee.mlfmonde.org\/wuhan-psa\/?page_id=211"},"modified":"2025-06-12T11:18:21","modified_gmt":"2025-06-12T03:18:21","slug":"fournitures","status":"publish","type":"page","link":"https:\/\/ee.mlfmonde.org\/wuhan-EFIW\/info-parents\/fournitures\/","title":{"rendered":"Fournitures"},"content":{"rendered":"<p style=\"text-align: justify\"><span style=\"color: #000000\">Vous trouverez aux liens suivants les\u00a0listes\u00a0de\u00a0fournitures\u00a0scolaires\u00a0que vos enfants devront\u00a0<u>si possible<\/u> poss\u00e9der \u00e0 la rentr\u00e9e d&rsquo;ao\u00fbt 2025. Elles ont \u00e9t\u00e9 \u00e9tablies en fran\u00e7ais et en anglais.<\/span><\/p>\n<p style=\"text-align: justify\"><span style=\"color: #000000\">Nous vous remercions par avance d&rsquo;y accorder la plus grande importance. Pour un \u00e9l\u00e8ve, disposer du bon mat\u00e9riel, c&rsquo;est se donner toutes les chances de bien commencer son ann\u00e9e scolaire !<\/span><\/p>\n<p style=\"text-align: justify\"><em><span style=\"color: #000000\">Les enseignants feront preuve d&rsquo;une grande compr\u00e9hension si, quelles qu&rsquo;en soient les raisons, des \u00e9l\u00e8ves arrivaient sans la totalit\u00e9 de ce mat\u00e9riel \u00e0 la rentr\u00e9e.\u00a0<\/span><\/em><\/p>\n<p style=\"text-align: center\">\u00a0\u00a0 \u00a0 \u00a0 \u00a0\u00a0\u00a0 <a href=\"http:\/\/ee.mlfmonde.org\/wuhan-EFIW\/wp-content\/uploads\/sites\/9\/2025\/06\/Fournitures-Maternelle-2025-26.pdf\"><img fetchpriority=\"high\" decoding=\"async\" class=\"alignnone wp-image-5907\" src=\"http:\/\/ee.mlfmonde.org\/wuhan-EFIW\/wp-content\/uploads\/sites\/9\/2021\/07\/Maternelle-2-300x225.png\" alt=\"\" width=\"303\" height=\"227\" srcset=\"https:\/\/ee.mlfmonde.org\/wuhan-EFIW\/wp-content\/uploads\/sites\/9\/2021\/07\/Maternelle-2-300x225.png 300w, https:\/\/ee.mlfmonde.org\/wuhan-EFIW\/wp-content\/uploads\/sites\/9\/2021\/07\/Maternelle-2-570x428.png 570w, https:\/\/ee.mlfmonde.org\/wuhan-EFIW\/wp-content\/uploads\/sites\/9\/2021\/07\/Maternelle-2.png 640w\" sizes=\"(max-width: 303px) 100vw, 303px\" \/><\/a>\u00a0 \u00a0 \u00a0 \u00a0 \u00a0 \u00a0 \u00a0 \u00a0 \u00a0 \u00a0 \u00a0 \u00a0 \u00a0 \u00a0 \u00a0 \u00a0 \u00a0 \u00a0<a href=\"http:\/\/ee.mlfmonde.org\/wuhan-EFIW\/wp-content\/uploads\/sites\/9\/2025\/06\/Fournitures-Elementaire-2025-26.pdf\"><img decoding=\"async\" class=\"alignnone wp-image-6418\" src=\"http:\/\/ee.mlfmonde.org\/wuhan-EFIW\/wp-content\/uploads\/sites\/9\/2022\/07\/CP-CE-CM-300x225.jpg\" alt=\"\" width=\"304\" height=\"228\" srcset=\"https:\/\/ee.mlfmonde.org\/wuhan-EFIW\/wp-content\/uploads\/sites\/9\/2022\/07\/CP-CE-CM-300x225.jpg 300w, https:\/\/ee.mlfmonde.org\/wuhan-EFIW\/wp-content\/uploads\/sites\/9\/2022\/07\/CP-CE-CM-570x428.jpg 570w, https:\/\/ee.mlfmonde.org\/wuhan-EFIW\/wp-content\/uploads\/sites\/9\/2022\/07\/CP-CE-CM.jpg 640w\" sizes=\"(max-width: 304px) 100vw, 304px\" \/><\/a><\/p>\n<p style=\"text-align: center\"><a href=\"http:\/\/ee.mlfmonde.org\/wuhan-EFIW\/wp-content\/uploads\/sites\/9\/2025\/06\/Fournitures-Secondaire-2025-26.pdf\"><img decoding=\"async\" class=\"wp-image-4994 alignnone\" src=\"http:\/\/ee.mlfmonde.org\/wuhan-EFIW\/wp-content\/uploads\/sites\/9\/2020\/06\/Coll\u00e8ge-300x225.png\" alt=\"\" width=\"324\" height=\"243\" srcset=\"https:\/\/ee.mlfmonde.org\/wuhan-EFIW\/wp-content\/uploads\/sites\/9\/2020\/06\/Coll\u00e8ge-300x225.png 300w, https:\/\/ee.mlfmonde.org\/wuhan-EFIW\/wp-content\/uploads\/sites\/9\/2020\/06\/Coll\u00e8ge-570x428.png 570w, https:\/\/ee.mlfmonde.org\/wuhan-EFIW\/wp-content\/uploads\/sites\/9\/2020\/06\/Coll\u00e8ge.png 640w\" sizes=\"(max-width: 324px) 100vw, 324px\" \/><\/a><\/p>\n<p style=\"text-align: center\">\n","protected":false},"excerpt":{"rendered":"<p>Vous trouverez aux liens suivants les\u00a0listes\u00a0de\u00a0fournitures\u00a0scolaires\u00a0que vos enfants devront\u00a0si possible poss\u00e9der \u00e0 la rentr\u00e9e d&rsquo;ao\u00fbt 2025. Elles ont \u00e9t\u00e9 \u00e9tablies en fran\u00e7ais et en anglais. Nous vous remercions par avance d&rsquo;y accorder la plus grande importance. Pour un \u00e9l\u00e8ve, disposer du bon mat\u00e9riel, c&rsquo;est se donner toutes les chances de bien commencer son ann\u00e9e scolaire [&hellip;]<\/p>\n","protected":false},"author":28,"featured_media":0,"parent":148,"menu_order":0,"comment_status":"closed","ping_status":"closed","template":"","meta":{"_acf_changed":false,"footnotes":""},"class_list":["post-211","page","type-page","status-publish","czr-hentry"],"acf":[],"_links":{"self":[{"href":"https:\/\/ee.mlfmonde.org\/wuhan-EFIW\/wp-json\/wp\/v2\/pages\/211","targetHints":{"allow":["GET"]}}],"collection":[{"href":"https:\/\/ee.mlfmonde.org\/wuhan-EFIW\/wp-json\/wp\/v2\/pages"}],"about":[{"href":"https:\/\/ee.mlfmonde.org\/wuhan-EFIW\/wp-json\/wp\/v2\/types\/page"}],"author":[{"embeddable":true,"href":"https:\/\/ee.mlfmonde.org\/wuhan-EFIW\/wp-json\/wp\/v2\/users\/28"}],"replies":[{"embeddable":true,"href":"https:\/\/ee.mlfmonde.org\/wuhan-EFIW\/wp-json\/wp\/v2\/comments?post=211"}],"version-history":[{"count":28,"href":"https:\/\/ee.mlfmonde.org\/wuhan-EFIW\/wp-json\/wp\/v2\/pages\/211\/revisions"}],"predecessor-version":[{"id":7868,"href":"https:\/\/ee.mlfmonde.org\/wuhan-EFIW\/wp-json\/wp\/v2\/pages\/211\/revisions\/7868"}],"up":[{"embeddable":true,"href":"https:\/\/ee.mlfmonde.org\/wuhan-EFIW\/wp-json\/wp\/v2\/pages\/148"}],"wp:attachment":[{"href":"https:\/\/ee.mlfmonde.org\/wuhan-EFIW\/wp-json\/wp\/v2\/media?parent=211"}],"curies":[{"name":"wp","href":"https:\/\/api.w.org\/{rel}","templated":true}]}}