{"id":202,"date":"2015-11-28T18:51:47","date_gmt":"2015-11-28T10:51:47","guid":{"rendered":"http:\/\/ee.mlfmonde.org\/wuhan-psa\/?page_id=202"},"modified":"2024-11-14T10:02:12","modified_gmt":"2024-11-14T02:02:12","slug":"les-horaires-de-lecole","status":"publish","type":"page","link":"https:\/\/ee.mlfmonde.org\/wuhan-EFIW\/info-parents\/les-horaires-de-lecole\/","title":{"rendered":"Horaires de l&rsquo;\u00e9cole"},"content":{"rendered":"<p style=\"text-align: justify\"><span style=\"color: #000000\">Les cours commencent pour toutes les classes \u00e0 8h00 du lundi au vendredi et se terminent \u00e0 15h20 les lundis, mardis, jeudis, vendredis et \u00e0 11h30 les mercredis.<\/span><\/p>\n<p style=\"text-align: justify\"><span style=\"color: #000000\">Les \u00e9l\u00e8ves sont accueillis \u00e0 partir de 7h50. Les r\u00e9cr\u00e9ations et les pauses m\u00e9ridiennes varient selon les niveaux et sont communiqu\u00e9es en d\u00e9but de chaque ann\u00e9e scolaire avec les emplois du temps.<\/span><\/p>\n<p style=\"text-align: justify\"><span style=\"color: #000000\">Une garderie payante jusqu\u2019\u00e0 16h30 du lundi au vendredi a \u00e9t\u00e9 mise en place pour les familles qui en ont besoin. <\/span><\/p>\n","protected":false},"excerpt":{"rendered":"<p>Les cours commencent pour toutes les classes \u00e0 8h00 du lundi au vendredi et se terminent \u00e0 15h20 les lundis, mardis, jeudis, vendredis et \u00e0 11h30 les mercredis. Les \u00e9l\u00e8ves sont accueillis \u00e0 partir de 7h50. Les r\u00e9cr\u00e9ations et les pauses m\u00e9ridiennes varient selon les niveaux et sont communiqu\u00e9es en d\u00e9but de chaque ann\u00e9e scolaire [&hellip;]<\/p>\n","protected":false},"author":28,"featured_media":0,"parent":148,"menu_order":0,"comment_status":"closed","ping_status":"closed","template":"","meta":{"_acf_changed":false,"footnotes":""},"class_list":["post-202","page","type-page","status-publish","czr-hentry"],"acf":[],"_links":{"self":[{"href":"https:\/\/ee.mlfmonde.org\/wuhan-EFIW\/wp-json\/wp\/v2\/pages\/202","targetHints":{"allow":["GET"]}}],"collection":[{"href":"https:\/\/ee.mlfmonde.org\/wuhan-EFIW\/wp-json\/wp\/v2\/pages"}],"about":[{"href":"https:\/\/ee.mlfmonde.org\/wuhan-EFIW\/wp-json\/wp\/v2\/types\/page"}],"author":[{"embeddable":true,"href":"https:\/\/ee.mlfmonde.org\/wuhan-EFIW\/wp-json\/wp\/v2\/users\/28"}],"replies":[{"embeddable":true,"href":"https:\/\/ee.mlfmonde.org\/wuhan-EFIW\/wp-json\/wp\/v2\/comments?post=202"}],"version-history":[{"count":29,"href":"https:\/\/ee.mlfmonde.org\/wuhan-EFIW\/wp-json\/wp\/v2\/pages\/202\/revisions"}],"predecessor-version":[{"id":7283,"href":"https:\/\/ee.mlfmonde.org\/wuhan-EFIW\/wp-json\/wp\/v2\/pages\/202\/revisions\/7283"}],"up":[{"embeddable":true,"href":"https:\/\/ee.mlfmonde.org\/wuhan-EFIW\/wp-json\/wp\/v2\/pages\/148"}],"wp:attachment":[{"href":"https:\/\/ee.mlfmonde.org\/wuhan-EFIW\/wp-json\/wp\/v2\/media?parent=202"}],"curies":[{"name":"wp","href":"https:\/\/api.w.org\/{rel}","templated":true}]}}