{"id":1878,"date":"2017-02-06T14:27:40","date_gmt":"2017-02-06T06:27:40","guid":{"rendered":"http:\/\/ee.mlfmonde.org\/wuhan-EFIW\/?page_id=1878"},"modified":"2023-08-24T16:24:00","modified_gmt":"2023-08-24T08:24:00","slug":"comite-de-gestion","status":"publish","type":"page","link":"https:\/\/ee.mlfmonde.org\/wuhan-EFIW\/etablissement\/comite-de-gestion\/","title":{"rendered":"Comit\u00e9 de gestion et statuts"},"content":{"rendered":"<div class=\"gmail-page\" title=\"Page 1\">\n<div class=\"gmail-section\">\n<p style=\"text-align: justify\"><span style=\"color: #000000\">L&rsquo;Efiw est g\u00e9r\u00e9e par\u00a0une association qui\u00a0regroupe tous les parents des \u00e9l\u00e8ves.\u00a0<\/span><\/p>\n<p style=\"text-align: justify\"><span style=\"color: #000000\">Chaque ann\u00e9e, l&rsquo;association se choisit au moins trois membres qui constituent un comit\u00e9 de gestion.\u00a0<\/span><\/p>\n<p><span style=\"color: #000000\">Depuis l&rsquo;Assembl\u00e9e G\u00e9n\u00e9rale Ordinaire du 13 juin 2023, le Pr\u00e9sident de l&rsquo;association est\u00a0 M. Freddy G\u00e9hin, (M. C\u00e9dric Gilliouard est Vice-Pr\u00e9sident), le Tr\u00e9sorier est M. J\u00e9r\u00e9my Loste, (M. Quentin Dufour est Vice-Tr\u00e9sorier), et le Secr\u00e9taire est M. Jan-Michael Albina.<\/span><\/p>\n<p style=\"text-align: justify\"><span style=\"color: #000000\">Les missions du comit\u00e9 de gestion sont essentiellement d\u2019assurer la p\u00e9rennit\u00e9 de l\u2019Efiw et sa gestion financi\u00e8re.<\/span><\/p>\n<p style=\"text-align: justify\"><span style=\"color: #000000\">Vous trouverez ci-dessous les statuts de l&rsquo;Efiw.<\/span><\/p>\n<\/div>\n<\/div>\n<p><a href=\"http:\/\/ee.mlfmonde.org\/wuhan-EFIW\/wp-content\/uploads\/sites\/9\/2022\/06\/STATUTS-EFIW-2022-06-14-VF.pdf\"><img fetchpriority=\"high\" decoding=\"async\" class=\"wp-image-6339 aligncenter\" src=\"http:\/\/ee.mlfmonde.org\/wuhan-EFIW\/wp-content\/uploads\/sites\/9\/2022\/06\/STATUTS_2021_22-3.jpg\" alt=\"\" width=\"281\" height=\"398\" srcset=\"https:\/\/ee.mlfmonde.org\/wuhan-EFIW\/wp-content\/uploads\/sites\/9\/2022\/06\/STATUTS_2021_22-3.jpg 1240w, https:\/\/ee.mlfmonde.org\/wuhan-EFIW\/wp-content\/uploads\/sites\/9\/2022\/06\/STATUTS_2021_22-3-212x300.jpg 212w, https:\/\/ee.mlfmonde.org\/wuhan-EFIW\/wp-content\/uploads\/sites\/9\/2022\/06\/STATUTS_2021_22-3-768x1086.jpg 768w, https:\/\/ee.mlfmonde.org\/wuhan-EFIW\/wp-content\/uploads\/sites\/9\/2022\/06\/STATUTS_2021_22-3-724x1024.jpg 724w, https:\/\/ee.mlfmonde.org\/wuhan-EFIW\/wp-content\/uploads\/sites\/9\/2022\/06\/STATUTS_2021_22-3-570x806.jpg 570w\" sizes=\"(max-width: 281px) 100vw, 281px\" \/><\/a><\/p>\n<p>&nbsp;<\/p>\n<p>&nbsp;<\/p>\n","protected":false},"excerpt":{"rendered":"<p>L&rsquo;Efiw est g\u00e9r\u00e9e par\u00a0une association qui\u00a0regroupe tous les parents des \u00e9l\u00e8ves.\u00a0 Chaque ann\u00e9e, l&rsquo;association se choisit au moins trois membres qui constituent un comit\u00e9 de gestion.\u00a0 Depuis l&rsquo;Assembl\u00e9e G\u00e9n\u00e9rale Ordinaire du 13 juin 2023, le Pr\u00e9sident de l&rsquo;association est\u00a0 M. Freddy G\u00e9hin, (M. C\u00e9dric Gilliouard est Vice-Pr\u00e9sident), le Tr\u00e9sorier est M. J\u00e9r\u00e9my Loste, (M. Quentin [&hellip;]<\/p>\n","protected":false},"author":96,"featured_media":0,"parent":138,"menu_order":5,"comment_status":"closed","ping_status":"closed","template":"","meta":{"_acf_changed":false,"footnotes":""},"class_list":["post-1878","page","type-page","status-publish","czr-hentry"],"acf":[],"_links":{"self":[{"href":"https:\/\/ee.mlfmonde.org\/wuhan-EFIW\/wp-json\/wp\/v2\/pages\/1878","targetHints":{"allow":["GET"]}}],"collection":[{"href":"https:\/\/ee.mlfmonde.org\/wuhan-EFIW\/wp-json\/wp\/v2\/pages"}],"about":[{"href":"https:\/\/ee.mlfmonde.org\/wuhan-EFIW\/wp-json\/wp\/v2\/types\/page"}],"author":[{"embeddable":true,"href":"https:\/\/ee.mlfmonde.org\/wuhan-EFIW\/wp-json\/wp\/v2\/users\/96"}],"replies":[{"embeddable":true,"href":"https:\/\/ee.mlfmonde.org\/wuhan-EFIW\/wp-json\/wp\/v2\/comments?post=1878"}],"version-history":[{"count":20,"href":"https:\/\/ee.mlfmonde.org\/wuhan-EFIW\/wp-json\/wp\/v2\/pages\/1878\/revisions"}],"predecessor-version":[{"id":6721,"href":"https:\/\/ee.mlfmonde.org\/wuhan-EFIW\/wp-json\/wp\/v2\/pages\/1878\/revisions\/6721"}],"up":[{"embeddable":true,"href":"https:\/\/ee.mlfmonde.org\/wuhan-EFIW\/wp-json\/wp\/v2\/pages\/138"}],"wp:attachment":[{"href":"https:\/\/ee.mlfmonde.org\/wuhan-EFIW\/wp-json\/wp\/v2\/media?parent=1878"}],"curies":[{"name":"wp","href":"https:\/\/api.w.org\/{rel}","templated":true}]}}