{"id":184,"date":"2015-11-28T10:31:03","date_gmt":"2015-11-28T02:31:03","guid":{"rendered":"http:\/\/ee.mlfmonde.org\/wuhan-psa\/?page_id=184"},"modified":"2023-11-08T16:17:06","modified_gmt":"2023-11-08T08:17:06","slug":"interlocuteurs","status":"publish","type":"page","link":"https:\/\/ee.mlfmonde.org\/wuhan-EFIW\/contacts\/interlocuteurs\/","title":{"rendered":"Interlocuteurs"},"content":{"rendered":"<p>Inscriptions \/ Renseignements<\/p>\n<p>&nbsp;<\/p>\n<hr \/>\n<h5><strong><span style=\"color: #333300\">L&rsquo;EFIW est une \u00e9cole g\u00e9r\u00e9e par l&rsquo;Association de parents d&rsquo;\u00e9l\u00e8ves, dont les fonds proviennent uniquement des frais d&rsquo;\u00e9colage.<br \/>\nLa gestion p\u00e9dagogique est confi\u00e9e localement au directeur recrut\u00e9 par la Mission La\u00efque Fran\u00e7aise.<\/span><\/strong><\/h5>\n<h5>Pour toute information relative \u00e0 la scolarit\u00e9, et pour les demandes d&rsquo;inscriptions dans notre \u00e9tablissement vous pouvez vous adresser \u00e0 M. Arnaud GLOUZOUIC, directeur de l&rsquo;\u00e9cole.<\/h5>\n<h5>Mobile: +86 180 6260 9537<br \/>\nMail: ecole.wuhan@mlfmonde.org<\/h5>\n","protected":false},"excerpt":{"rendered":"<p>Inscriptions \/ Renseignements &nbsp; L&rsquo;EFIW est une \u00e9cole g\u00e9r\u00e9e par l&rsquo;Association de parents d&rsquo;\u00e9l\u00e8ves, dont les fonds proviennent uniquement des frais d&rsquo;\u00e9colage. La gestion p\u00e9dagogique est confi\u00e9e localement au directeur recrut\u00e9 par la Mission La\u00efque Fran\u00e7aise. Pour toute information relative \u00e0 la scolarit\u00e9, et pour les demandes d&rsquo;inscriptions dans notre \u00e9tablissement vous pouvez vous adresser [&hellip;]<\/p>\n","protected":false},"author":28,"featured_media":361,"parent":151,"menu_order":0,"comment_status":"closed","ping_status":"closed","template":"","meta":{"_acf_changed":false,"footnotes":""},"class_list":["post-184","page","type-page","status-publish","has-post-thumbnail","czr-hentry"],"acf":[],"_links":{"self":[{"href":"https:\/\/ee.mlfmonde.org\/wuhan-EFIW\/wp-json\/wp\/v2\/pages\/184","targetHints":{"allow":["GET"]}}],"collection":[{"href":"https:\/\/ee.mlfmonde.org\/wuhan-EFIW\/wp-json\/wp\/v2\/pages"}],"about":[{"href":"https:\/\/ee.mlfmonde.org\/wuhan-EFIW\/wp-json\/wp\/v2\/types\/page"}],"author":[{"embeddable":true,"href":"https:\/\/ee.mlfmonde.org\/wuhan-EFIW\/wp-json\/wp\/v2\/users\/28"}],"replies":[{"embeddable":true,"href":"https:\/\/ee.mlfmonde.org\/wuhan-EFIW\/wp-json\/wp\/v2\/comments?post=184"}],"version-history":[{"count":12,"href":"https:\/\/ee.mlfmonde.org\/wuhan-EFIW\/wp-json\/wp\/v2\/pages\/184\/revisions"}],"predecessor-version":[{"id":6762,"href":"https:\/\/ee.mlfmonde.org\/wuhan-EFIW\/wp-json\/wp\/v2\/pages\/184\/revisions\/6762"}],"up":[{"embeddable":true,"href":"https:\/\/ee.mlfmonde.org\/wuhan-EFIW\/wp-json\/wp\/v2\/pages\/151"}],"wp:featuredmedia":[{"embeddable":true,"href":"https:\/\/ee.mlfmonde.org\/wuhan-EFIW\/wp-json\/wp\/v2\/media\/361"}],"wp:attachment":[{"href":"https:\/\/ee.mlfmonde.org\/wuhan-EFIW\/wp-json\/wp\/v2\/media?parent=184"}],"curies":[{"name":"wp","href":"https:\/\/api.w.org\/{rel}","templated":true}]}}