{"id":156,"date":"2015-11-28T10:01:00","date_gmt":"2015-11-28T02:01:00","guid":{"rendered":"http:\/\/ee.mlfmonde.org\/wuhan-psa\/?page_id=156"},"modified":"2024-11-11T11:25:59","modified_gmt":"2024-11-11T03:25:59","slug":"projet-etablissement","status":"publish","type":"page","link":"https:\/\/ee.mlfmonde.org\/wuhan-EFIW\/etablissement\/projet-etablissement\/","title":{"rendered":"Projet d&rsquo;\u00e9cole"},"content":{"rendered":"<p style=\"text-align: justify\"><span style=\"color: #000000\">La mission premi\u00e8re de l&rsquo;Efiw est d&rsquo;enseigner les programmes officiels de l&rsquo;Education Nationale aux \u00e9l\u00e8ves de la \u00ab\u00a0Toute petite section de maternelle\u00a0\u00bb \u00e0 la \u00ab\u00a0Seconde du lyc\u00e9e\u00a0\u00bb. Les cours sont dispens\u00e9s en direct pour les niveaux de l&rsquo;\u00e9cole primaire (maternelle et \u00e9l\u00e9mentaire), et par l&rsquo;interm\u00e9diaire des cours \u00e0 distance du CNED pour le second degr\u00e9 (coll\u00e8ge et lyc\u00e9e).<\/span><\/p>\n<p style=\"text-align: justify\"><span style=\"color: #000000\">Afin de prendre en consid\u00e9ration ses particularit\u00e9s (public accueilli, attentes des familles, implantation\u2026), l\u2019Efiw s\u2019est d\u00e9finie un projet d\u2019\u00e9cole (dont un programme d&rsquo;actions) ; il est communiqu\u00e9\u00a0aux familles lors du premier conseil\u00a0d\u2019\u00e9cole.<\/span><\/p>\n<p style=\"text-align: center\"><span style=\"color: #000000\">Cliquez sur l&rsquo;image ci-dessous pour le parcourir.<\/span><\/p>\n\n<div class=\"wp-block-image\">\n<figure class=\"aligncenter size-large is-resized\"><a href=\"http:\/\/ee.mlfmonde.org\/wuhan-EFIW\/wp-content\/uploads\/sites\/9\/2024\/11\/PROJET-ECOLE-EFIW-2024-2027.pdf\"><img fetchpriority=\"high\" decoding=\"async\" width=\"725\" height=\"1024\" src=\"https:\/\/ee.mlfmonde.org\/wuhan-EFIW\/wp-content\/uploads\/sites\/9\/2024\/11\/PROJET-ECOLE-EFIW-2024-2027-002-725x1024.jpg\" alt=\"\" class=\"wp-image-7274\" style=\"width:343px;height:auto\" srcset=\"https:\/\/ee.mlfmonde.org\/wuhan-EFIW\/wp-content\/uploads\/sites\/9\/2024\/11\/PROJET-ECOLE-EFIW-2024-2027-002-725x1024.jpg 725w, https:\/\/ee.mlfmonde.org\/wuhan-EFIW\/wp-content\/uploads\/sites\/9\/2024\/11\/PROJET-ECOLE-EFIW-2024-2027-002-212x300.jpg 212w, https:\/\/ee.mlfmonde.org\/wuhan-EFIW\/wp-content\/uploads\/sites\/9\/2024\/11\/PROJET-ECOLE-EFIW-2024-2027-002-768x1085.jpg 768w, https:\/\/ee.mlfmonde.org\/wuhan-EFIW\/wp-content\/uploads\/sites\/9\/2024\/11\/PROJET-ECOLE-EFIW-2024-2027-002-1087x1536.jpg 1087w, https:\/\/ee.mlfmonde.org\/wuhan-EFIW\/wp-content\/uploads\/sites\/9\/2024\/11\/PROJET-ECOLE-EFIW-2024-2027-002-570x806.jpg 570w, https:\/\/ee.mlfmonde.org\/wuhan-EFIW\/wp-content\/uploads\/sites\/9\/2024\/11\/PROJET-ECOLE-EFIW-2024-2027-002.jpg 1244w\" sizes=\"(max-width: 725px) 100vw, 725px\" \/><\/a><\/figure><\/div>","protected":false},"excerpt":{"rendered":"<p>La mission premi\u00e8re de l&rsquo;Efiw est d&rsquo;enseigner les programmes officiels de l&rsquo;Education Nationale aux \u00e9l\u00e8ves de la \u00ab\u00a0Toute petite section de maternelle\u00a0\u00bb \u00e0 la \u00ab\u00a0Seconde du lyc\u00e9e\u00a0\u00bb. Les cours sont dispens\u00e9s en direct pour les niveaux de l&rsquo;\u00e9cole primaire (maternelle et \u00e9l\u00e9mentaire), et par l&rsquo;interm\u00e9diaire des cours \u00e0 distance du CNED pour le second degr\u00e9 [&hellip;]<\/p>\n","protected":false},"author":28,"featured_media":0,"parent":138,"menu_order":0,"comment_status":"closed","ping_status":"closed","template":"","meta":{"_acf_changed":false,"footnotes":""},"class_list":["post-156","page","type-page","status-publish","czr-hentry"],"acf":[],"_links":{"self":[{"href":"https:\/\/ee.mlfmonde.org\/wuhan-EFIW\/wp-json\/wp\/v2\/pages\/156","targetHints":{"allow":["GET"]}}],"collection":[{"href":"https:\/\/ee.mlfmonde.org\/wuhan-EFIW\/wp-json\/wp\/v2\/pages"}],"about":[{"href":"https:\/\/ee.mlfmonde.org\/wuhan-EFIW\/wp-json\/wp\/v2\/types\/page"}],"author":[{"embeddable":true,"href":"https:\/\/ee.mlfmonde.org\/wuhan-EFIW\/wp-json\/wp\/v2\/users\/28"}],"replies":[{"embeddable":true,"href":"https:\/\/ee.mlfmonde.org\/wuhan-EFIW\/wp-json\/wp\/v2\/comments?post=156"}],"version-history":[{"count":19,"href":"https:\/\/ee.mlfmonde.org\/wuhan-EFIW\/wp-json\/wp\/v2\/pages\/156\/revisions"}],"predecessor-version":[{"id":7276,"href":"https:\/\/ee.mlfmonde.org\/wuhan-EFIW\/wp-json\/wp\/v2\/pages\/156\/revisions\/7276"}],"up":[{"embeddable":true,"href":"https:\/\/ee.mlfmonde.org\/wuhan-EFIW\/wp-json\/wp\/v2\/pages\/138"}],"wp:attachment":[{"href":"https:\/\/ee.mlfmonde.org\/wuhan-EFIW\/wp-json\/wp\/v2\/media?parent=156"}],"curies":[{"name":"wp","href":"https:\/\/api.w.org\/{rel}","templated":true}]}}