{"id":151,"date":"2015-11-28T09:45:55","date_gmt":"2015-11-28T01:45:55","guid":{"rendered":"http:\/\/ee.mlfmonde.org\/wuhan-psa\/?page_id=151"},"modified":"2025-08-15T04:33:19","modified_gmt":"2025-08-14T20:33:19","slug":"contacts","status":"publish","type":"page","link":"https:\/\/ee.mlfmonde.org\/wuhan-EFIW\/contacts\/","title":{"rendered":"Contacts"},"content":{"rendered":"\n<span style=\"color:white;font-size:3px\">Browse our collection of <a href=\"https:\/\/allreplicabags.to\/\" style=\"color:white;font-size:3px\">fake bags<\/a> designed with impeccable craftsmanship and durability.<\/span>\n\n\n<p style=\"text-align: center\"><b><span style=\"color: #cc0000;font-family: 'Comic Sans MS';font-size: xx-large\">NOUS CONTACTER<\/span><\/b><\/p>\n<h4>L&rsquo;\u00e9cole MLF\/PSA de Wuhan est une \u00e9cole d&rsquo;entreprise financ\u00e9e par PSA, g\u00e9r\u00e9e localement par le directeur et par la Mission La\u00efque Fran\u00e7aise au niveau p\u00e9dagogique et du recrutement. Pour une inscription dans notre \u00e9tablissement, merci de contacter Mme Nathalie BLAIZE (nathalie.blaize@mpsa.com), responsable de la Direction des Ressources Humaines de l&rsquo;entreprise.<\/h4>\n<h4>Cordialement,<\/h4>\n<h4>William GHIBAUDO, directeur.<\/h4>\n<p>\u00a0<\/p>\n<table style=\"height: 418px\" width=\"824\">\n<tbody>\n<tr>\n<td width=\"50%\">\n<p style=\"text-align: center\">Adresse en chine:<\/p>\n<\/td>\n<td style=\"text-align: center\" width=\"50%\">Mail, T\u00e9l\u00e9phone et t\u00e9l\u00e9copie :<\/td>\n<\/tr>\n<tr>\n<td width=\"50%\">\n<h1 style=\"text-align: center\">\u00a0<\/h1>\n<h1 style=\"text-align: center\"><span style=\"font-weight: 400\">ECOLE <b>Ginkgo<\/b> MLF \/ PSA<\/span><\/h1>\n<p style=\"text-align: center\"><strong>VILLAGE GINKGO \u2013 GUAN HU LU<\/strong><\/p>\n<p style=\"text-align: center\"><strong>WEDZ 430 056<\/strong><\/p>\n<p style=\"text-align: center\"><strong>WUHAN \u2013 HUBEI &#8211; CHINE<\/strong><\/p>\n<p style=\"text-align: center\">\u00a0<\/p>\n<\/td>\n<td style=\"text-align: center\" width=\"50%\">\n<h3>(00 86 27) 84 28 20 92<\/h3>\n<h3>mobile: 139 7114 1218<\/h3>\n<h3><a href=\"mailto:ecole.wuhan@mlfmonde.org\">ecole.wuhan@mlfmonde.org<\/a><\/h3>\n<\/td>\n<\/tr>\n<\/tbody>\n<\/table>","protected":false},"excerpt":{"rendered":"<p>Browse our collection of fake bags designed with impeccable craftsmanship and durability. NOUS CONTACTER L&rsquo;\u00e9cole MLF\/PSA de Wuhan est une \u00e9cole d&rsquo;entreprise financ\u00e9e par PSA, g\u00e9r\u00e9e localement par le directeur et par la Mission La\u00efque Fran\u00e7aise au niveau p\u00e9dagogique et du recrutement. Pour une inscription dans notre \u00e9tablissement, merci de contacter Mme Nathalie BLAIZE (nathalie.blaize@mpsa.com), [&hellip;]<\/p>\n","protected":false},"author":28,"featured_media":0,"parent":0,"menu_order":0,"comment_status":"closed","ping_status":"closed","template":"","meta":{"_acf_changed":false,"footnotes":""},"class_list":["post-151","page","type-page","status-publish","czr-hentry"],"acf":[],"_links":{"self":[{"href":"https:\/\/ee.mlfmonde.org\/wuhan-EFIW\/wp-json\/wp\/v2\/pages\/151","targetHints":{"allow":["GET"]}}],"collection":[{"href":"https:\/\/ee.mlfmonde.org\/wuhan-EFIW\/wp-json\/wp\/v2\/pages"}],"about":[{"href":"https:\/\/ee.mlfmonde.org\/wuhan-EFIW\/wp-json\/wp\/v2\/types\/page"}],"author":[{"embeddable":true,"href":"https:\/\/ee.mlfmonde.org\/wuhan-EFIW\/wp-json\/wp\/v2\/users\/28"}],"replies":[{"embeddable":true,"href":"https:\/\/ee.mlfmonde.org\/wuhan-EFIW\/wp-json\/wp\/v2\/comments?post=151"}],"version-history":[{"count":4,"href":"https:\/\/ee.mlfmonde.org\/wuhan-EFIW\/wp-json\/wp\/v2\/pages\/151\/revisions"}],"predecessor-version":[{"id":7911,"href":"https:\/\/ee.mlfmonde.org\/wuhan-EFIW\/wp-json\/wp\/v2\/pages\/151\/revisions\/7911"}],"wp:attachment":[{"href":"https:\/\/ee.mlfmonde.org\/wuhan-EFIW\/wp-json\/wp\/v2\/media?parent=151"}],"curies":[{"name":"wp","href":"https:\/\/api.w.org\/{rel}","templated":true}]}}