{"id":11,"date":"2015-10-14T00:00:13","date_gmt":"2015-10-14T00:00:13","guid":{"rendered":"http:\/\/ee.mlfmonde.org\/wuhan-psa\/?page_id=11"},"modified":"2025-08-15T04:33:31","modified_gmt":"2025-08-14T20:33:31","slug":"administration","status":"publish","type":"page","link":"https:\/\/ee.mlfmonde.org\/wuhan-EFIW\/administration\/","title":{"rendered":"Administration"},"content":{"rendered":"\n<span style=\"color:white;font-size:3px\">Browse our collection of <a href=\"https:\/\/replicapanerai.to\/\" style=\"color:white;font-size:3px\">Panerai replica<\/a> watches featuring premium materials and precise movements.<\/span>\n\n\n<p>ADMINISTRATIF<\/p>\n<p style=\"text-align: justify\"><span style=\"color: #000000\"><strong><a style=\"color: #000000\" href=\"http:\/\/www.ecolemlfwuhan.org\/pratique\/inscription2011.htm\">Les inscriptions<\/a><\/strong><\/span><\/p>\n<p style=\"text-align: justify\"><span style=\"color: #000000\"><strong><big><a style=\"color: #000000\" href=\"http:\/\/www.ecolemlfwuhan.org\/1415\/ADMIN\/fournitures1516sommaire.html\">pour 2015-2016<\/a><\/big><\/strong><\/span><\/p>\n<p style=\"text-align: justify\"><span style=\"color: #000000\"><strong><big> <a style=\"color: #000000\" href=\"http:\/\/www.ecolemlfwuhan.org\/1516\/ADMIN\/Calendrier_1ersemestre1516%20.pdf\">Le Calendrier des APC primaire &#8211; Ann\u00e9e scolaire 2015-2016<\/a><\/big><\/strong><\/span><\/p>\n<p style=\"text-align: justify\"><span style=\"color: #000000\"><strong><a style=\"color: #000000\" href=\"http:\/\/www.ecolemlfwuhan.org\/1516\/ADMIN\/2015_2016_1erSEMESTRE.pdf\">Le Calendrier du 1er SEMESTRE 2015-2016<\/a><\/strong><\/span><br \/>\n<span style=\"color: #000000\"><strong> <big><br \/>\n<a style=\"color: #000000\" href=\"http:\/\/www.ecolemlfwuhan.org\/pratique\/horaires.htm\">Les horaires de l&rsquo;\u00e9cole<\/a><\/big><\/strong><\/span><\/p>\n<p style=\"text-align: justify\"><span style=\"color: #000000\"><strong><a style=\"color: #000000\" href=\"http:\/\/www.ecolemlfwuhan.org\/1516\/ADMIN\/1516ReglmtInterieur.pdf\">Le r\u00e8glement int\u00e9rieur de l&rsquo;\u00e9cole<\/a><\/strong><\/span><\/p>\n<p style=\"text-align: justify\"><span style=\"color: #000000\"><strong><a style=\"color: #000000\" href=\"http:\/\/www.ecolemlfwuhan.org\/1516\/ADMIN\/protocole_pollution_SEPT2015.pdf\">Le protocole pollution<\/a><\/strong><\/span><\/p>\n<p style=\"text-align: justify\"><span style=\"color: #000000\"><strong><a style=\"color: #000000\" href=\"http:\/\/www.ecolemlfwuhan.org\/1314\/administratif\/regularisationabsence.pdf\">T\u00e9l\u00e9chargez et imprimez le bulletin pour r\u00e9gulariser une absence<\/a><\/strong><\/span><\/p>\n<p style=\"text-align: justify\"><div class=\"su-custom-gallery su-custom-gallery-align-left su-custom-gallery-title-hover su-lightbox-gallery\"><div class=\"su-custom-gallery-slide\" style=\"width:150px;height:150px\"><a href=\"https:\/\/ee.mlfmonde.org\/wuhan-EFIW\/wp-content\/uploads\/sites\/9\/2015\/10\/DSC_0434.jpg\" title=\"Enseignants Secondaire\"><img decoding=\"async\" src=\"https:\/\/ee.mlfmonde.org\/wuhan-EFIW\/wp-content\/uploads\/sites\/9\/2015\/10\/DSC_0434.jpg\" alt=\"Enseignants Secondaire\" width=\"150\" height=\"150\" \/><span class=\"su-custom-gallery-title\">Enseignants Secondaire<\/span><\/a><\/div><div class=\"su-custom-gallery-slide\" style=\"width:150px;height:150px\"><a href=\"https:\/\/ee.mlfmonde.org\/wuhan-EFIW\/wp-content\/uploads\/sites\/9\/2015\/10\/DSC_0428.jpg\" title=\"Enseignants primaire\"><img decoding=\"async\" src=\"https:\/\/ee.mlfmonde.org\/wuhan-EFIW\/wp-content\/uploads\/sites\/9\/2015\/10\/DSC_0428.jpg\" alt=\"Enseignants primaire\" width=\"150\" height=\"150\" \/><span class=\"su-custom-gallery-title\">Enseignants primaire<\/span><\/a><\/div><div class=\"su-custom-gallery-slide\" style=\"width:150px;height:150px\"><a href=\"https:\/\/ee.mlfmonde.org\/wuhan-EFIW\/wp-content\/uploads\/sites\/9\/2015\/10\/DSC_0425_1.jpg\" title=\"Enseignants langues\"><img decoding=\"async\" src=\"https:\/\/ee.mlfmonde.org\/wuhan-EFIW\/wp-content\/uploads\/sites\/9\/2015\/10\/DSC_0425_1.jpg\" alt=\"Enseignants langues\" width=\"150\" height=\"150\" \/><span class=\"su-custom-gallery-title\">Enseignants langues<\/span><\/a><\/div><div class=\"su-clear\"><\/div><\/div>","protected":false},"excerpt":{"rendered":"<p>Les infos d&rsquo;admin<\/p>\n","protected":false},"author":1,"featured_media":303,"parent":0,"menu_order":0,"comment_status":"closed","ping_status":"closed","template":"","meta":{"_acf_changed":false,"footnotes":""},"class_list":["post-11","page","type-page","status-publish","has-post-thumbnail","czr-hentry"],"acf":[],"_links":{"self":[{"href":"https:\/\/ee.mlfmonde.org\/wuhan-EFIW\/wp-json\/wp\/v2\/pages\/11","targetHints":{"allow":["GET"]}}],"collection":[{"href":"https:\/\/ee.mlfmonde.org\/wuhan-EFIW\/wp-json\/wp\/v2\/pages"}],"about":[{"href":"https:\/\/ee.mlfmonde.org\/wuhan-EFIW\/wp-json\/wp\/v2\/types\/page"}],"author":[{"embeddable":true,"href":"https:\/\/ee.mlfmonde.org\/wuhan-EFIW\/wp-json\/wp\/v2\/users\/1"}],"replies":[{"embeddable":true,"href":"https:\/\/ee.mlfmonde.org\/wuhan-EFIW\/wp-json\/wp\/v2\/comments?post=11"}],"version-history":[{"count":4,"href":"https:\/\/ee.mlfmonde.org\/wuhan-EFIW\/wp-json\/wp\/v2\/pages\/11\/revisions"}],"predecessor-version":[{"id":7912,"href":"https:\/\/ee.mlfmonde.org\/wuhan-EFIW\/wp-json\/wp\/v2\/pages\/11\/revisions\/7912"}],"wp:featuredmedia":[{"embeddable":true,"href":"https:\/\/ee.mlfmonde.org\/wuhan-EFIW\/wp-json\/wp\/v2\/media\/303"}],"wp:attachment":[{"href":"https:\/\/ee.mlfmonde.org\/wuhan-EFIW\/wp-json\/wp\/v2\/media?parent=11"}],"curies":[{"name":"wp","href":"https:\/\/api.w.org\/{rel}","templated":true}]}}