{"id":64,"date":"2025-02-07T09:41:10","date_gmt":"2025-02-07T09:41:10","guid":{"rendered":"https:\/\/ee.mlfmonde.org\/tepef\/?page_id=64"},"modified":"2025-02-27T13:30:38","modified_gmt":"2025-02-27T04:30:38","slug":"notre-ecole","status":"publish","type":"page","link":"https:\/\/ee.mlfmonde.org\/tepef\/notre-ecole\/","title":{"rendered":"Notre \u00e9cole hybride"},"content":{"rendered":"\n<p><\/p>\n\n\n<div class=\"wp-block-image\">\n<figure class=\"aligncenter size-large is-resized\"><img decoding=\"async\" src=\"http:\/\/ee.mlfmonde.org\/tepef\/wp-content\/uploads\/sites\/27\/2025\/02\/IMG20250127122350-768x1024.jpg\" alt=\"Pr\u00e9sentation de l'\u00e9cole\" class=\"wp-image-117\" style=\"width:504px;height:auto\" \/><\/figure><\/div>\n\n\n<p>Cr\u00e9\u00e9e en f\u00e9vrier 2024, l\u2019Ecole fran\u00e7aise Total-MLF de Port Moresby , en Papouasie Nouvelle Guin\u00e9e, est une \u00e9cole d\u00b4entreprise qui accueille des \u00e9l\u00e8ves de la Grande Section \u00e0 la 6\u00e8me. Elle est h\u00e9berg\u00e9e au sein des locaux de l&rsquo;\u00e9cole internationale de TEMIS, The Ela Murray International School, dans un cadre particuli\u00e8rement agr\u00e9able, arbor\u00e9 et disposant de tr\u00e8s belles infrastructures : un grand stade, une piscine de 25m nouvellement refaite, des aires de jeux adapt\u00e9es et s\u00e9curis\u00e9es, un laboratoire de science, une salle de musique, une salle d&rsquo;arts plastiques, une salle informatique, une grande biblioth\u00e8que, une caf\u00e9t\u00e9ria et de beaux espaces paysag\u00e9s et ombrag\u00e9s.<\/p>\n\n\n\n<p>L\u00b4 \u00ab&nbsp;Hybrid System Mlf&nbsp;\u00bb r\u00e9pond aux attentes des familles qui souhaitent une scolarit\u00e9 internationale reconnue et ouverte \u00e0 tous les cas de figure&nbsp;: retour dans le syst\u00e8me fran\u00e7ais ou poursuite dans le syst\u00e8me international.<\/p>\n\n\n\n<p><strong>L\u00b4 \u00ab&nbsp;Hybrid System&nbsp;Mlf \u00bb en d\u00e9tail<\/strong><\/p>\n\n\n\n<ul class=\"wp-block-list\">\n<li>Un enseignement reconnu et valid\u00e9 (pas de rupture de scolarit\u00e9).<\/li>\n\n\n\n<li>Des enseignants fran\u00e7ais recrut\u00e9s par la Mission La\u00efque Fran\u00e7aise (Mlf), op\u00e9rateur historique de l\u00b4enseignement fran\u00e7ais \u00e0 l\u00b4\u00e9tranger depuis 1902  reconnu d&rsquo;utilit\u00e9 publique.<\/li>\n\n\n\n<li>De petits effectifs et un suivi personnalis\u00e9 au plus pr\u00e8s des besoins de chaque \u00e9l\u00e8ve.<\/li>\n\n\n\n<li>Une immersion dans une \u00e9cole internationale permettant un apprentissage de la langue anglaise de haut niveau, tout en conservant le lien avec le cursus fran\u00e7ais : un v\u00e9ritable cursus bilingue \u00ab\u00a0one classroom, one language\u00a0\u00bb.<\/li>\n\n\n\n<li>Une int\u00e9gration exceptionnelle au sein d&rsquo;une vaste communaut\u00e9 scolaire internationale tr\u00e8s dynamique qui valorise la r\u00e9ussite des \u00e9l\u00e8ves. Les interactions sociales en anglais  constituent un r\u00e9el atout.<\/li>\n<\/ul>\n\n\n\n<p><strong>Organisation du cursus \u00e0 l\u00b4Ecole fran\u00e7aise Total-MLF de Port Moresby<\/strong><\/p>\n\n\n\n<p><strong>Enseignement en langue fran\u00e7aise<\/strong><\/p>\n\n\n\n<ul class=\"wp-block-list\">\n<li>Fran\u00e7ais<\/li>\n\n\n\n<li>Math\u00e9matiques<\/li>\n\n\n\n<li>Histoire-g\u00e9ographie, Education Morale et Civique<\/li>\n<\/ul>\n\n\n\n<figure class=\"wp-block-gallery has-nested-images columns-default is-cropped wp-block-gallery-1 is-layout-flex wp-block-gallery-is-layout-flex\">\n<figure class=\"wp-block-image size-large is-style-default\"><img fetchpriority=\"high\" decoding=\"async\" width=\"1024\" height=\"768\" data-id=\"148\" src=\"https:\/\/ee.mlfmonde.org\/tepef\/wp-content\/uploads\/sites\/27\/2025\/02\/IMG20240311115212-1024x768.jpg\" alt=\"\" class=\"wp-image-148\" srcset=\"https:\/\/ee.mlfmonde.org\/tepef\/wp-content\/uploads\/sites\/27\/2025\/02\/IMG20240311115212-1024x768.jpg 1024w, https:\/\/ee.mlfmonde.org\/tepef\/wp-content\/uploads\/sites\/27\/2025\/02\/IMG20240311115212-300x225.jpg 300w, https:\/\/ee.mlfmonde.org\/tepef\/wp-content\/uploads\/sites\/27\/2025\/02\/IMG20240311115212-768x576.jpg 768w, https:\/\/ee.mlfmonde.org\/tepef\/wp-content\/uploads\/sites\/27\/2025\/02\/IMG20240311115212-1536x1152.jpg 1536w, https:\/\/ee.mlfmonde.org\/tepef\/wp-content\/uploads\/sites\/27\/2025\/02\/IMG20240311115212-2048x1536.jpg 2048w, https:\/\/ee.mlfmonde.org\/tepef\/wp-content\/uploads\/sites\/27\/2025\/02\/IMG20240311115212-570x428.jpg 570w\" sizes=\"(max-width: 1024px) 100vw, 1024px\" \/><\/figure>\n<\/figure>\n\n\n\n<p><strong>Enseignement en langue anglaise assur\u00e9 par les enseignants de TEMIS<\/strong><\/p>\n\n\n\n<ul class=\"wp-block-list\">\n<li>Anglais<\/li>\n\n\n\n<li>Sciences<\/li>\n\n\n\n<li>Sport<\/li>\n\n\n\n<li>Musique<\/li>\n\n\n\n<li>Arts<\/li>\n\n\n\n<li>Informatique (ICT)<\/li>\n<\/ul>\n\n\n\n<p><\/p>\n\n\n\n<p><strong>UN PASSAGE EN CLASSE SUPERIEURE DEBUT SEPTEMBRE : RYTHME NORD<\/strong><\/p>\n\n\n\n<p>Afin de ne pas \u00ab\u00a0d\u00e9caler\u00a0\u00bb les enfants par rapport aux ann\u00e9es scolaires fran\u00e7aises qui d\u00e9butent d\u00e9but septembre, le passage en classe sup\u00e9rieure se fait \u00e0 TEPEF aux m\u00eames dates. <\/p>\n\n\n\n<p>En effet, m\u00eame si notre calendrier scolaire (voir rubrique ADMINISTRATION) est construit sur celui de TEMIS, notre ann\u00e9e \u00ab\u00a0acad\u00e9mique\u00a0\u00bb reste celle de la France. Elle est r\u00e9partie sur 4 p\u00e9riodes de travail au lieu de 5 (les p\u00e9riodes sont plus longues et les semaines de classe sont plus charg\u00e9es sur le plan horaire). Ainsi, le retour en \u00e9cole fran\u00e7aise (en France ou \u00e0 l&rsquo;\u00e9tranger) peut se faire \u00e0 n&rsquo;importe quel moment de l&rsquo;ann\u00e9e sans porter pr\u00e9judice aux \u00e9l\u00e8ves.<\/p>\n\n\n\n<p><\/p>\n\n\n\n<p><\/p>\n","protected":false},"excerpt":{"rendered":"<p>Cr\u00e9\u00e9e en f\u00e9vrier 2024, l\u2019Ecole fran\u00e7aise Total-MLF de Port Moresby , en Papouasie Nouvelle Guin\u00e9e, est une \u00e9cole d\u00b4entreprise qui accueille des \u00e9l\u00e8ves de la Grande Section \u00e0 la 6\u00e8me. Elle est h\u00e9berg\u00e9e au sein des locaux de l&rsquo;\u00e9cole internationale de TEMIS, The Ela Murray International School, dans un cadre particuli\u00e8rement agr\u00e9able, arbor\u00e9 et disposant [&hellip;]<\/p>\n","protected":false},"author":167,"featured_media":137,"parent":0,"menu_order":0,"comment_status":"closed","ping_status":"closed","template":"","meta":{"_acf_changed":false,"footnotes":""},"class_list":["post-64","page","type-page","status-publish","has-post-thumbnail","czr-hentry"],"acf":[],"_links":{"self":[{"href":"https:\/\/ee.mlfmonde.org\/tepef\/wp-json\/wp\/v2\/pages\/64","targetHints":{"allow":["GET"]}}],"collection":[{"href":"https:\/\/ee.mlfmonde.org\/tepef\/wp-json\/wp\/v2\/pages"}],"about":[{"href":"https:\/\/ee.mlfmonde.org\/tepef\/wp-json\/wp\/v2\/types\/page"}],"author":[{"embeddable":true,"href":"https:\/\/ee.mlfmonde.org\/tepef\/wp-json\/wp\/v2\/users\/167"}],"replies":[{"embeddable":true,"href":"https:\/\/ee.mlfmonde.org\/tepef\/wp-json\/wp\/v2\/comments?post=64"}],"version-history":[{"count":17,"href":"https:\/\/ee.mlfmonde.org\/tepef\/wp-json\/wp\/v2\/pages\/64\/revisions"}],"predecessor-version":[{"id":386,"href":"https:\/\/ee.mlfmonde.org\/tepef\/wp-json\/wp\/v2\/pages\/64\/revisions\/386"}],"wp:featuredmedia":[{"embeddable":true,"href":"https:\/\/ee.mlfmonde.org\/tepef\/wp-json\/wp\/v2\/media\/137"}],"wp:attachment":[{"href":"https:\/\/ee.mlfmonde.org\/tepef\/wp-json\/wp\/v2\/media?parent=64"}],"curies":[{"name":"wp","href":"https:\/\/api.w.org\/{rel}","templated":true}]}}