{"id":151,"date":"2025-02-10T18:16:39","date_gmt":"2025-02-10T09:16:39","guid":{"rendered":"https:\/\/ee.mlfmonde.org\/tepef\/?page_id=151"},"modified":"2026-03-17T10:45:56","modified_gmt":"2026-03-17T01:45:56","slug":"lequipe-enseignante","status":"publish","type":"page","link":"https:\/\/ee.mlfmonde.org\/tepef\/lequipe-enseignante\/","title":{"rendered":"L&rsquo;\u00e9quipe enseignante Mlf"},"content":{"rendered":"\n<div class=\"wp-block-columns is-layout-flex wp-container-core-columns-is-layout-9d6595d7 wp-block-columns-is-layout-flex\">\n<div class=\"wp-block-column is-layout-flow wp-block-column-is-layout-flow\" style=\"flex-basis:100%\">\n<div class=\"wp-block-columns is-layout-flex wp-container-core-columns-is-layout-9d6595d7 wp-block-columns-is-layout-flex\">\n<div class=\"wp-block-column is-layout-flow wp-block-column-is-layout-flow\" style=\"flex-basis:100%\">\n<p class=\"has-text-align-center has-large-font-size\"><\/p>\n\n\n\n<div class=\"wp-block-media-text is-stacked-on-mobile has-background\" style=\"background-color:#9e988f\"><figure class=\"wp-block-media-text__media\"><img fetchpriority=\"high\" decoding=\"async\" width=\"360\" height=\"640\" src=\"http:\/\/ee.mlfmonde.org\/tepef\/wp-content\/uploads\/sites\/27\/2025\/02\/9083A19E-31DB-4C21-97FD-C44BEDCAFB32-rotated.jpg\" alt=\"\" class=\"wp-image-153 size-full\" srcset=\"https:\/\/ee.mlfmonde.org\/tepef\/wp-content\/uploads\/sites\/27\/2025\/02\/9083A19E-31DB-4C21-97FD-C44BEDCAFB32-rotated.jpg 360w, https:\/\/ee.mlfmonde.org\/tepef\/wp-content\/uploads\/sites\/27\/2025\/02\/9083A19E-31DB-4C21-97FD-C44BEDCAFB32-169x300.jpg 169w\" sizes=\"(max-width: 360px) 100vw, 360px\" \/><\/figure><div class=\"wp-block-media-text__content\">\n<p><strong>Fabienne ALLAIRE<\/strong><\/p>\n\n\n\n<p>Directrice  Enseignante<\/p>\n\n\n\n<p>Maternelle  Primaire Secondaire<\/p>\n\n\n\n<p>CNED : Domaines litt\u00e9raires et scientifiques<\/p>\n\n\n\n<p>Enseignant FLE ( Fran\u00e7ais Langue Etrang\u00e8re) <\/p>\n\n\n\n<p><\/p>\n<\/div><\/div>\n<\/div>\n<\/div>\n<\/div>\n<\/div>\n\n\n\n<p><\/p>\n\n\n\n<div class=\"wp-block-media-text is-stacked-on-mobile has-background\" style=\"background-color:#9e988f\"><figure class=\"wp-block-media-text__media\"><img decoding=\"async\" width=\"360\" height=\"640\" src=\"http:\/\/ee.mlfmonde.org\/tepef\/wp-content\/uploads\/sites\/27\/2025\/02\/F4EA2991-3F59-41DF-BBA6-05D79ED86144-rotated.jpg\" alt=\"\" class=\"wp-image-154 size-full\" srcset=\"https:\/\/ee.mlfmonde.org\/tepef\/wp-content\/uploads\/sites\/27\/2025\/02\/F4EA2991-3F59-41DF-BBA6-05D79ED86144-rotated.jpg 360w, https:\/\/ee.mlfmonde.org\/tepef\/wp-content\/uploads\/sites\/27\/2025\/02\/F4EA2991-3F59-41DF-BBA6-05D79ED86144-169x300.jpg 169w\" sizes=\"(max-width: 360px) 100vw, 360px\" \/><\/figure><div class=\"wp-block-media-text__content\">\n<div class=\"wp-block-group\"><div class=\"wp-block-group__inner-container is-layout-constrained wp-block-group-is-layout-constrained\">\n<div class=\"wp-block-columns is-layout-flex wp-container-core-columns-is-layout-9d6595d7 wp-block-columns-is-layout-flex\">\n<div class=\"wp-block-column is-layout-flow wp-block-column-is-layout-flow\" style=\"flex-basis:100%\">\n<div class=\"wp-block-group\"><div class=\"wp-block-group__inner-container is-layout-constrained wp-block-group-is-layout-constrained\">\n<div class=\"wp-block-columns is-layout-flex wp-container-core-columns-is-layout-9d6595d7 wp-block-columns-is-layout-flex\">\n<div class=\"wp-block-column has-background is-layout-flow wp-block-column-is-layout-flow\" style=\"background-color:#9e988f;flex-basis:100%\">\n<div class=\"wp-block-columns is-layout-flex wp-container-core-columns-is-layout-9d6595d7 wp-block-columns-is-layout-flex\">\n<div class=\"wp-block-column is-layout-flow wp-block-column-is-layout-flow\">\n<p><strong>S\u00e9bastien ALLAIRE<\/strong><\/p>\n\n\n\n<p><\/p>\n\n\n\n<p>Directeur-adjoint  Enseignant<\/p>\n\n\n\n<p>Maternelle Primaire Secondaire<\/p>\n\n\n\n<p>CNED : Histoire-G\u00e9ographie<\/p>\n\n\n\n<p>             Education Morale et Civique<\/p>\n\n\n\n<p class=\"has-text-align-left\">EPS<\/p>\n\n\n\n<p>Enseignant FLE ( Fran\u00e7ais Langue Etrang\u00e8re)<\/p>\n<\/div>\n<\/div>\n<\/div>\n<\/div>\n<\/div><\/div>\n<\/div>\n<\/div>\n<\/div><\/div>\n<\/div><\/div>\n","protected":false},"excerpt":{"rendered":"<p>Fabienne ALLAIRE Directrice Enseignante Maternelle Primaire Secondaire CNED : Domaines litt\u00e9raires et scientifiques Enseignant FLE ( Fran\u00e7ais Langue Etrang\u00e8re)<\/p>\n","protected":false},"author":167,"featured_media":0,"parent":0,"menu_order":0,"comment_status":"closed","ping_status":"closed","template":"","meta":{"_acf_changed":false,"footnotes":""},"class_list":["post-151","page","type-page","status-publish","czr-hentry"],"acf":[],"_links":{"self":[{"href":"https:\/\/ee.mlfmonde.org\/tepef\/wp-json\/wp\/v2\/pages\/151","targetHints":{"allow":["GET"]}}],"collection":[{"href":"https:\/\/ee.mlfmonde.org\/tepef\/wp-json\/wp\/v2\/pages"}],"about":[{"href":"https:\/\/ee.mlfmonde.org\/tepef\/wp-json\/wp\/v2\/types\/page"}],"author":[{"embeddable":true,"href":"https:\/\/ee.mlfmonde.org\/tepef\/wp-json\/wp\/v2\/users\/167"}],"replies":[{"embeddable":true,"href":"https:\/\/ee.mlfmonde.org\/tepef\/wp-json\/wp\/v2\/comments?post=151"}],"version-history":[{"count":7,"href":"https:\/\/ee.mlfmonde.org\/tepef\/wp-json\/wp\/v2\/pages\/151\/revisions"}],"predecessor-version":[{"id":828,"href":"https:\/\/ee.mlfmonde.org\/tepef\/wp-json\/wp\/v2\/pages\/151\/revisions\/828"}],"wp:attachment":[{"href":"https:\/\/ee.mlfmonde.org\/tepef\/wp-json\/wp\/v2\/media?parent=151"}],"curies":[{"name":"wp","href":"https:\/\/api.w.org\/{rel}","templated":true}]}}