{"id":52,"date":"2017-10-11T10:02:02","date_gmt":"2017-10-11T10:02:02","guid":{"rendered":"http:\/\/ee.mlfmonde.org\/taishan-edf\/?page_id=52"},"modified":"2020-09-11T14:53:06","modified_gmt":"2020-09-11T14:53:06","slug":"administration","status":"publish","type":"page","link":"https:\/\/ee.mlfmonde.org\/taishan-edf\/administration\/","title":{"rendered":"Administration"},"content":{"rendered":"<p>Retrouvez l\u2019ensemble des informations administratives concernant l\u2019\u00e9cole : horaires, fournitures, calendrier scolaire &#8230;<\/p>\n<div class=\"su-spoiler su-spoiler-style-default su-spoiler-icon-folder-1 su-spoiler-closed\" data-scroll-offset=\"0\" data-anchor-in-url=\"no\"><div class=\"su-spoiler-title\" tabindex=\"0\" role=\"button\"><span class=\"su-spoiler-icon\"><\/span>Projet d'\u00e9cole<\/div><div class=\"su-spoiler-content su-u-clearfix su-u-trim\">\nLe projet d&rsquo;\u00e9cole s&rsquo;articule autour des trois axes :<br \/>\n<div class=\"su-list\" style=\"margin-left:0px\">\n<ol>\n<li style=\"list-style-type: none\">\n<ol>\n<li><i class=\"sui sui-\" style=\"color:#333\"><\/i> Ma\u00eetrise des langues \u00e0 l\u2019oral et \u00e0 l\u2019\u00e9crit\u00a0:\n<ul>\n<li style=\"list-style-type: none\">\n<ul style=\"margin-left: 1em !important\">\n<li><i class=\"sui sui-\" style=\"color:#333\"><\/i> <i class=\"fa fa-check\" style=\"color: #333\"><\/i> Fran\u00e7ais<\/li>\n<li><i class=\"sui sui-\" style=\"color:#333\"><\/i> <i class=\"fa fa-check\" style=\"color: #333\"><\/i> Langues \u00e9trang\u00e8res\u00a0: Anglais &#8211; Chinois &#8211; Espagnol<\/li>\n<\/ul>\n<\/li>\n<\/ul>\n<\/li>\n<li><i class=\"sui sui-\" style=\"color:#333\"><\/i> L\u2019ouverture sur le monde par les arts\u00a0:<\/li>\n<\/ol>\n<\/li>\n<\/ol>\n<p>Mise en place d\u2019un parcours d\u2019\u00e9ducation artistique et culturelle suivant les 6 domaines ci-apr\u00e8s\u00a0:<\/p>\n<ol>\n<li style=\"list-style-type: none\">\n<ul>\n<li style=\"list-style-type: none\">\n<ul style=\"margin-left: 1em !important\">\n<li><i class=\"sui sui-\" style=\"color:#333\"><\/i> <i class=\"fa fa-codepen\" style=\"color: #333\"><\/i> Les arts de l\u2019espace : architecture, jardins, urbanisme, monuments.<\/li>\n<li><i class=\"sui sui-\" style=\"color:#333\"><\/i> <i class=\"fa fa-book\" style=\"color: #333\"><\/i> Les arts du langage : litt\u00e9rature, po\u00e9sie.<\/li>\n<li><i class=\"sui sui-\" style=\"color:#333\"><\/i> <i class=\"fa fa-eye\" style=\"color: #333\"><\/i> Les arts du quotidien : objets d\u2019art, mobilier, bijoux.<\/li>\n<li><i class=\"sui sui-\" style=\"color:#333\"><\/i> <i class=\"fa fa-music\" style=\"color: #333\"><\/i> Les arts du son : musique, chanson.<\/li>\n<li><i class=\"sui sui-\" style=\"color:#333\"><\/i> <i class=\"fa fa-institution\" style=\"color: #333\"><\/i> Les arts du spectacle vivant : th\u00e9\u00e2tre, chor\u00e9graphie, cirque.<\/li>\n<li><i class=\"sui sui-\" style=\"color:#333\"><\/i> <i class=\"fa fa-camera\" style=\"color: #333\"><\/i> Les arts visuels : peinture, sculpture, cin\u00e9ma, photographie, design, arts num\u00e9riques.<\/li>\n<\/ul>\n<\/li>\n<\/ul>\n<\/li>\n<li><i class=\"sui sui-\" style=\"color:#333\"><\/i> Le vivre ensemble dans un contexte isol\u00e9\u00a0:\n<ul>\n<li style=\"list-style-type: none\">\n<ul style=\"margin-left: 1em !important\">\n<li><i class=\"sui sui-\" style=\"color:#333\"><\/i> <i class=\"fa fa-check\" style=\"color: #333\"><\/i> Le d\u00e9veloppement durable.<\/li>\n<li><i class=\"sui sui-\" style=\"color:#333\"><\/i> <i class=\"fa fa-check\" style=\"color: #333\"><\/i> Le sport.<\/li>\n<li><i class=\"sui sui-\" style=\"color:#333\"><\/i> <i class=\"fa fa-check\" style=\"color: #333\"><\/i> Les activit\u00e9s p\u00e9riscolaires.<\/li>\n<li><i class=\"sui sui-\" style=\"color:#333\"><\/i> <i class=\"fa fa-check\" style=\"color: #333\"><\/i> Les activit\u00e9s communes \u00e0 tous les \u00e9l\u00e8ves qui cr\u00e9ent un esprit d\u2019\u00e9cole<\/li>\n<li><i class=\"sui sui-\" style=\"color:#333\"><\/i> Correspondance et \u00e9changes p\u00e9dagogiques avec l&rsquo;Ecole Fran\u00e7aise Internationale de Shenzhen.<\/li>\n<\/ul>\n<\/li>\n<\/ul>\n<\/li>\n<\/ol>\n<\/div>\n<\/div><\/div>\n<div class=\"su-list\" style=\"margin-left:0px\">\n<ul>\n<li><i class=\"sui sui-folder\" style=\"color:#333\"><\/i> <a href=\"http:\/\/ee.mlfmonde.org\/taishan-edf\/wp-content\/uploads\/sites\/21\/2020\/09\/calendrier-scolaire-2020-2021-Taishan-1.pdf\">calendrier scolaire 2020-2021 Taishan<\/a><\/li>\n<\/ul>\n<\/div>\n<div class=\"su-spoiler su-spoiler-style-default su-spoiler-icon-folder-1 su-spoiler-closed\" data-scroll-offset=\"0\" data-anchor-in-url=\"no\"><div class=\"su-spoiler-title\" tabindex=\"0\" role=\"button\"><span class=\"su-spoiler-icon\"><\/span>Horaires de l'\u00e9cole<\/div><div class=\"su-spoiler-content su-u-clearfix su-u-trim\">\n<div class=\"su-list\" style=\"margin-left:0px\">\n<ul>\n<li style=\"list-style-type: none\">\n<ul style=\"margin-left: 1em !important\">\n<li><i class=\"sui sui-\" style=\"color:#333\"><\/i> <i class=\"fa fa-clock-o\" style=\"color: #333\"><\/i>Maternelles et Primaires<br \/>\nMatin : accueil de 8h20 \u00e0 8h30 \u2013 classe jusqu\u2019\u00e0 12h00<br \/>\nApr\u00e8s-midi : accueil de 13h20 \u00e0 13h30 \u2013 classe jusqu\u2019\u00e0 16h00.<br \/>\nLes \u00e9l\u00e8ves n\u2019ont pas cours ni le mercredi apr\u00e8s-midi, ni le vendredi apr\u00e8s-midi.<br \/>\nLes mardis et jeudis, des activit\u00e9s p\u00e9riscolaires et des Activit\u00e9s P\u00e9dagogiques Compl\u00e9mentaires (APC) sont propos\u00e9es aux \u00e9l\u00e8ves de 16h00 \u00e0 17h00.<\/li>\n<li><i class=\"sui sui-\" style=\"color:#333\"><\/i> <i class=\"fa fa-clock-o\" style=\"color: #333\"><\/i>Coll\u00e8ge<br \/>\nMatin : accueil de 7h50 \u00e0 8h00 \u2013 classe de 8h00 \u00e0 12h00<br \/>\nApr\u00e8s-midi : accueil de 13h20 \u00e0 13h30 \u2013 classe de 13h30 \u00e0 16h00.<br \/>\nLes \u00e9l\u00e8ves n\u2019ont pas cours ni le mercredi apr\u00e8s-midi, ni le vendredi apr\u00e8s-midi.<br \/>\nLes jeudis, des activit\u00e9s p\u00e9riscolaires sont propos\u00e9es aux \u00e9l\u00e8ves de 16h00 \u00e0 17h00.<\/li>\n<\/ul>\n<\/li>\n<\/ul>\n<\/div>\n<\/div><\/div>\n<div class=\"su-spoiler su-spoiler-style-default su-spoiler-icon-folder-1 su-spoiler-closed\" data-scroll-offset=\"0\" data-anchor-in-url=\"no\"><div class=\"su-spoiler-title\" tabindex=\"0\" role=\"button\"><span class=\"su-spoiler-icon\"><\/span>Conseil d'\u00e9cole<\/div><div class=\"su-spoiler-content su-u-clearfix su-u-trim\">\n<div class=\"su-list\" style=\"margin-left:0px\">\n<ul>\n<li style=\"list-style-type: none\">\n<ul style=\"margin-left: 1em !important\">\n<li><i class=\"sui sui-\" style=\"color:#333\"><\/i> <i class=\"fa fa-book\" style=\"color: #333\"><\/i><a href=\"http:\/\/ee.mlfmonde.org\/taishan-edf\/wp-content\/uploads\/sites\/21\/2017\/10\/CR-CE-19.10.17.pdf\">Compte rendu du conseil d&rsquo;\u00e9cole du 19\/10\/2017<\/a><\/li>\n<li><i class=\"sui sui-\" style=\"color:#333\"><\/i> <i class=\"fa fa-book\" style=\"color: #333\"><\/i><a href=\"http:\/\/ee.mlfmonde.org\/taishan-edf\/wp-content\/uploads\/sites\/21\/2018\/08\/CR-CE-01.03.18.pdf\">Compte rendu du conseil d&rsquo;\u00e9cole du 01\/03\/2018<\/a><\/li>\n<li><i class=\"sui sui-\" style=\"color:#333\"><\/i> <i class=\"fa fa-book\" style=\"color: #333\"><\/i><a href=\"http:\/\/ee.mlfmonde.org\/taishan-edf\/wp-content\/uploads\/sites\/21\/2018\/08\/CR-CE-31.05.18.pdf\">Compte rendu du conseil d&rsquo;\u00e9cole du 31\/05\/2018<\/a><i class=\"fa fa-book\" style=\"color: #333\"><\/i><\/li>\n<\/ul>\n<\/li>\n<\/ul>\n<\/div>\n<\/div><\/div>\n<div class=\"su-list\" style=\"margin-left:0px\">\n<ul>\n<li><i class=\"sui sui-folder\" style=\"color:#333\"><\/i> R\u00e8gles de s\u00e9curit\u00e9<\/li>\n<\/ul>\n<\/div>\n<div class=\"su-spoiler su-spoiler-style-default su-spoiler-icon-folder-1 su-spoiler-closed\" data-scroll-offset=\"0\" data-anchor-in-url=\"no\"><div class=\"su-spoiler-title\" tabindex=\"0\" role=\"button\"><span class=\"su-spoiler-icon\"><\/span>Documents relatifs \u00e0 l'inscription<\/div><div class=\"su-spoiler-content su-u-clearfix su-u-trim\">\n<div class=\"su-list\" style=\"margin-left:0px\">\n<ul>\n<li style=\"list-style-type: none\">\n<ul style=\"margin-left: 1em !important\">\n<li><i class=\"sui sui-\" style=\"color:#333\"><\/i> <i class=\"fa fa-file-text-o\" style=\"color: #333\"><\/i><a href=\"http:\/\/ee.mlfmonde.org\/taishan-edf\/wp-content\/uploads\/sites\/21\/2020\/09\/Formulaire-dinscription-2020-2021.docx\">Formulaire d&rsquo;inscription 2020-2021<\/a><\/li>\n<li><i class=\"sui sui-\" style=\"color:#333\"><\/i> <i class=\"fa fa-file-text-o\" style=\"color: #333\"><\/i><a href=\"http:\/\/ee.mlfmonde.org\/taishan-edf\/wp-content\/uploads\/sites\/21\/2020\/09\/R\u00e8glement-int\u00e9rieur-2020-2021.pdf\">R\u00e8glement int\u00e9rieur 2020-2021<\/a><\/li>\n<li><i class=\"sui sui-\" style=\"color:#333\"><\/i> <a href=\"http:\/\/ee.mlfmonde.org\/taishan-edf\/wp-content\/uploads\/sites\/21\/2020\/09\/Proc\u00e9dure-dinscription-2020-2021.pdf\">Proc\u00e9dure d&rsquo;inscription 2020-2021<\/a><\/li>\n<\/ul>\n<\/li>\n<\/ul>\n<\/div>\n<\/div><\/div>\n","protected":false},"excerpt":{"rendered":"<p>Retrouvez l\u2019ensemble des informations administratives concernant l\u2019\u00e9cole : horaires, fournitures, calendrier scolaire &#8230;<\/p>\n","protected":false},"author":129,"featured_media":115,"parent":0,"menu_order":0,"comment_status":"closed","ping_status":"closed","template":"","meta":{"_acf_changed":false,"footnotes":""},"class_list":["post-52","page","type-page","status-publish","has-post-thumbnail","czr-hentry"],"acf":[],"_links":{"self":[{"href":"https:\/\/ee.mlfmonde.org\/taishan-edf\/wp-json\/wp\/v2\/pages\/52","targetHints":{"allow":["GET"]}}],"collection":[{"href":"https:\/\/ee.mlfmonde.org\/taishan-edf\/wp-json\/wp\/v2\/pages"}],"about":[{"href":"https:\/\/ee.mlfmonde.org\/taishan-edf\/wp-json\/wp\/v2\/types\/page"}],"author":[{"embeddable":true,"href":"https:\/\/ee.mlfmonde.org\/taishan-edf\/wp-json\/wp\/v2\/users\/129"}],"replies":[{"embeddable":true,"href":"https:\/\/ee.mlfmonde.org\/taishan-edf\/wp-json\/wp\/v2\/comments?post=52"}],"version-history":[{"count":67,"href":"https:\/\/ee.mlfmonde.org\/taishan-edf\/wp-json\/wp\/v2\/pages\/52\/revisions"}],"predecessor-version":[{"id":2831,"href":"https:\/\/ee.mlfmonde.org\/taishan-edf\/wp-json\/wp\/v2\/pages\/52\/revisions\/2831"}],"wp:featuredmedia":[{"embeddable":true,"href":"https:\/\/ee.mlfmonde.org\/taishan-edf\/wp-json\/wp\/v2\/media\/115"}],"wp:attachment":[{"href":"https:\/\/ee.mlfmonde.org\/taishan-edf\/wp-json\/wp\/v2\/media?parent=52"}],"curies":[{"name":"wp","href":"https:\/\/api.w.org\/{rel}","templated":true}]}}