{"id":38,"date":"2017-10-11T10:14:21","date_gmt":"2017-10-11T10:14:21","guid":{"rendered":"http:\/\/ee.mlfmonde.org\/taishan-edf\/?page_id=38"},"modified":"2021-06-20T13:17:54","modified_gmt":"2021-06-20T13:17:54","slug":"effectifs","status":"publish","type":"page","link":"https:\/\/ee.mlfmonde.org\/taishan-edf\/effectifs\/","title":{"rendered":"Effectifs"},"content":{"rendered":"<table style=\"height: 159px\" width=\"739\">\n<tbody align=\"center\">\n<tr>\n<th>Classes<\/th>\n<th>Effectifs<\/th>\n<\/tr>\n<tr bgcolor=\"#C0C0C0\">\n<td>TPS-GS<\/td>\n<td>5 \u00e9l\u00e8ves<\/td>\n<\/tr>\n<tr>\n<td>CP-CM1-CM2<\/td>\n<td>4 \u00e9l\u00e8ves<\/td>\n<\/tr>\n<tr bgcolor=\"#C0C0C0\">\n<td><\/td>\n<td align=\"center\"><\/td>\n<\/tr>\n<tr>\n<td><\/td>\n<td><\/td>\n<\/tr>\n<tr bgcolor=\"#C0C0C0\">\n<td><\/td>\n<td><\/td>\n<\/tr>\n<\/tbody>\n<\/table>\n","protected":false},"excerpt":{"rendered":"<p>Classes Effectifs TPS-GS 5 \u00e9l\u00e8ves CP-CM1-CM2 4 \u00e9l\u00e8ves<\/p>\n","protected":false},"author":129,"featured_media":0,"parent":0,"menu_order":0,"comment_status":"closed","ping_status":"closed","template":"","meta":{"_acf_changed":false,"footnotes":""},"class_list":["post-38","page","type-page","status-publish","czr-hentry"],"acf":[],"_links":{"self":[{"href":"https:\/\/ee.mlfmonde.org\/taishan-edf\/wp-json\/wp\/v2\/pages\/38","targetHints":{"allow":["GET"]}}],"collection":[{"href":"https:\/\/ee.mlfmonde.org\/taishan-edf\/wp-json\/wp\/v2\/pages"}],"about":[{"href":"https:\/\/ee.mlfmonde.org\/taishan-edf\/wp-json\/wp\/v2\/types\/page"}],"author":[{"embeddable":true,"href":"https:\/\/ee.mlfmonde.org\/taishan-edf\/wp-json\/wp\/v2\/users\/129"}],"replies":[{"embeddable":true,"href":"https:\/\/ee.mlfmonde.org\/taishan-edf\/wp-json\/wp\/v2\/comments?post=38"}],"version-history":[{"count":22,"href":"https:\/\/ee.mlfmonde.org\/taishan-edf\/wp-json\/wp\/v2\/pages\/38\/revisions"}],"predecessor-version":[{"id":3104,"href":"https:\/\/ee.mlfmonde.org\/taishan-edf\/wp-json\/wp\/v2\/pages\/38\/revisions\/3104"}],"wp:attachment":[{"href":"https:\/\/ee.mlfmonde.org\/taishan-edf\/wp-json\/wp\/v2\/media?parent=38"}],"curies":[{"name":"wp","href":"https:\/\/api.w.org\/{rel}","templated":true}]}}