{"id":36,"date":"2017-10-11T10:09:37","date_gmt":"2017-10-11T10:09:37","guid":{"rendered":"http:\/\/ee.mlfmonde.org\/taishan-edf\/?page_id=36"},"modified":"2018-09-09T06:14:39","modified_gmt":"2018-09-09T06:14:39","slug":"localisation","status":"publish","type":"page","link":"https:\/\/ee.mlfmonde.org\/taishan-edf\/localisation\/","title":{"rendered":"Localisation"},"content":{"rendered":"<p>L&rsquo;\u00e9cole est implant\u00e9e en base-vie \u00e0 proximit\u00e9 de la ville de Taishan (1h en bus), au bord de la mer de Chine m\u00e9ridionale. Les principales villes les plus proches sont Guangzhou, Hong-Kong et Macau.<\/p>\n<div class=\"su-gmap su-u-responsive-media-yes\"><iframe width=\"600\" height=\"400\" src=\"\/\/maps.google.com\/maps?q=taishan%20china&amp;output=embed\" title=\"\"><\/iframe><\/div>\n","protected":false},"excerpt":{"rendered":"<p>L&rsquo;\u00e9cole est implant\u00e9e en base-vie \u00e0 proximit\u00e9 de la ville de Taishan (1h en bus), au bord de la mer de Chine m\u00e9ridionale. Les principales villes les plus proches sont Guangzhou, Hong-Kong et Macau.<\/p>\n","protected":false},"author":129,"featured_media":180,"parent":0,"menu_order":0,"comment_status":"closed","ping_status":"closed","template":"","meta":{"_acf_changed":false,"footnotes":""},"class_list":["post-36","page","type-page","status-publish","has-post-thumbnail","czr-hentry"],"acf":[],"_links":{"self":[{"href":"https:\/\/ee.mlfmonde.org\/taishan-edf\/wp-json\/wp\/v2\/pages\/36","targetHints":{"allow":["GET"]}}],"collection":[{"href":"https:\/\/ee.mlfmonde.org\/taishan-edf\/wp-json\/wp\/v2\/pages"}],"about":[{"href":"https:\/\/ee.mlfmonde.org\/taishan-edf\/wp-json\/wp\/v2\/types\/page"}],"author":[{"embeddable":true,"href":"https:\/\/ee.mlfmonde.org\/taishan-edf\/wp-json\/wp\/v2\/users\/129"}],"replies":[{"embeddable":true,"href":"https:\/\/ee.mlfmonde.org\/taishan-edf\/wp-json\/wp\/v2\/comments?post=36"}],"version-history":[{"count":3,"href":"https:\/\/ee.mlfmonde.org\/taishan-edf\/wp-json\/wp\/v2\/pages\/36\/revisions"}],"predecessor-version":[{"id":129,"href":"https:\/\/ee.mlfmonde.org\/taishan-edf\/wp-json\/wp\/v2\/pages\/36\/revisions\/129"}],"wp:featuredmedia":[{"embeddable":true,"href":"https:\/\/ee.mlfmonde.org\/taishan-edf\/wp-json\/wp\/v2\/media\/180"}],"wp:attachment":[{"href":"https:\/\/ee.mlfmonde.org\/taishan-edf\/wp-json\/wp\/v2\/media?parent=36"}],"curies":[{"name":"wp","href":"https:\/\/api.w.org\/{rel}","templated":true}]}}