{"id":242,"date":"2017-10-25T06:09:39","date_gmt":"2017-10-25T06:09:39","guid":{"rendered":"http:\/\/ee.mlfmonde.org\/taishan-edf\/?page_id=242"},"modified":"2018-09-09T06:15:00","modified_gmt":"2018-09-09T06:15:00","slug":"orientation","status":"publish","type":"page","link":"https:\/\/ee.mlfmonde.org\/taishan-edf\/orientation\/","title":{"rendered":"Orientation"},"content":{"rendered":"<div class=\"su-row\">\n<div class=\"su-column su-column-size-1-5\"><div class=\"su-column-inner su-u-clearfix su-u-trim\"> <a href=\"http:\/\/www.onisep.fr\" target=\"_blank\"><img decoding=\"async\" class=\"aligncenter size-medium wp-image-243\" src=\"http:\/\/ee.mlfmonde.org\/taishan-edf\/wp-content\/uploads\/sites\/21\/2017\/10\/ONISEP_visuel_banniere-300x118.png\" alt=\"\" width=\"300\" height=\"118\" \/><\/a> <\/div><\/div>\n<div class=\"su-column su-column-size-4-5\"><div class=\"su-column-inner su-u-clearfix su-u-trim\"> Le portail ONISEP est un site g\u00e9n\u00e9raliste sur lequel \u00e9l\u00e8ves, \u00e9tudiants, parents et professeurs trouveront des informations relatives \u00e0 l\u2019orientation. Il comprend notamment une plateforme vid\u00e9o comprenant pr\u00e8s de 2 000 films de t\u00e9moignages de professionnels et d\u2019\u00e9l\u00e8ves. <\/div><\/div>\n<\/div>\n<div class=\"su-row\">\n<div class=\"su-column su-column-size-1-5\"><div class=\"su-column-inner su-u-clearfix su-u-trim\"> <a href=\"http:\/\/ee.mlfmonde.org\/taishan-edf\/wp-content\/uploads\/sites\/21\/2018\/08\/3E_RENTREE_2018.pdf\"><img decoding=\"async\" class=\"aligncenter size-medium wp-image-246\" src=\"http:\/\/ee.mlfmonde.org\/taishan-edf\/wp-content\/uploads\/sites\/21\/2017\/10\/Guide-3e_rentree_2017-209x300.jpg\" alt=\"\" width=\"70\" height=\"100\" \/><\/a> <\/div><\/div>\n<div class=\"su-column su-column-size-4-5\"><div class=\"su-column-inner su-u-clearfix su-u-trim\"> <br \/> Guide Onisep \u00ab apr\u00e8s la troisi\u00e8me 2018 \u00bb \u00e0 t\u00e9l\u00e9charger. <\/div><\/div>\n<\/div>\n<p>La <em>Mission la\u00efque fran\u00e7aise<\/em> a conclu un partenariat avec l&rsquo;ONISEP (Office national d&rsquo;information sur les enseignements et les professions) permettant \u00e0 d&rsquo;acc\u00e9der \u00e0 plusieurs outils et services.<\/p>\n<div class=\"su-row\">\n<div class=\"su-column su-column-size-1-5\"><div class=\"su-column-inner su-u-clearfix su-u-trim\"> <a href=\"http:\/\/www.monorientationenligne.fr\/qr\/index.php\" target=\"_blank\"><img decoding=\"async\" class=\"aligncenter size-full wp-image-253\" src=\"http:\/\/ee.mlfmonde.org\/taishan-edf\/wp-content\/uploads\/sites\/21\/2017\/10\/icone_MOEL2-150x150.jpg\" alt=\"\" width=\"75\" height=\"75\" \/><\/a> <\/div><\/div>\n<div class=\"su-column su-column-size-4-5\"><div class=\"su-column-inner su-u-clearfix su-u-trim\"> <em><a href=\"http:\/\/www.monorientationenligne.fr\/qr\/index.php\" target=\"_blank\">Mon orientation en ligne<\/a><\/em> est un service d\u2019aide personnalis\u00e9e \u00e0 l\u2019orientation en ligne. Les \u00e9l\u00e8ves, leurs familles, les \u00e9quipes \u00e9ducatives peuvent poser leurs questions et recevoir des r\u00e9ponses sur l\u2019orientation par courrier \u00e9lectronique, tchat, t\u00e9l\u00e9phone ou en utilisant l\u2019application d\u00e9di\u00e9e. Ce service porte sur les \u00e9tudes dans le syst\u00e8me scolaire et post-baccalaur\u00e9at fran\u00e7ais et europ\u00e9en. <\/div><\/div>\n<\/div>\n<div class=\"su-row\">\n<div class=\"su-column su-column-size-1-5\"><div class=\"su-column-inner su-u-clearfix su-u-trim\"> <br \/> <a href=\"https:\/\/biblionisep.onisep.fr\/\" target=\"_blank\"><img loading=\"lazy\" decoding=\"async\" class=\"aligncenter size-medium wp-image-256\" src=\"http:\/\/ee.mlfmonde.org\/taishan-edf\/wp-content\/uploads\/sites\/21\/2017\/10\/biblionisep-300x55-300x55.png\" alt=\"\" width=\"300\" height=\"55\" \/><\/a> <\/div><\/div>\n<div class=\"su-column su-column-size-4-5\"><div class=\"su-column-inner su-u-clearfix su-u-trim\"> Le partenariat \u00e9tabli avec l\u2019ONISEP comprend l\u2019abonnement des \u00e9tablissements au service <em>Biblionisep<\/em>, qui regroupe toutes les publications des collections nationales et r\u00e9gionales. Ces ressources sont accessibles aux \u00e9l\u00e8ves, parents et \u00e9quipes \u00e9ducatives, dans les \u00e9tablissements et \u00e0 domicile, sur tous les terminaux (ordinateurs, tablettes et smartphones), avec un code de connexion, \u00e0 demander au chef d\u2019\u00e9tablissement. <\/div><\/div>\n<\/div>\n","protected":false},"excerpt":{"rendered":"<p>La Mission la\u00efque fran\u00e7aise a conclu un partenariat avec l&rsquo;ONISEP (Office national d&rsquo;information sur les enseignements et les professions) permettant \u00e0 d&rsquo;acc\u00e9der \u00e0 plusieurs outils et services.<\/p>\n","protected":false},"author":129,"featured_media":0,"parent":0,"menu_order":0,"comment_status":"closed","ping_status":"closed","template":"","meta":{"_acf_changed":false,"footnotes":""},"class_list":["post-242","page","type-page","status-publish","czr-hentry"],"acf":[],"_links":{"self":[{"href":"https:\/\/ee.mlfmonde.org\/taishan-edf\/wp-json\/wp\/v2\/pages\/242","targetHints":{"allow":["GET"]}}],"collection":[{"href":"https:\/\/ee.mlfmonde.org\/taishan-edf\/wp-json\/wp\/v2\/pages"}],"about":[{"href":"https:\/\/ee.mlfmonde.org\/taishan-edf\/wp-json\/wp\/v2\/types\/page"}],"author":[{"embeddable":true,"href":"https:\/\/ee.mlfmonde.org\/taishan-edf\/wp-json\/wp\/v2\/users\/129"}],"replies":[{"embeddable":true,"href":"https:\/\/ee.mlfmonde.org\/taishan-edf\/wp-json\/wp\/v2\/comments?post=242"}],"version-history":[{"count":61,"href":"https:\/\/ee.mlfmonde.org\/taishan-edf\/wp-json\/wp\/v2\/pages\/242\/revisions"}],"predecessor-version":[{"id":434,"href":"https:\/\/ee.mlfmonde.org\/taishan-edf\/wp-json\/wp\/v2\/pages\/242\/revisions\/434"}],"wp:attachment":[{"href":"https:\/\/ee.mlfmonde.org\/taishan-edf\/wp-json\/wp\/v2\/media?parent=242"}],"curies":[{"name":"wp","href":"https:\/\/api.w.org\/{rel}","templated":true}]}}