{"id":8524,"date":"2018-05-16T06:30:37","date_gmt":"2018-05-16T06:30:37","guid":{"rendered":"http:\/\/ee.mlfmonde.org\/stavanger-lycee-francais\/?page_id=8524"},"modified":"2019-06-20T22:41:34","modified_gmt":"2019-06-20T22:41:34","slug":"emissions-webradio","status":"publish","type":"page","link":"https:\/\/ee.mlfmonde.org\/stavanger-lycee-francais\/emissions-webradio\/","title":{"rendered":"Toutes les \u00e9missions webradio du LFS"},"content":{"rendered":"<h1 style=\"text-align: center\">Bienvenue sur \u00ab\u00a0WRS\u00a0\u00bb la nouvelle webradio du Lyc\u00e9e Fran\u00e7ais de Stavanger.<\/h1>\n<p>Retrouvez sur cette page toutes les \u00e9missions r\u00e9alis\u00e9es ainsi que les liens pour acc\u00e9der aux explications et aux sommaires de chaque \u00e9mission.<\/p>\n<p>Bonne \u00e9coute&#8230;<\/p>\n<p>Emission #6 du 21 juin 2019<\/p>\n<!--[if lt IE 9]><script>document.createElement('audio');<\/script><![endif]-->\n<audio class=\"wp-audio-shortcode\" id=\"audio-8524-1\" preload=\"none\" style=\"width: 100%;\" controls=\"controls\"><source type=\"audio\/mpeg\" src=\"http:\/\/ee.mlfmonde.org\/stavanger-lycee-francais\/wp-content\/uploads\/sites\/7\/2019\/06\/Emission-6.mp3?_=1\" \/><a href=\"http:\/\/ee.mlfmonde.org\/stavanger-lycee-francais\/wp-content\/uploads\/sites\/7\/2019\/06\/Emission-6.mp3\">http:\/\/ee.mlfmonde.org\/stavanger-lycee-francais\/wp-content\/uploads\/sites\/7\/2019\/06\/Emission-6.mp3<\/a><\/audio>\n<p>Article <a href=\"https:\/\/ee.mlfmonde.org\/stavanger-lycee-francais\/6-wrs-la-webradio-du-lfs\/\" target=\"_blank\" rel=\"noopener\">Emission #6<\/a><\/p>\n<p>&nbsp;<\/p>\n<p>Emission #5 du 29 avril 2019<\/p>\n<audio class=\"wp-audio-shortcode\" id=\"audio-8524-2\" preload=\"none\" style=\"width: 100%;\" controls=\"controls\"><source type=\"audio\/mpeg\" src=\"http:\/\/ee.mlfmonde.org\/stavanger-lycee-francais\/wp-content\/uploads\/sites\/7\/2019\/04\/5-e\u0301mission-WRS-avril-2019.mp3?_=2\" \/><a href=\"http:\/\/ee.mlfmonde.org\/stavanger-lycee-francais\/wp-content\/uploads\/sites\/7\/2019\/04\/5-e\u0301mission-WRS-avril-2019.mp3\">http:\/\/ee.mlfmonde.org\/stavanger-lycee-francais\/wp-content\/uploads\/sites\/7\/2019\/04\/5-e\u0301mission-WRS-avril-2019.mp3<\/a><\/audio>\n<p>Article <a href=\"https:\/\/ee.mlfmonde.org\/stavanger-lycee-francais\/5-wrs-la-webradio-du-lfs\/\" target=\"_blank\" rel=\"noopener\">Emission #5<\/a><\/p>\n<p>&nbsp;<\/p>\n<p>Emission #4 du 18 mars 2019<\/p>\n<audio class=\"wp-audio-shortcode\" id=\"audio-8524-3\" preload=\"none\" style=\"width: 100%;\" controls=\"controls\"><source type=\"audio\/mpeg\" src=\"http:\/\/ee.mlfmonde.org\/stavanger-lycee-francais\/wp-content\/uploads\/sites\/7\/2019\/03\/emissionLOVE.mp3?_=3\" \/><a href=\"http:\/\/ee.mlfmonde.org\/stavanger-lycee-francais\/wp-content\/uploads\/sites\/7\/2019\/03\/emissionLOVE.mp3\">http:\/\/ee.mlfmonde.org\/stavanger-lycee-francais\/wp-content\/uploads\/sites\/7\/2019\/03\/emissionLOVE.mp3<\/a><\/audio>\n<p>Article <a href=\"https:\/\/ee.mlfmonde.org\/stavanger-lycee-francais\/4-wrs-la-webradio-du-lfs\/\" target=\"_blank\" rel=\"noopener\">Emission #4<\/a><\/p>\n<p>&nbsp;<\/p>\n<p>Emission #3 du 28 janvier 2019<\/p>\n<audio class=\"wp-audio-shortcode\" id=\"audio-8524-4\" preload=\"none\" style=\"width: 100%;\" controls=\"controls\"><source type=\"audio\/mpeg\" src=\"http:\/\/ee.mlfmonde.org\/stavanger-lycee-francais\/wp-content\/uploads\/sites\/7\/2019\/01\/Emission-3.mp3?_=4\" \/><a href=\"http:\/\/ee.mlfmonde.org\/stavanger-lycee-francais\/wp-content\/uploads\/sites\/7\/2019\/01\/Emission-3.mp3\">http:\/\/ee.mlfmonde.org\/stavanger-lycee-francais\/wp-content\/uploads\/sites\/7\/2019\/01\/Emission-3.mp3<\/a><\/audio>\n<p>Article <a href=\"https:\/\/ee.mlfmonde.org\/stavanger-lycee-francais\/3-wrs-la-webradio-du-lfs\/\" target=\"_blank\" rel=\"noopener\">Emission #3<\/a><\/p>\n<p>&nbsp;<\/p>\n<p>Emission #2 du 10 d\u00e9cembre 2018:<\/p>\n<audio class=\"wp-audio-shortcode\" id=\"audio-8524-5\" preload=\"none\" style=\"width: 100%;\" controls=\"controls\"><source type=\"audio\/mpeg\" src=\"http:\/\/ee.mlfmonde.org\/stavanger-lycee-francais\/wp-content\/uploads\/sites\/7\/2018\/12\/Emission-2.mp3?_=5\" \/><a href=\"http:\/\/ee.mlfmonde.org\/stavanger-lycee-francais\/wp-content\/uploads\/sites\/7\/2018\/12\/Emission-2.mp3\">http:\/\/ee.mlfmonde.org\/stavanger-lycee-francais\/wp-content\/uploads\/sites\/7\/2018\/12\/Emission-2.mp3<\/a><\/audio>\n<p>Article <a href=\"https:\/\/ee.mlfmonde.org\/stavanger-lycee-francais\/2-wrs-la-webradio-du-lfs\/\" target=\"_blank\" rel=\"noopener\">Emission#2<\/a><\/p>\n<p>&nbsp;<\/p>\n<p>Emission #1 du 12 novembre 2018:<\/p>\n<audio class=\"wp-audio-shortcode\" id=\"audio-8524-6\" preload=\"none\" style=\"width: 100%;\" controls=\"controls\"><source type=\"audio\/mpeg\" src=\"http:\/\/ee.mlfmonde.org\/stavanger-lycee-francais\/wp-content\/uploads\/sites\/7\/2018\/11\/EMISSION-1-RADIO-12-NOV-2.mp3?_=6\" \/><a href=\"http:\/\/ee.mlfmonde.org\/stavanger-lycee-francais\/wp-content\/uploads\/sites\/7\/2018\/11\/EMISSION-1-RADIO-12-NOV-2.mp3\">http:\/\/ee.mlfmonde.org\/stavanger-lycee-francais\/wp-content\/uploads\/sites\/7\/2018\/11\/EMISSION-1-RADIO-12-NOV-2.mp3<\/a><\/audio>\n<p>Article <a href=\"https:\/\/ee.mlfmonde.org\/stavanger-lycee-francais\/1-wrs-la-webradio-du-lfs\/\" target=\"_blank\" rel=\"noopener\">Emission #1<\/a><\/p>\n<p>&nbsp;<\/p>\n<h1><\/h1>\n<h1 style=\"text-align: center\">Bienvenue sur \u00ab\u00a0Stav&rsquo; Online\u00a0\u00bb la webradio du Lyc\u00e9e Fran\u00e7ais de Stavanger.<\/h1>\n<p>Retrouvez sur cette page toutes les \u00e9missions r\u00e9alis\u00e9es ainsi que les liens pour acc\u00e9der aux explications et aux sommaires de chaque \u00e9mission.<\/p>\n<p>&nbsp;<\/p>\n<p>Bonne \u00e9coute&#8230;<\/p>\n<p>Emission 4:<\/p>\n<audio class=\"wp-audio-shortcode\" id=\"audio-8524-7\" preload=\"none\" style=\"width: 100%;\" controls=\"controls\"><source type=\"audio\/mpeg\" src=\"http:\/\/ee.mlfmonde.org\/stavanger-lycee-francais\/wp-content\/uploads\/sites\/7\/2018\/06\/Proj-Emission-4.mp3?_=7\" \/><a href=\"http:\/\/ee.mlfmonde.org\/stavanger-lycee-francais\/wp-content\/uploads\/sites\/7\/2018\/06\/Proj-Emission-4.mp3\">http:\/\/ee.mlfmonde.org\/stavanger-lycee-francais\/wp-content\/uploads\/sites\/7\/2018\/06\/Proj-Emission-4.mp3<\/a><\/audio>\n<p>Article <a href=\"https:\/\/ee.mlfmonde.org\/stavanger-lycee-francais\/9398-2\/\" target=\"_blank\" rel=\"noopener\">Emission #4<\/a><\/p>\n<p>&nbsp;<\/p>\n<p>&nbsp;<\/p>\n<p>Emission 3:<\/p>\n<audio class=\"wp-audio-shortcode\" id=\"audio-8524-8\" preload=\"none\" style=\"width: 100%;\" controls=\"controls\"><source type=\"audio\/mpeg\" src=\"http:\/\/ee.mlfmonde.org\/stavanger-lycee-francais\/wp-content\/uploads\/sites\/7\/2018\/03\/Emission-Finale-webradio-3-.mp3?_=8\" \/><a href=\"http:\/\/ee.mlfmonde.org\/stavanger-lycee-francais\/wp-content\/uploads\/sites\/7\/2018\/03\/Emission-Finale-webradio-3-.mp3\">http:\/\/ee.mlfmonde.org\/stavanger-lycee-francais\/wp-content\/uploads\/sites\/7\/2018\/03\/Emission-Finale-webradio-3-.mp3<\/a><\/audio>\n<p>Article <a href=\"https:\/\/ee.mlfmonde.org\/stavanger-lycee-francais\/3-stavonline-la-webradio-du-lfs\/\" target=\"_blank\" rel=\"noopener\">Emission #3<\/a><\/p>\n<p>&nbsp;<\/p>\n<p>&nbsp;<\/p>\n<p>Emission 2:<\/p>\n<audio class=\"wp-audio-shortcode\" id=\"audio-8524-9\" preload=\"none\" style=\"width: 100%;\" controls=\"controls\"><source type=\"audio\/mpeg\" src=\"http:\/\/ee.mlfmonde.org\/stavanger-lycee-francais\/wp-content\/uploads\/sites\/7\/2017\/12\/emission-webradio-2-final.mp3?_=9\" \/><a href=\"http:\/\/ee.mlfmonde.org\/stavanger-lycee-francais\/wp-content\/uploads\/sites\/7\/2017\/12\/emission-webradio-2-final.mp3\">http:\/\/ee.mlfmonde.org\/stavanger-lycee-francais\/wp-content\/uploads\/sites\/7\/2017\/12\/emission-webradio-2-final.mp3<\/a><\/audio>\n<p>Article <a href=\"https:\/\/ee.mlfmonde.org\/stavanger-lycee-francais\/stavonline-la-webradio-du-lfs\/\" target=\"_blank\" rel=\"noopener\">Emission #2<\/a><\/p>\n<p>&nbsp;<\/p>\n<p>&nbsp;<\/p>\n<p>Emission 1:<\/p>\n<audio class=\"wp-audio-shortcode\" id=\"audio-8524-10\" preload=\"none\" style=\"width: 100%;\" controls=\"controls\"><source type=\"audio\/mpeg\" src=\"http:\/\/ee.mlfmonde.org\/stavanger-lycee-francais\/wp-content\/uploads\/sites\/7\/2017\/10\/Emission-du-5-octobre-2017.mp3?_=10\" \/><a href=\"http:\/\/ee.mlfmonde.org\/stavanger-lycee-francais\/wp-content\/uploads\/sites\/7\/2017\/10\/Emission-du-5-octobre-2017.mp3\">http:\/\/ee.mlfmonde.org\/stavanger-lycee-francais\/wp-content\/uploads\/sites\/7\/2017\/10\/Emission-du-5-octobre-2017.mp3<\/a><\/audio>\n<p>Article <a href=\"https:\/\/ee.mlfmonde.org\/stavanger-lycee-francais\/la-web-radio-du-lycee-francais-de-stavanger\/\" target=\"_blank\" rel=\"noopener\">Emission #1<\/a><\/p>\n","protected":false},"excerpt":{"rendered":"<p>Bienvenue sur \u00ab\u00a0WRS\u00a0\u00bb la nouvelle webradio du Lyc\u00e9e Fran\u00e7ais de Stavanger. Retrouvez sur cette page toutes les \u00e9missions r\u00e9alis\u00e9es ainsi que les liens pour acc\u00e9der aux explications et aux sommaires de chaque \u00e9mission. Bonne \u00e9coute&#8230; Emission #6 du 21 juin 2019 Article Emission #6 &nbsp; Emission #5 du 29 avril 2019 Article Emission #5 &nbsp; [&hellip;]<\/p>\n","protected":false},"author":11,"featured_media":7358,"parent":0,"menu_order":0,"comment_status":"closed","ping_status":"closed","template":"","meta":{"_acf_changed":false,"footnotes":""},"class_list":["post-8524","page","type-page","status-publish","has-post-thumbnail","czr-hentry"],"acf":[],"_links":{"self":[{"href":"https:\/\/ee.mlfmonde.org\/stavanger-lycee-francais\/wp-json\/wp\/v2\/pages\/8524","targetHints":{"allow":["GET"]}}],"collection":[{"href":"https:\/\/ee.mlfmonde.org\/stavanger-lycee-francais\/wp-json\/wp\/v2\/pages"}],"about":[{"href":"https:\/\/ee.mlfmonde.org\/stavanger-lycee-francais\/wp-json\/wp\/v2\/types\/page"}],"author":[{"embeddable":true,"href":"https:\/\/ee.mlfmonde.org\/stavanger-lycee-francais\/wp-json\/wp\/v2\/users\/11"}],"replies":[{"embeddable":true,"href":"https:\/\/ee.mlfmonde.org\/stavanger-lycee-francais\/wp-json\/wp\/v2\/comments?post=8524"}],"version-history":[{"count":18,"href":"https:\/\/ee.mlfmonde.org\/stavanger-lycee-francais\/wp-json\/wp\/v2\/pages\/8524\/revisions"}],"predecessor-version":[{"id":13319,"href":"https:\/\/ee.mlfmonde.org\/stavanger-lycee-francais\/wp-json\/wp\/v2\/pages\/8524\/revisions\/13319"}],"wp:featuredmedia":[{"embeddable":true,"href":"https:\/\/ee.mlfmonde.org\/stavanger-lycee-francais\/wp-json\/wp\/v2\/media\/7358"}],"wp:attachment":[{"href":"https:\/\/ee.mlfmonde.org\/stavanger-lycee-francais\/wp-json\/wp\/v2\/media?parent=8524"}],"curies":[{"name":"wp","href":"https:\/\/api.w.org\/{rel}","templated":true}]}}