{"id":5534,"date":"2017-09-20T19:43:03","date_gmt":"2017-09-20T19:43:03","guid":{"rendered":"http:\/\/ee.mlfmonde.org\/stavanger-lycee-francais\/?page_id=5534"},"modified":"2018-05-06T15:09:58","modified_gmt":"2018-05-06T15:09:58","slug":"2017-2018","status":"publish","type":"page","link":"https:\/\/ee.mlfmonde.org\/stavanger-lycee-francais\/2017-2018\/","title":{"rendered":"Activit\u00e9s p\u00e9riscolaires 2017-2018"},"content":{"rendered":"<ul>\n<li>Atelier drones du lundi:<\/li>\n<\/ul>\n\n\t\t<style type=\"text\/css\">\n\t\t\t#gallery-1 {\n\t\t\t\tmargin: auto;\n\t\t\t}\n\t\t\t#gallery-1 .gallery-item {\n\t\t\t\tfloat: left;\n\t\t\t\tmargin-top: 10px;\n\t\t\t\ttext-align: center;\n\t\t\t\twidth: 33%;\n\t\t\t}\n\t\t\t#gallery-1 img {\n\t\t\t\tborder: 2px solid #cfcfcf;\n\t\t\t}\n\t\t\t#gallery-1 .gallery-caption {\n\t\t\t\tmargin-left: 0;\n\t\t\t}\n\t\t\t\/* see gallery_shortcode() in wp-includes\/media.php *\/\n\t\t<\/style>\n\t\t<div id='gallery-1' class='gallery galleryid-5534 gallery-columns-3 gallery-size-large'><dl class='gallery-item'>\n\t\t\t<dt class='gallery-icon portrait'>\n\t\t\t\t<a href='https:\/\/ee.mlfmonde.org\/stavanger-lycee-francais\/2017-2018\/img_9749\/'><img fetchpriority=\"high\" decoding=\"async\" width=\"768\" height=\"1024\" src=\"https:\/\/ee.mlfmonde.org\/stavanger-lycee-francais\/wp-content\/uploads\/sites\/7\/2018\/05\/IMG_9749-e1525619324991-768x1024.jpg\" class=\"attachment-large size-large\" alt=\"\" srcset=\"https:\/\/ee.mlfmonde.org\/stavanger-lycee-francais\/wp-content\/uploads\/sites\/7\/2018\/05\/IMG_9749-e1525619324991-768x1024.jpg 768w, https:\/\/ee.mlfmonde.org\/stavanger-lycee-francais\/wp-content\/uploads\/sites\/7\/2018\/05\/IMG_9749-e1525619324991-225x300.jpg 225w\" sizes=\"(max-width: 768px) 100vw, 768px\" \/><\/a>\n\t\t\t<\/dt><\/dl><dl class='gallery-item'>\n\t\t\t<dt class='gallery-icon landscape'>\n\t\t\t\t<a href='https:\/\/ee.mlfmonde.org\/stavanger-lycee-francais\/2017-2018\/img_9748\/'><img decoding=\"async\" width=\"1024\" height=\"768\" src=\"https:\/\/ee.mlfmonde.org\/stavanger-lycee-francais\/wp-content\/uploads\/sites\/7\/2018\/05\/IMG_9748-1024x768.jpg\" class=\"attachment-large size-large\" alt=\"\" srcset=\"https:\/\/ee.mlfmonde.org\/stavanger-lycee-francais\/wp-content\/uploads\/sites\/7\/2018\/05\/IMG_9748-1024x768.jpg 1024w, https:\/\/ee.mlfmonde.org\/stavanger-lycee-francais\/wp-content\/uploads\/sites\/7\/2018\/05\/IMG_9748-300x225.jpg 300w, https:\/\/ee.mlfmonde.org\/stavanger-lycee-francais\/wp-content\/uploads\/sites\/7\/2018\/05\/IMG_9748-768x576.jpg 768w\" sizes=\"(max-width: 1024px) 100vw, 1024px\" \/><\/a>\n\t\t\t<\/dt><\/dl><dl class='gallery-item'>\n\t\t\t<dt class='gallery-icon portrait'>\n\t\t\t\t<a href='https:\/\/ee.mlfmonde.org\/stavanger-lycee-francais\/2017-2018\/img_9750\/'><img decoding=\"async\" width=\"768\" height=\"1024\" src=\"https:\/\/ee.mlfmonde.org\/stavanger-lycee-francais\/wp-content\/uploads\/sites\/7\/2018\/05\/IMG_9750-e1525619334388-768x1024.jpg\" class=\"attachment-large size-large\" alt=\"\" srcset=\"https:\/\/ee.mlfmonde.org\/stavanger-lycee-francais\/wp-content\/uploads\/sites\/7\/2018\/05\/IMG_9750-e1525619334388-768x1024.jpg 768w, https:\/\/ee.mlfmonde.org\/stavanger-lycee-francais\/wp-content\/uploads\/sites\/7\/2018\/05\/IMG_9750-e1525619334388-225x300.jpg 225w\" sizes=\"(max-width: 768px) 100vw, 768px\" \/><\/a>\n\t\t\t<\/dt><\/dl><br style=\"clear: both\" \/><dl class='gallery-item'>\n\t\t\t<dt class='gallery-icon portrait'>\n\t\t\t\t<a href='https:\/\/ee.mlfmonde.org\/stavanger-lycee-francais\/2017-2018\/img_9751\/'><img loading=\"lazy\" decoding=\"async\" width=\"768\" height=\"1024\" src=\"https:\/\/ee.mlfmonde.org\/stavanger-lycee-francais\/wp-content\/uploads\/sites\/7\/2018\/05\/IMG_9751-e1525619361490-768x1024.jpg\" class=\"attachment-large size-large\" alt=\"\" srcset=\"https:\/\/ee.mlfmonde.org\/stavanger-lycee-francais\/wp-content\/uploads\/sites\/7\/2018\/05\/IMG_9751-e1525619361490-768x1024.jpg 768w, https:\/\/ee.mlfmonde.org\/stavanger-lycee-francais\/wp-content\/uploads\/sites\/7\/2018\/05\/IMG_9751-e1525619361490-225x300.jpg 225w\" sizes=\"(max-width: 768px) 100vw, 768px\" \/><\/a>\n\t\t\t<\/dt><\/dl><dl class='gallery-item'>\n\t\t\t<dt class='gallery-icon landscape'>\n\t\t\t\t<a href='https:\/\/ee.mlfmonde.org\/stavanger-lycee-francais\/2017-2018\/img_9752\/'><img loading=\"lazy\" decoding=\"async\" width=\"1024\" height=\"768\" src=\"https:\/\/ee.mlfmonde.org\/stavanger-lycee-francais\/wp-content\/uploads\/sites\/7\/2018\/05\/IMG_9752-1024x768.jpg\" class=\"attachment-large size-large\" alt=\"\" srcset=\"https:\/\/ee.mlfmonde.org\/stavanger-lycee-francais\/wp-content\/uploads\/sites\/7\/2018\/05\/IMG_9752-1024x768.jpg 1024w, https:\/\/ee.mlfmonde.org\/stavanger-lycee-francais\/wp-content\/uploads\/sites\/7\/2018\/05\/IMG_9752-300x225.jpg 300w, https:\/\/ee.mlfmonde.org\/stavanger-lycee-francais\/wp-content\/uploads\/sites\/7\/2018\/05\/IMG_9752-768x576.jpg 768w\" sizes=\"(max-width: 1024px) 100vw, 1024px\" \/><\/a>\n\t\t\t<\/dt><\/dl><dl class='gallery-item'>\n\t\t\t<dt class='gallery-icon portrait'>\n\t\t\t\t<a href='https:\/\/ee.mlfmonde.org\/stavanger-lycee-francais\/2017-2018\/img_9753\/'><img loading=\"lazy\" decoding=\"async\" width=\"768\" height=\"1024\" src=\"https:\/\/ee.mlfmonde.org\/stavanger-lycee-francais\/wp-content\/uploads\/sites\/7\/2018\/05\/IMG_9753-e1525619345799-768x1024.jpg\" class=\"attachment-large size-large\" alt=\"\" srcset=\"https:\/\/ee.mlfmonde.org\/stavanger-lycee-francais\/wp-content\/uploads\/sites\/7\/2018\/05\/IMG_9753-e1525619345799-768x1024.jpg 768w, https:\/\/ee.mlfmonde.org\/stavanger-lycee-francais\/wp-content\/uploads\/sites\/7\/2018\/05\/IMG_9753-e1525619345799-225x300.jpg 225w\" sizes=\"(max-width: 768px) 100vw, 768px\" \/><\/a>\n\t\t\t<\/dt><\/dl><br style=\"clear: both\" \/><dl class='gallery-item'>\n\t\t\t<dt class='gallery-icon portrait'>\n\t\t\t\t<a href='https:\/\/ee.mlfmonde.org\/stavanger-lycee-francais\/2017-2018\/img_9754\/'><img loading=\"lazy\" decoding=\"async\" width=\"768\" height=\"1024\" src=\"https:\/\/ee.mlfmonde.org\/stavanger-lycee-francais\/wp-content\/uploads\/sites\/7\/2018\/05\/IMG_9754-e1525619353461-768x1024.jpg\" class=\"attachment-large size-large\" alt=\"\" srcset=\"https:\/\/ee.mlfmonde.org\/stavanger-lycee-francais\/wp-content\/uploads\/sites\/7\/2018\/05\/IMG_9754-e1525619353461-768x1024.jpg 768w, https:\/\/ee.mlfmonde.org\/stavanger-lycee-francais\/wp-content\/uploads\/sites\/7\/2018\/05\/IMG_9754-e1525619353461-225x300.jpg 225w\" sizes=\"(max-width: 768px) 100vw, 768px\" \/><\/a>\n\t\t\t<\/dt><\/dl>\n\t\t\t<br style='clear: both' \/>\n\t\t<\/div>\n\n<ul>\n<li>Atelier desserts du mercredi:<\/li>\n<\/ul>\n\n\t\t<style type=\"text\/css\">\n\t\t\t#gallery-2 {\n\t\t\t\tmargin: auto;\n\t\t\t}\n\t\t\t#gallery-2 .gallery-item {\n\t\t\t\tfloat: left;\n\t\t\t\tmargin-top: 10px;\n\t\t\t\ttext-align: center;\n\t\t\t\twidth: 33%;\n\t\t\t}\n\t\t\t#gallery-2 img {\n\t\t\t\tborder: 2px solid #cfcfcf;\n\t\t\t}\n\t\t\t#gallery-2 .gallery-caption {\n\t\t\t\tmargin-left: 0;\n\t\t\t}\n\t\t\t\/* see gallery_shortcode() in wp-includes\/media.php *\/\n\t\t<\/style>\n\t\t<div id='gallery-2' class='gallery galleryid-5534 gallery-columns-3 gallery-size-large'><dl class='gallery-item'>\n\t\t\t<dt class='gallery-icon landscape'>\n\t\t\t\t<a href='https:\/\/ee.mlfmonde.org\/stavanger-lycee-francais\/2017-2018\/20171004_145817\/'><img loading=\"lazy\" decoding=\"async\" width=\"1024\" height=\"576\" src=\"https:\/\/ee.mlfmonde.org\/stavanger-lycee-francais\/wp-content\/uploads\/sites\/7\/2018\/05\/20171004_145817-1024x576.jpg\" class=\"attachment-large size-large\" alt=\"\" srcset=\"https:\/\/ee.mlfmonde.org\/stavanger-lycee-francais\/wp-content\/uploads\/sites\/7\/2018\/05\/20171004_145817-1024x576.jpg 1024w, https:\/\/ee.mlfmonde.org\/stavanger-lycee-francais\/wp-content\/uploads\/sites\/7\/2018\/05\/20171004_145817-300x169.jpg 300w, https:\/\/ee.mlfmonde.org\/stavanger-lycee-francais\/wp-content\/uploads\/sites\/7\/2018\/05\/20171004_145817-768x432.jpg 768w\" sizes=\"(max-width: 1024px) 100vw, 1024px\" \/><\/a>\n\t\t\t<\/dt><\/dl><dl class='gallery-item'>\n\t\t\t<dt class='gallery-icon landscape'>\n\t\t\t\t<a href='https:\/\/ee.mlfmonde.org\/stavanger-lycee-francais\/2017-2018\/20171004_150018\/'><img loading=\"lazy\" decoding=\"async\" width=\"1024\" height=\"576\" src=\"https:\/\/ee.mlfmonde.org\/stavanger-lycee-francais\/wp-content\/uploads\/sites\/7\/2018\/05\/20171004_150018-1024x576.jpg\" class=\"attachment-large size-large\" alt=\"\" srcset=\"https:\/\/ee.mlfmonde.org\/stavanger-lycee-francais\/wp-content\/uploads\/sites\/7\/2018\/05\/20171004_150018-1024x576.jpg 1024w, https:\/\/ee.mlfmonde.org\/stavanger-lycee-francais\/wp-content\/uploads\/sites\/7\/2018\/05\/20171004_150018-300x169.jpg 300w, https:\/\/ee.mlfmonde.org\/stavanger-lycee-francais\/wp-content\/uploads\/sites\/7\/2018\/05\/20171004_150018-768x432.jpg 768w\" sizes=\"(max-width: 1024px) 100vw, 1024px\" \/><\/a>\n\t\t\t<\/dt><\/dl><dl class='gallery-item'>\n\t\t\t<dt class='gallery-icon landscape'>\n\t\t\t\t<a href='https:\/\/ee.mlfmonde.org\/stavanger-lycee-francais\/2017-2018\/20171004_150034\/'><img loading=\"lazy\" decoding=\"async\" width=\"1024\" height=\"576\" src=\"https:\/\/ee.mlfmonde.org\/stavanger-lycee-francais\/wp-content\/uploads\/sites\/7\/2018\/05\/20171004_150034-1024x576.jpg\" class=\"attachment-large size-large\" alt=\"\" srcset=\"https:\/\/ee.mlfmonde.org\/stavanger-lycee-francais\/wp-content\/uploads\/sites\/7\/2018\/05\/20171004_150034-1024x576.jpg 1024w, https:\/\/ee.mlfmonde.org\/stavanger-lycee-francais\/wp-content\/uploads\/sites\/7\/2018\/05\/20171004_150034-300x169.jpg 300w, https:\/\/ee.mlfmonde.org\/stavanger-lycee-francais\/wp-content\/uploads\/sites\/7\/2018\/05\/20171004_150034-768x432.jpg 768w\" sizes=\"(max-width: 1024px) 100vw, 1024px\" \/><\/a>\n\t\t\t<\/dt><\/dl><br style=\"clear: both\" \/><dl class='gallery-item'>\n\t\t\t<dt class='gallery-icon landscape'>\n\t\t\t\t<a href='https:\/\/ee.mlfmonde.org\/stavanger-lycee-francais\/2017-2018\/20171101_145224\/'><img loading=\"lazy\" decoding=\"async\" width=\"1024\" height=\"576\" src=\"https:\/\/ee.mlfmonde.org\/stavanger-lycee-francais\/wp-content\/uploads\/sites\/7\/2018\/05\/20171101_145224-1024x576.jpg\" class=\"attachment-large size-large\" alt=\"\" srcset=\"https:\/\/ee.mlfmonde.org\/stavanger-lycee-francais\/wp-content\/uploads\/sites\/7\/2018\/05\/20171101_145224-1024x576.jpg 1024w, https:\/\/ee.mlfmonde.org\/stavanger-lycee-francais\/wp-content\/uploads\/sites\/7\/2018\/05\/20171101_145224-300x169.jpg 300w, https:\/\/ee.mlfmonde.org\/stavanger-lycee-francais\/wp-content\/uploads\/sites\/7\/2018\/05\/20171101_145224-768x432.jpg 768w\" sizes=\"(max-width: 1024px) 100vw, 1024px\" \/><\/a>\n\t\t\t<\/dt><\/dl><dl class='gallery-item'>\n\t\t\t<dt class='gallery-icon landscape'>\n\t\t\t\t<a href='https:\/\/ee.mlfmonde.org\/stavanger-lycee-francais\/2017-2018\/20171206_144555\/'><img loading=\"lazy\" decoding=\"async\" width=\"1024\" height=\"576\" src=\"https:\/\/ee.mlfmonde.org\/stavanger-lycee-francais\/wp-content\/uploads\/sites\/7\/2018\/05\/20171206_144555-1024x576.jpg\" class=\"attachment-large size-large\" alt=\"\" srcset=\"https:\/\/ee.mlfmonde.org\/stavanger-lycee-francais\/wp-content\/uploads\/sites\/7\/2018\/05\/20171206_144555-1024x576.jpg 1024w, https:\/\/ee.mlfmonde.org\/stavanger-lycee-francais\/wp-content\/uploads\/sites\/7\/2018\/05\/20171206_144555-300x169.jpg 300w, https:\/\/ee.mlfmonde.org\/stavanger-lycee-francais\/wp-content\/uploads\/sites\/7\/2018\/05\/20171206_144555-768x432.jpg 768w\" sizes=\"(max-width: 1024px) 100vw, 1024px\" \/><\/a>\n\t\t\t<\/dt><\/dl><dl class='gallery-item'>\n\t\t\t<dt class='gallery-icon landscape'>\n\t\t\t\t<a href='https:\/\/ee.mlfmonde.org\/stavanger-lycee-francais\/2017-2018\/20180314_150612\/'><img loading=\"lazy\" decoding=\"async\" width=\"1024\" height=\"576\" src=\"https:\/\/ee.mlfmonde.org\/stavanger-lycee-francais\/wp-content\/uploads\/sites\/7\/2018\/05\/20180314_150612-1024x576.jpg\" class=\"attachment-large size-large\" alt=\"\" srcset=\"https:\/\/ee.mlfmonde.org\/stavanger-lycee-francais\/wp-content\/uploads\/sites\/7\/2018\/05\/20180314_150612-1024x576.jpg 1024w, https:\/\/ee.mlfmonde.org\/stavanger-lycee-francais\/wp-content\/uploads\/sites\/7\/2018\/05\/20180314_150612-300x169.jpg 300w, https:\/\/ee.mlfmonde.org\/stavanger-lycee-francais\/wp-content\/uploads\/sites\/7\/2018\/05\/20180314_150612-768x432.jpg 768w\" sizes=\"(max-width: 1024px) 100vw, 1024px\" \/><\/a>\n\t\t\t<\/dt><\/dl><br style=\"clear: both\" \/>\n\t\t<\/div>\n\n<p>&nbsp;<\/p>\n<p style=\"text-align: center\">Planning des activit\u00e9s p\u00e9riscolaires en \u00e9le\u0301mentaire. (Cliquez sur l&rsquo;image)<\/p>\n<p style=\"text-align: center\"><a href=\"http:\/\/ee.mlfmonde.org\/stavanger-lycee-francais\/wp-content\/uploads\/sites\/7\/2017\/09\/Activites-periscolaires-e-le\u0301mentaire_Site_-17-18.pdf\" target=\"_blank\" rel=\"noopener\"><img loading=\"lazy\" decoding=\"async\" class=\"size-medium wp-image-5538 aligncenter\" src=\"http:\/\/ee.mlfmonde.org\/stavanger-lycee-francais\/wp-content\/uploads\/sites\/7\/2017\/09\/Capture-d\u2019e\u0301cran-2017-09-20-a\u0300-21.36.58-300x209.png\" alt=\"\" width=\"300\" height=\"209\" srcset=\"https:\/\/ee.mlfmonde.org\/stavanger-lycee-francais\/wp-content\/uploads\/sites\/7\/2017\/09\/Capture-d\u2019e\u0301cran-2017-09-20-a\u0300-21.36.58-300x209.png 300w, https:\/\/ee.mlfmonde.org\/stavanger-lycee-francais\/wp-content\/uploads\/sites\/7\/2017\/09\/Capture-d\u2019e\u0301cran-2017-09-20-a\u0300-21.36.58-768x535.png 768w, https:\/\/ee.mlfmonde.org\/stavanger-lycee-francais\/wp-content\/uploads\/sites\/7\/2017\/09\/Capture-d\u2019e\u0301cran-2017-09-20-a\u0300-21.36.58.png 905w\" sizes=\"(max-width: 300px) 100vw, 300px\" \/><\/a><\/p>\n<p>&nbsp;<\/p>\n<p style=\"text-align: center\">Planning des activit\u00e9s p\u00e9riscolaires en secondaire. (Cliquez sur l&rsquo;image)<\/p>\n<p style=\"text-align: center\"><a href=\"http:\/\/ee.mlfmonde.org\/stavanger-lycee-francais\/wp-content\/uploads\/sites\/7\/2017\/09\/Activites-periscolaires-s-econdaire_Site_-17-18.pdf\" target=\"_blank\" rel=\"noopener\"><img loading=\"lazy\" decoding=\"async\" class=\"size-medium wp-image-5539 aligncenter\" src=\"http:\/\/ee.mlfmonde.org\/stavanger-lycee-francais\/wp-content\/uploads\/sites\/7\/2017\/09\/Capture-d\u2019e\u0301cran-2017-09-20-a\u0300-21.37.15-300x210.png\" alt=\"\" width=\"300\" height=\"210\" srcset=\"https:\/\/ee.mlfmonde.org\/stavanger-lycee-francais\/wp-content\/uploads\/sites\/7\/2017\/09\/Capture-d\u2019e\u0301cran-2017-09-20-a\u0300-21.37.15-300x210.png 300w, https:\/\/ee.mlfmonde.org\/stavanger-lycee-francais\/wp-content\/uploads\/sites\/7\/2017\/09\/Capture-d\u2019e\u0301cran-2017-09-20-a\u0300-21.37.15-768x536.png 768w, https:\/\/ee.mlfmonde.org\/stavanger-lycee-francais\/wp-content\/uploads\/sites\/7\/2017\/09\/Capture-d\u2019e\u0301cran-2017-09-20-a\u0300-21.37.15.png 842w\" sizes=\"(max-width: 300px) 100vw, 300px\" \/><\/a><\/p>\n<p>&nbsp;<\/p>\n<p style=\"text-align: center\">Planning du cine\u0301-club. (Cliquez sur l&rsquo;image)<\/p>\n<p style=\"text-align: center\"><a href=\"http:\/\/ee.mlfmonde.org\/stavanger-lycee-francais\/wp-content\/uploads\/sites\/7\/2017\/09\/Planning-du-cine\u0301-club.pdf\" target=\"_blank\" rel=\"noopener\"><img loading=\"lazy\" decoding=\"async\" class=\"size-medium wp-image-5540 aligncenter\" src=\"http:\/\/ee.mlfmonde.org\/stavanger-lycee-francais\/wp-content\/uploads\/sites\/7\/2017\/09\/Capture-d\u2019e\u0301cran-2017-09-20-a\u0300-21.37.28-300x200.png\" alt=\"\" width=\"300\" height=\"200\" srcset=\"https:\/\/ee.mlfmonde.org\/stavanger-lycee-francais\/wp-content\/uploads\/sites\/7\/2017\/09\/Capture-d\u2019e\u0301cran-2017-09-20-a\u0300-21.37.28-300x200.png 300w, https:\/\/ee.mlfmonde.org\/stavanger-lycee-francais\/wp-content\/uploads\/sites\/7\/2017\/09\/Capture-d\u2019e\u0301cran-2017-09-20-a\u0300-21.37.28.png 580w\" sizes=\"(max-width: 300px) 100vw, 300px\" \/><\/a><\/p>\n","protected":false},"excerpt":{"rendered":"<p>Atelier drones du lundi: Atelier desserts du mercredi: &nbsp; Planning des activit\u00e9s p\u00e9riscolaires en \u00e9le\u0301mentaire. (Cliquez sur l&rsquo;image) &nbsp; Planning des activit\u00e9s p\u00e9riscolaires en secondaire. (Cliquez sur l&rsquo;image) &nbsp; Planning du cine\u0301-club. (Cliquez sur l&rsquo;image)<\/p>\n","protected":false},"author":11,"featured_media":0,"parent":0,"menu_order":0,"comment_status":"closed","ping_status":"closed","template":"","meta":{"_acf_changed":false,"footnotes":""},"class_list":["post-5534","page","type-page","status-publish","czr-hentry"],"acf":[],"_links":{"self":[{"href":"https:\/\/ee.mlfmonde.org\/stavanger-lycee-francais\/wp-json\/wp\/v2\/pages\/5534","targetHints":{"allow":["GET"]}}],"collection":[{"href":"https:\/\/ee.mlfmonde.org\/stavanger-lycee-francais\/wp-json\/wp\/v2\/pages"}],"about":[{"href":"https:\/\/ee.mlfmonde.org\/stavanger-lycee-francais\/wp-json\/wp\/v2\/types\/page"}],"author":[{"embeddable":true,"href":"https:\/\/ee.mlfmonde.org\/stavanger-lycee-francais\/wp-json\/wp\/v2\/users\/11"}],"replies":[{"embeddable":true,"href":"https:\/\/ee.mlfmonde.org\/stavanger-lycee-francais\/wp-json\/wp\/v2\/comments?post=5534"}],"version-history":[{"count":5,"href":"https:\/\/ee.mlfmonde.org\/stavanger-lycee-francais\/wp-json\/wp\/v2\/pages\/5534\/revisions"}],"predecessor-version":[{"id":8246,"href":"https:\/\/ee.mlfmonde.org\/stavanger-lycee-francais\/wp-json\/wp\/v2\/pages\/5534\/revisions\/8246"}],"wp:attachment":[{"href":"https:\/\/ee.mlfmonde.org\/stavanger-lycee-francais\/wp-json\/wp\/v2\/media?parent=5534"}],"curies":[{"name":"wp","href":"https:\/\/api.w.org\/{rel}","templated":true}]}}