{"id":5522,"date":"2017-09-18T15:11:28","date_gmt":"2017-09-18T15:11:28","guid":{"rendered":"http:\/\/ee.mlfmonde.org\/stavanger-lycee-francais\/?page_id=5522"},"modified":"2019-02-11T13:11:40","modified_gmt":"2019-02-11T13:11:40","slug":"mon-orientation-2","status":"publish","type":"page","link":"https:\/\/ee.mlfmonde.org\/stavanger-lycee-francais\/mon-orientation-2\/","title":{"rendered":"ONISEP"},"content":{"rendered":"<p>Le site de l&rsquo;Onisep: (cliquez sur l&rsquo;image)<a href=\"http:\/\/www.onisep.fr\/\" target=\"_blank\" rel=\"noopener\"><img decoding=\"async\" class=\"size-medium wp-image-5523 aligncenter\" src=\"http:\/\/ee.mlfmonde.org\/stavanger-lycee-francais\/wp-content\/uploads\/sites\/7\/2017\/09\/te\u0301le\u0301chargement-300x117.png\" alt=\"\" width=\"300\" height=\"117\" srcset=\"https:\/\/ee.mlfmonde.org\/stavanger-lycee-francais\/wp-content\/uploads\/sites\/7\/2017\/09\/te\u0301le\u0301chargement-300x117.png 300w, https:\/\/ee.mlfmonde.org\/stavanger-lycee-francais\/wp-content\/uploads\/sites\/7\/2017\/09\/te\u0301le\u0301chargement.png 359w\" sizes=\"(max-width: 300px) 100vw, 300px\" \/><\/a><\/p>\n<p>&nbsp;<\/p>\n<p style=\"text-align: center\">Guide Onisep \u00ab\u00a0apr\u00e8s la 3e\u00a0\u00bb \u00e0 t\u00e9l\u00e9charger et \u00ab\u00a0choisir son orientation apr\u00e8s la 3e\u00a0\u00bb.\u00a0(Cliquez sur l&rsquo;image)<\/p>\n<p style=\"text-align: center\"><a href=\"http:\/\/ee.mlfmonde.org\/stavanger-lycee-francais\/wp-content\/uploads\/sites\/7\/2019\/01\/Guide-Onisep-Apre\u0300s-la-3\u00b0-Rentre\u0301e-2019.pdf\" target=\"_blank\" rel=\"noopener\"><img fetchpriority=\"high\" decoding=\"async\" class=\"alignnone size-medium wp-image-10839\" src=\"http:\/\/ee.mlfmonde.org\/stavanger-lycee-francais\/wp-content\/uploads\/sites\/7\/2019\/01\/sans_titre_14-227x300.jpg\" alt=\"\" width=\"227\" height=\"300\" srcset=\"https:\/\/ee.mlfmonde.org\/stavanger-lycee-francais\/wp-content\/uploads\/sites\/7\/2019\/01\/sans_titre_14-227x300.jpg 227w, https:\/\/ee.mlfmonde.org\/stavanger-lycee-francais\/wp-content\/uploads\/sites\/7\/2019\/01\/sans_titre_14.jpg 256w\" sizes=\"(max-width: 227px) 100vw, 227px\" \/><\/a>\u00a0.\u00a0\u00a0<a href=\"http:\/\/ee.mlfmonde.org\/stavanger-lycee-francais\/wp-content\/uploads\/sites\/7\/2019\/01\/PowerPoint-Apre\u0300s-la-3e-Rentre\u0301e-2019.pdf\" target=\"_blank\" rel=\"noopener\"><img decoding=\"async\" class=\"alignnone size-medium wp-image-10842\" src=\"http:\/\/ee.mlfmonde.org\/stavanger-lycee-francais\/wp-content\/uploads\/sites\/7\/2019\/01\/Capture-d\u2019e\u0301cran-2019-01-14-a\u0300-08.52.44-300x224.png\" alt=\"\" width=\"300\" height=\"224\" srcset=\"https:\/\/ee.mlfmonde.org\/stavanger-lycee-francais\/wp-content\/uploads\/sites\/7\/2019\/01\/Capture-d\u2019e\u0301cran-2019-01-14-a\u0300-08.52.44-300x224.png 300w, https:\/\/ee.mlfmonde.org\/stavanger-lycee-francais\/wp-content\/uploads\/sites\/7\/2019\/01\/Capture-d\u2019e\u0301cran-2019-01-14-a\u0300-08.52.44-768x573.png 768w, https:\/\/ee.mlfmonde.org\/stavanger-lycee-francais\/wp-content\/uploads\/sites\/7\/2019\/01\/Capture-d\u2019e\u0301cran-2019-01-14-a\u0300-08.52.44.png 789w\" sizes=\"(max-width: 300px) 100vw, 300px\" \/><\/a><\/p>\n<p>&nbsp;<\/p>\n<p><a href=\"http:\/\/www.horizons2021.fr\/\" target=\"_blank\" rel=\"noopener\"><img loading=\"lazy\" decoding=\"async\" class=\"aligncenter wp-image-11076 size-medium\" src=\"http:\/\/ee.mlfmonde.org\/stavanger-lycee-francais\/wp-content\/uploads\/sites\/7\/2019\/02\/reforme-du-bac-300x269.jpg\" alt=\"\" width=\"300\" height=\"269\" srcset=\"https:\/\/ee.mlfmonde.org\/stavanger-lycee-francais\/wp-content\/uploads\/sites\/7\/2019\/02\/reforme-du-bac-300x269.jpg 300w, https:\/\/ee.mlfmonde.org\/stavanger-lycee-francais\/wp-content\/uploads\/sites\/7\/2019\/02\/reforme-du-bac.jpg 324w\" sizes=\"(max-width: 300px) 100vw, 300px\" \/><\/a><\/p>\n<p>&nbsp;<\/p>\n<p>Dans le cadre d&rsquo;une convention sign\u00e9e par l&rsquo;ONISEP et la Mission la\u00efque fran\u00e7aise, l&rsquo;ONISEP met entre autres \u00e0 disposition deux ressources, Biblionisep et Mon orientation en ligne. Vous en trouverez un descriptif \u00e0 l&rsquo;adresse suivante :\u00a0<a class=\"gmail-m_-872104323135573341moz-txt-link-freetext\" href=\"http:\/\/www.mlfmonde.org\/des-ressources-pour-lorientation-onisep\/\" target=\"_blank\" rel=\"noopener\">http:\/\/www.mlfmonde.org\/des-ressources-pour-lorientation-onisep\/<\/a><\/p>\n<p>&#8211; Pour Biblionisep: (cliquez sur l&rsquo;image)<\/p>\n<p>Un identifiant et un mot de passe sont n\u00e9cessaires. Ils ont \u00e9t\u00e9 envoy\u00e9s par mails aux parents concern\u00e9s.<\/p>\n<p style=\"text-align: center\"><a href=\"https:\/\/biblionisep.onisep.fr\/\" target=\"_blank\" rel=\"noopener\"><img loading=\"lazy\" decoding=\"async\" class=\"size-medium wp-image-5524 aligncenter\" src=\"http:\/\/ee.mlfmonde.org\/stavanger-lycee-francais\/wp-content\/uploads\/sites\/7\/2017\/09\/logo-300x44.png\" alt=\"\" width=\"300\" height=\"44\" srcset=\"https:\/\/ee.mlfmonde.org\/stavanger-lycee-francais\/wp-content\/uploads\/sites\/7\/2017\/09\/logo-300x44.png 300w, https:\/\/ee.mlfmonde.org\/stavanger-lycee-francais\/wp-content\/uploads\/sites\/7\/2017\/09\/logo.png 677w\" sizes=\"(max-width: 300px) 100vw, 300px\" \/><\/a><\/p>\n<p>&nbsp;<\/p>\n<p>&nbsp;<\/p>\n<p>&#8211; Pour Mon orientation en ligne: (cliquez sur l&rsquo;image)<\/p>\n<p style=\"text-align: center\">\u00a0<a href=\"http:\/\/www.monorientationenligne.fr\/qr\/index.php\" target=\"_blank\" rel=\"noopener\"><img loading=\"lazy\" decoding=\"async\" class=\"size-medium wp-image-5525 aligncenter\" src=\"http:\/\/ee.mlfmonde.org\/stavanger-lycee-francais\/wp-content\/uploads\/sites\/7\/2017\/09\/Mon-orientation-en-ligne-300x69.jpg\" alt=\"\" width=\"300\" height=\"69\" srcset=\"https:\/\/ee.mlfmonde.org\/stavanger-lycee-francais\/wp-content\/uploads\/sites\/7\/2017\/09\/Mon-orientation-en-ligne-300x69.jpg 300w, https:\/\/ee.mlfmonde.org\/stavanger-lycee-francais\/wp-content\/uploads\/sites\/7\/2017\/09\/Mon-orientation-en-ligne-768x176.jpg 768w, https:\/\/ee.mlfmonde.org\/stavanger-lycee-francais\/wp-content\/uploads\/sites\/7\/2017\/09\/Mon-orientation-en-ligne.jpg 966w\" sizes=\"(max-width: 300px) 100vw, 300px\" \/><\/a><\/p>\n<p>&nbsp;<\/p>\n","protected":false},"excerpt":{"rendered":"<p>Le site de l&rsquo;Onisep: (cliquez sur l&rsquo;image) &nbsp; Guide Onisep \u00ab\u00a0apr\u00e8s la 3e\u00a0\u00bb \u00e0 t\u00e9l\u00e9charger et \u00ab\u00a0choisir son orientation apr\u00e8s la 3e\u00a0\u00bb.\u00a0(Cliquez sur l&rsquo;image) \u00a0.\u00a0\u00a0 &nbsp; &nbsp; Dans le cadre d&rsquo;une convention sign\u00e9e par l&rsquo;ONISEP et la Mission la\u00efque fran\u00e7aise, l&rsquo;ONISEP met entre autres \u00e0 disposition deux ressources, Biblionisep et Mon orientation en ligne. Vous [&hellip;]<\/p>\n","protected":false},"author":11,"featured_media":0,"parent":0,"menu_order":0,"comment_status":"closed","ping_status":"closed","template":"","meta":{"_acf_changed":false,"footnotes":""},"class_list":["post-5522","page","type-page","status-publish","czr-hentry"],"acf":[],"_links":{"self":[{"href":"https:\/\/ee.mlfmonde.org\/stavanger-lycee-francais\/wp-json\/wp\/v2\/pages\/5522","targetHints":{"allow":["GET"]}}],"collection":[{"href":"https:\/\/ee.mlfmonde.org\/stavanger-lycee-francais\/wp-json\/wp\/v2\/pages"}],"about":[{"href":"https:\/\/ee.mlfmonde.org\/stavanger-lycee-francais\/wp-json\/wp\/v2\/types\/page"}],"author":[{"embeddable":true,"href":"https:\/\/ee.mlfmonde.org\/stavanger-lycee-francais\/wp-json\/wp\/v2\/users\/11"}],"replies":[{"embeddable":true,"href":"https:\/\/ee.mlfmonde.org\/stavanger-lycee-francais\/wp-json\/wp\/v2\/comments?post=5522"}],"version-history":[{"count":14,"href":"https:\/\/ee.mlfmonde.org\/stavanger-lycee-francais\/wp-json\/wp\/v2\/pages\/5522\/revisions"}],"predecessor-version":[{"id":11077,"href":"https:\/\/ee.mlfmonde.org\/stavanger-lycee-francais\/wp-json\/wp\/v2\/pages\/5522\/revisions\/11077"}],"wp:attachment":[{"href":"https:\/\/ee.mlfmonde.org\/stavanger-lycee-francais\/wp-json\/wp\/v2\/media?parent=5522"}],"curies":[{"name":"wp","href":"https:\/\/api.w.org\/{rel}","templated":true}]}}