{"id":2764,"date":"2017-02-02T13:50:23","date_gmt":"2017-02-02T13:50:23","guid":{"rendered":"http:\/\/ee.mlfmonde.org\/stavanger-lycee-francais\/?page_id=2764"},"modified":"2018-06-11T11:06:10","modified_gmt":"2018-06-11T11:06:10","slug":"inscriptions-rentree-2018","status":"publish","type":"page","link":"https:\/\/ee.mlfmonde.org\/stavanger-lycee-francais\/inscriptions-rentree-2018\/","title":{"rendered":"Rentr\u00e9e 2018"},"content":{"rendered":"<h1 style=\"text-align: center\">T\u00e9l\u00e9chargez le document<\/h1>\n<h1 style=\"text-align: center\"><a href=\"http:\/\/ee.mlfmonde.org\/stavanger-lycee-francais\/wp-content\/uploads\/sites\/7\/2018\/05\/Registration-form-2018-19.pdf\">Registration form 2018-2019<\/a><\/h1>\n<p>&nbsp;<\/p>\n<h1 style=\"text-align: center\">T\u00e9l\u00e9chargez la note de rentr\u00e9e 2018<\/h1>\n<h1 style=\"text-align: center\"><a href=\"http:\/\/ee.mlfmonde.org\/stavanger-lycee-francais\/wp-content\/uploads\/sites\/7\/2018\/05\/INFOS-RENTREE-2018-2019.pdf\">INFOS RENTREE 2018-2019<\/a><\/h1>\n","protected":false},"excerpt":{"rendered":"<p>T\u00e9l\u00e9chargez le document Registration form 2018-2019 &nbsp; T\u00e9l\u00e9chargez la note de rentr\u00e9e 2018 INFOS RENTREE 2018-2019<\/p>\n","protected":false},"author":11,"featured_media":8533,"parent":0,"menu_order":0,"comment_status":"closed","ping_status":"closed","template":"","meta":{"_acf_changed":false,"footnotes":""},"class_list":["post-2764","page","type-page","status-publish","has-post-thumbnail","czr-hentry"],"acf":[],"_links":{"self":[{"href":"https:\/\/ee.mlfmonde.org\/stavanger-lycee-francais\/wp-json\/wp\/v2\/pages\/2764","targetHints":{"allow":["GET"]}}],"collection":[{"href":"https:\/\/ee.mlfmonde.org\/stavanger-lycee-francais\/wp-json\/wp\/v2\/pages"}],"about":[{"href":"https:\/\/ee.mlfmonde.org\/stavanger-lycee-francais\/wp-json\/wp\/v2\/types\/page"}],"author":[{"embeddable":true,"href":"https:\/\/ee.mlfmonde.org\/stavanger-lycee-francais\/wp-json\/wp\/v2\/users\/11"}],"replies":[{"embeddable":true,"href":"https:\/\/ee.mlfmonde.org\/stavanger-lycee-francais\/wp-json\/wp\/v2\/comments?post=2764"}],"version-history":[{"count":11,"href":"https:\/\/ee.mlfmonde.org\/stavanger-lycee-francais\/wp-json\/wp\/v2\/pages\/2764\/revisions"}],"predecessor-version":[{"id":9374,"href":"https:\/\/ee.mlfmonde.org\/stavanger-lycee-francais\/wp-json\/wp\/v2\/pages\/2764\/revisions\/9374"}],"wp:featuredmedia":[{"embeddable":true,"href":"https:\/\/ee.mlfmonde.org\/stavanger-lycee-francais\/wp-json\/wp\/v2\/media\/8533"}],"wp:attachment":[{"href":"https:\/\/ee.mlfmonde.org\/stavanger-lycee-francais\/wp-json\/wp\/v2\/media?parent=2764"}],"curies":[{"name":"wp","href":"https:\/\/api.w.org\/{rel}","templated":true}]}}