{"id":2697,"date":"2017-01-30T07:55:19","date_gmt":"2017-01-30T07:55:19","guid":{"rendered":"http:\/\/ee.mlfmonde.org\/stavanger-lycee-francais\/?page_id=2697"},"modified":"2018-09-20T12:21:17","modified_gmt":"2018-09-20T12:21:17","slug":"le-mot-du-proviseur","status":"publish","type":"page","link":"https:\/\/ee.mlfmonde.org\/stavanger-lycee-francais\/le-mot-du-proviseur\/","title":{"rendered":"Le mot du proviseur"},"content":{"rendered":"<p>&nbsp;<\/p>\n<p>&nbsp;<\/p>\n<div class=\"page\" title=\"Page 1\">\n<table>\n<tbody>\n<tr>\n<td>\n<div class=\"layoutArea\">\n<div class=\"column\">\n<p>Chers parents,<\/p>\n<\/div>\n<\/div>\n<div class=\"layoutArea\">\n<div class=\"layoutArea\">\n<div class=\"column\">\n<p>\u00a0 \u00a0 \u00a0Le lyce\u0301e franc\u0327ais de Stavanger est l\u2019une des 110 e\u0301coles du re\u0301seau mlfmonde implante\u0301es dans 41 pays et qui scolarisent plus de 55 000 e\u0301le\u0300ves dans le monde. Ces e\u0301tablissements font partie inte\u0301grante des 494 e\u0301tablissements qui composent le re\u0301seau d\u2019enseignement franc\u0327ais a\u0300 l\u2019e\u0301tranger.<\/p>\n<p>Le lyce\u0301e franc\u0327ais de Stavanger, e\u0301cole d\u2019entreprise, a e\u0301te\u0301 cre\u0301e\u0301 en 1972 pour re\u0301pondre aux besoins spe\u0301cifiques de l\u2019entreprise Total E&amp;P Norge AS qui de\u0301sirait scolariser les enfants de son personnel expatrie\u0301 sur le site de production.<\/p>\n<p>Notre e\u0301tablissement, qui scolarise les e\u0301le\u0300ves des classes e\u0301le\u0301mentaires et du colle\u0300ge, est ouvert dans la limite des places disponibles, a\u0300 toutes les familles de\u0301sirant offrir a\u0300 leurs enfants un enseignement \u00ab a\u0300 la franc\u0327aise \u00bb de qualite\u0301 fonde\u0301 sur un accompagnement\u00a0<span style=\"font-family: inherit;font-size: inherit\">personnalise\u0301, l\u2019e\u0301panouissement et la re\u0301ussite de chacun.<\/span><\/p>\n<\/div>\n<\/div>\n<\/div>\n<\/td>\n<\/tr>\n<tr>\n<td>\n<div class=\"layoutArea\">\n<div class=\"layoutArea\">\n<div class=\"column\">\n<p>\u00a0 \u00a0 \u00a0Nos enseignants, majoritairement titulaires du ministe\u0300re de l\u2019E\u0301ducation nationale franc\u0327aise, s\u2019attachent a\u0300 inculquer a\u0300 leurs e\u0301le\u0300ves des valeurs qui leur permettront de devenir demain des citoyens responsables et respectueux de l\u2019autre, priorite\u0301 historique de la Mission lai\u0308que franc\u0327aise et axe fondamental de la loi de refondation de l\u2019E\u0301cole de la Re\u0301publique.<\/p>\n<p>Fort d\u2019une e\u0301quipe pe\u0301dagogique motive\u0301e, enthousiaste, porteuse de projets riches et varie\u0301s et consciente des enjeux socie\u0301taux de demain, notre e\u0301tablissement se veut re\u0301solument ouvert sur l\u2019avenir en privile\u0301giant le plurilinguisme, le multiculturalisme et l\u2019interculturalite\u0301, s\u2019inscrivant ainsi totalement dans la devise de la Mission lai\u0308que franc\u0327aise \u00ab deux cultures, trois langues \u00bb.<\/p>\n<p>Afin d\u2019atteindre ces objectifs, notre lyce\u0301e met en avant un projet d\u2019e\u0301tablissement ambitieux dont l\u2019un des axes forts est l\u2019enseignement des langues et l\u2019ouverture sur d\u2019autres cultures. Selon les niveaux, le lyce\u0301e propose a\u0300 ses e\u0301le\u0300ves entre 7 et 10 heures d\u2019enseignement des langues e\u0301trange\u0300res : 2 heures de norve\u0301gien et 5 a\u0300 8 heures d\u2019anglais re\u0301parties en enseignement obligatoire, pre\u0301paration aux certifications de Cambridge, conversation orale, \u00ab drama \u00bb et enseignement de disciplines autres que la langue vivante dispense\u0301 en anglais. Chaque anne\u0301e, des voyages linguistiques et culturels sont propose\u0301s a\u0300 nos e\u0301le\u0300ves a\u0300 partir de la classe de CP. L\u2019anne\u0301e dernie\u0300re, nos e\u0301le\u0300ves, selon leur niveau, ont eu le plaisir de partir a\u0300 la de\u0301couverte d&rsquo;Aberdeen en Ecosse, de Dublin en Irlande, de Cardiff et Bristol au Royaume-Uni, et\/ou d\u2019aller s\u2019initier a\u0300 la langue et a\u0300 la culture espagnoles \u00e0 Madrid ou Italiennes \u00e0 Rome, Pomp\u00e9i et Naples &#8230; Cette anne\u0301e, de nouveaux projets a\u0300 l\u2019e\u0301tude permettront a\u0300 nos e\u0301le\u0300ves de de\u0301couvrir d\u2019autres re\u0301gions et de mettre ainsi en pratique la ou les langues e\u0301tudie\u0301(es).<\/p>\n<p>Favoriser les conditions de re\u0301ussite et de bien-e\u0302tre de tous nos e\u0301le\u0300ves sans exception reste le\u00a0<span style=\"font-family: inherit;font-size: inherit\">fondement de notre action afin d\u2019en faire de futurs citoyens du monde libres, e\u0301panouis et e\u0301claire\u0301s.<\/span><\/p>\n<\/div>\n<\/div>\n<\/div>\n<\/td>\n<\/tr>\n<tr>\n<td>\n<div class=\"layoutArea\">\n<div class=\"column\">\n<p>Bien a\u0300 vous,<\/p>\n<p>Yann MEUR<br \/>\nProviseur du Lyce\u0301e Franc\u0327ais de Stavanger<\/p>\n<\/div>\n<\/div>\n<\/td>\n<\/tr>\n<\/tbody>\n<\/table>\n<\/div>\n<p>&nbsp;<\/p>\n","protected":false},"excerpt":{"rendered":"<p>&nbsp; &nbsp; Chers parents, \u00a0 \u00a0 \u00a0Le lyce\u0301e franc\u0327ais de Stavanger est l\u2019une des 110 e\u0301coles du re\u0301seau mlfmonde implante\u0301es dans 41 pays et qui scolarisent plus de 55 000 e\u0301le\u0300ves dans le monde. Ces e\u0301tablissements font partie inte\u0301grante des 494 e\u0301tablissements qui composent le re\u0301seau d\u2019enseignement franc\u0327ais a\u0300 l\u2019e\u0301tranger. Le lyce\u0301e franc\u0327ais de Stavanger, [&hellip;]<\/p>\n","protected":false},"author":11,"featured_media":0,"parent":0,"menu_order":0,"comment_status":"closed","ping_status":"closed","template":"","meta":{"_acf_changed":false,"footnotes":""},"class_list":["post-2697","page","type-page","status-publish","czr-hentry"],"acf":[],"_links":{"self":[{"href":"https:\/\/ee.mlfmonde.org\/stavanger-lycee-francais\/wp-json\/wp\/v2\/pages\/2697","targetHints":{"allow":["GET"]}}],"collection":[{"href":"https:\/\/ee.mlfmonde.org\/stavanger-lycee-francais\/wp-json\/wp\/v2\/pages"}],"about":[{"href":"https:\/\/ee.mlfmonde.org\/stavanger-lycee-francais\/wp-json\/wp\/v2\/types\/page"}],"author":[{"embeddable":true,"href":"https:\/\/ee.mlfmonde.org\/stavanger-lycee-francais\/wp-json\/wp\/v2\/users\/11"}],"replies":[{"embeddable":true,"href":"https:\/\/ee.mlfmonde.org\/stavanger-lycee-francais\/wp-json\/wp\/v2\/comments?post=2697"}],"version-history":[{"count":9,"href":"https:\/\/ee.mlfmonde.org\/stavanger-lycee-francais\/wp-json\/wp\/v2\/pages\/2697\/revisions"}],"predecessor-version":[{"id":9937,"href":"https:\/\/ee.mlfmonde.org\/stavanger-lycee-francais\/wp-json\/wp\/v2\/pages\/2697\/revisions\/9937"}],"wp:attachment":[{"href":"https:\/\/ee.mlfmonde.org\/stavanger-lycee-francais\/wp-json\/wp\/v2\/media?parent=2697"}],"curies":[{"name":"wp","href":"https:\/\/api.w.org\/{rel}","templated":true}]}}