{"id":234,"date":"2015-09-13T14:43:56","date_gmt":"2015-09-13T14:43:56","guid":{"rendered":"http:\/\/ee.mlfmonde.org\/stavanger-lycee-francais\/?page_id=234"},"modified":"2017-01-29T12:26:11","modified_gmt":"2017-01-29T12:26:11","slug":"nous-contacter","status":"publish","type":"page","link":"https:\/\/ee.mlfmonde.org\/stavanger-lycee-francais\/nous-contacter\/","title":{"rendered":"Nous contacter"},"content":{"rendered":"<p style=\"text-align: center\"><span style=\"text-decoration: underline\"><a href=\"http:\/\/ee.mlfmonde.org\/stavanger-lycee-francais\/wp-content\/uploads\/sites\/7\/2016\/10\/DSCF0147.jpg\"><img fetchpriority=\"high\" decoding=\"async\" class=\" wp-image-1486 aligncenter\" src=\"http:\/\/ee.mlfmonde.org\/stavanger-lycee-francais\/wp-content\/uploads\/sites\/7\/2016\/10\/DSCF0147-300x225.jpg\" alt=\"Lyc\u00e9e Fran\u00e7ais de Stavanger\" width=\"457\" height=\"343\" srcset=\"https:\/\/ee.mlfmonde.org\/stavanger-lycee-francais\/wp-content\/uploads\/sites\/7\/2016\/10\/DSCF0147-300x225.jpg 300w, https:\/\/ee.mlfmonde.org\/stavanger-lycee-francais\/wp-content\/uploads\/sites\/7\/2016\/10\/DSCF0147-768x576.jpg 768w, https:\/\/ee.mlfmonde.org\/stavanger-lycee-francais\/wp-content\/uploads\/sites\/7\/2016\/10\/DSCF0147-1024x768.jpg 1024w\" sizes=\"(max-width: 457px) 100vw, 457px\" \/><\/a><\/span><span style=\"text-decoration: underline\">Adresse postale et t\u00e9l\u00e9phone<\/span> :<\/p>\n<p style=\"text-align: center\"><strong>Lyc\u00e9e Fran\u00e7ais de Stavanger<\/strong><br \/>\nPostboks 370 &#8211; Sentrum<br \/>\nN-4002 Stavanger &#8211; NORVEGE<br \/>\nT\u00e9l.\u00a0 : (+47) 51 91 94 50<\/p>\n<p style=\"text-align: center\"><span style=\"text-decoration: underline\">Courrier \u00e9lectronique<\/span> :<\/p>\n<p style=\"text-align: center\">La direction : \u00a0 \u00a0<a href=\"mailto:direction.stavanger@mlfmonde.org\">direction.stavanger@mlfmonde.org<\/a><\/p>\n<p style=\"text-align: center\">Le secr\u00e9tariat : \u00a0<a href=\"mailto:lf.stavanger@mlfmonde.org\">lf.stavanger@mlfmonde.org<\/a><\/p>\n<p>&nbsp;<\/p>\n<p style=\"text-align: center\">Pour un probl\u00e8me technique, veuillez contacter l&rsquo;administrateur du site : <strong>M. ROUDEILLAC\u00a0<\/strong><\/p>\n<p style=\"text-align: center\">\u00e0 l&rsquo;adresse suivante :\u00a0<a href=\"mailto:yann-eric.roudeillac@mlfmonde.org\">yann-eric.roudeillac@mlfmonde.org<\/a><\/p>\n","protected":false},"excerpt":{"rendered":"<p>Adresse postale et t\u00e9l\u00e9phone : Lyc\u00e9e Fran\u00e7ais de Stavanger Postboks 370 &#8211; Sentrum N-4002 Stavanger &#8211; NORVEGE T\u00e9l.\u00a0 : (+47) 51 91 94 50 Courrier \u00e9lectronique : La direction : \u00a0 \u00a0direction.stavanger@mlfmonde.org Le secr\u00e9tariat : \u00a0lf.stavanger@mlfmonde.org &nbsp; Pour un probl\u00e8me technique, veuillez contacter l&rsquo;administrateur du site : M. ROUDEILLAC\u00a0 \u00e0 l&rsquo;adresse suivante :\u00a0yann-eric.roudeillac@mlfmonde.org<\/p>\n","protected":false},"author":11,"featured_media":0,"parent":0,"menu_order":0,"comment_status":"closed","ping_status":"closed","template":"","meta":{"_acf_changed":false,"footnotes":""},"class_list":["post-234","page","type-page","status-publish","czr-hentry"],"acf":[],"_links":{"self":[{"href":"https:\/\/ee.mlfmonde.org\/stavanger-lycee-francais\/wp-json\/wp\/v2\/pages\/234","targetHints":{"allow":["GET"]}}],"collection":[{"href":"https:\/\/ee.mlfmonde.org\/stavanger-lycee-francais\/wp-json\/wp\/v2\/pages"}],"about":[{"href":"https:\/\/ee.mlfmonde.org\/stavanger-lycee-francais\/wp-json\/wp\/v2\/types\/page"}],"author":[{"embeddable":true,"href":"https:\/\/ee.mlfmonde.org\/stavanger-lycee-francais\/wp-json\/wp\/v2\/users\/11"}],"replies":[{"embeddable":true,"href":"https:\/\/ee.mlfmonde.org\/stavanger-lycee-francais\/wp-json\/wp\/v2\/comments?post=234"}],"version-history":[{"count":10,"href":"https:\/\/ee.mlfmonde.org\/stavanger-lycee-francais\/wp-json\/wp\/v2\/pages\/234\/revisions"}],"predecessor-version":[{"id":2684,"href":"https:\/\/ee.mlfmonde.org\/stavanger-lycee-francais\/wp-json\/wp\/v2\/pages\/234\/revisions\/2684"}],"wp:attachment":[{"href":"https:\/\/ee.mlfmonde.org\/stavanger-lycee-francais\/wp-json\/wp\/v2\/media?parent=234"}],"curies":[{"name":"wp","href":"https:\/\/api.w.org\/{rel}","templated":true}]}}