{"id":1713,"date":"2016-11-09T17:52:57","date_gmt":"2016-11-09T17:52:57","guid":{"rendered":"http:\/\/ee.mlfmonde.org\/stavanger-lycee-francais\/?page_id=1713"},"modified":"2018-02-08T14:25:35","modified_gmt":"2018-02-08T14:25:35","slug":"booktubes","status":"publish","type":"page","link":"https:\/\/ee.mlfmonde.org\/stavanger-lycee-francais\/booktubes\/","title":{"rendered":"BookTubes"},"content":{"rendered":"<p>Dans le cadre de la s\u00e9quence\u00a0<strong>\u00ab\u00a0Vivre en soci\u00e9t\u00e9, participer \u00e0 la soci\u00e9t\u00e9\u00a0: famille, amis, r\u00e9seaux\u00a0\u00bb<\/strong>, les \u00e9l\u00e8ves de 5<sup>\u00e8me<\/sup>ont lu un roman \u00e9voquant l\u2019amiti\u00e9 dans les r\u00e9cits d\u2019adolescence. Silja et Sarah vous pr\u00e9sentent aujourd\u2019hui <i>Le Grand Meaulnes<\/i>\u00a0d&rsquo;Alain-Fournier.<\/p>\n<p>&nbsp;<\/p>\n<p><a href=\"https:\/\/www.youtube.com\/embed\/I6EzgODKQm4?rel=0\" target=\"_blank\" rel=\"noopener\"><img fetchpriority=\"high\" decoding=\"async\" class=\"alignleft size-medium wp-image-6777\" src=\"http:\/\/ee.mlfmonde.org\/stavanger-lycee-francais\/wp-content\/uploads\/sites\/7\/2018\/02\/Capture-d\u2019e\u0301cran-2018-02-06-a\u0300-17.17.54-300x168.png\" alt=\"\" width=\"300\" height=\"168\" srcset=\"https:\/\/ee.mlfmonde.org\/stavanger-lycee-francais\/wp-content\/uploads\/sites\/7\/2018\/02\/Capture-d\u2019e\u0301cran-2018-02-06-a\u0300-17.17.54-300x168.png 300w, https:\/\/ee.mlfmonde.org\/stavanger-lycee-francais\/wp-content\/uploads\/sites\/7\/2018\/02\/Capture-d\u2019e\u0301cran-2018-02-06-a\u0300-17.17.54.png 468w\" sizes=\"(max-width: 300px) 100vw, 300px\" \/><\/a><a href=\"https:\/\/www.youtube.com\/embed\/2mm6FPTOaRM?rel=0\" target=\"_blank\" rel=\"noopener\"><img decoding=\"async\" class=\"alignleft size-medium wp-image-6778\" src=\"http:\/\/ee.mlfmonde.org\/stavanger-lycee-francais\/wp-content\/uploads\/sites\/7\/2018\/02\/Capture-d\u2019e\u0301cran-2018-02-06-a\u0300-17.19.17-300x166.png\" alt=\"\" width=\"300\" height=\"166\" srcset=\"https:\/\/ee.mlfmonde.org\/stavanger-lycee-francais\/wp-content\/uploads\/sites\/7\/2018\/02\/Capture-d\u2019e\u0301cran-2018-02-06-a\u0300-17.19.17-300x166.png 300w, https:\/\/ee.mlfmonde.org\/stavanger-lycee-francais\/wp-content\/uploads\/sites\/7\/2018\/02\/Capture-d\u2019e\u0301cran-2018-02-06-a\u0300-17.19.17.png 469w\" sizes=\"(max-width: 300px) 100vw, 300px\" \/><\/a><\/p>\n<p>&nbsp;<\/p>\n","protected":false},"excerpt":{"rendered":"<p>Dans le cadre de la s\u00e9quence\u00a0\u00ab\u00a0Vivre en soci\u00e9t\u00e9, participer \u00e0 la soci\u00e9t\u00e9\u00a0: famille, amis, r\u00e9seaux\u00a0\u00bb, les \u00e9l\u00e8ves de 5\u00e8meont lu un roman \u00e9voquant l\u2019amiti\u00e9 dans les r\u00e9cits d\u2019adolescence. Silja et Sarah vous pr\u00e9sentent aujourd\u2019hui Le Grand Meaulnes\u00a0d&rsquo;Alain-Fournier. &nbsp; &nbsp;<\/p>\n","protected":false},"author":11,"featured_media":0,"parent":0,"menu_order":0,"comment_status":"closed","ping_status":"closed","template":"","meta":{"_acf_changed":false,"footnotes":""},"class_list":["post-1713","page","type-page","status-publish","czr-hentry"],"acf":[],"_links":{"self":[{"href":"https:\/\/ee.mlfmonde.org\/stavanger-lycee-francais\/wp-json\/wp\/v2\/pages\/1713","targetHints":{"allow":["GET"]}}],"collection":[{"href":"https:\/\/ee.mlfmonde.org\/stavanger-lycee-francais\/wp-json\/wp\/v2\/pages"}],"about":[{"href":"https:\/\/ee.mlfmonde.org\/stavanger-lycee-francais\/wp-json\/wp\/v2\/types\/page"}],"author":[{"embeddable":true,"href":"https:\/\/ee.mlfmonde.org\/stavanger-lycee-francais\/wp-json\/wp\/v2\/users\/11"}],"replies":[{"embeddable":true,"href":"https:\/\/ee.mlfmonde.org\/stavanger-lycee-francais\/wp-json\/wp\/v2\/comments?post=1713"}],"version-history":[{"count":2,"href":"https:\/\/ee.mlfmonde.org\/stavanger-lycee-francais\/wp-json\/wp\/v2\/pages\/1713\/revisions"}],"predecessor-version":[{"id":6781,"href":"https:\/\/ee.mlfmonde.org\/stavanger-lycee-francais\/wp-json\/wp\/v2\/pages\/1713\/revisions\/6781"}],"wp:attachment":[{"href":"https:\/\/ee.mlfmonde.org\/stavanger-lycee-francais\/wp-json\/wp\/v2\/media?parent=1713"}],"curies":[{"name":"wp","href":"https:\/\/api.w.org\/{rel}","templated":true}]}}