{"id":1568,"date":"2016-10-16T13:32:25","date_gmt":"2016-10-16T13:32:25","guid":{"rendered":"http:\/\/ee.mlfmonde.org\/stavanger-lycee-francais\/?page_id=1568"},"modified":"2019-03-12T08:18:13","modified_gmt":"2019-03-12T08:18:13","slug":"comptes-rendus-des-gie","status":"publish","type":"page","link":"https:\/\/ee.mlfmonde.org\/stavanger-lycee-francais\/comptes-rendus-des-gie\/","title":{"rendered":"Comptes rendus des GIE"},"content":{"rendered":"<p>Comptes rendus \u00e0 t\u00e9l\u00e9charger:<\/p>\n<p>&nbsp;<\/p>\n<p>Ann\u00e9e 2018-2019<\/p>\n<p>#2:\u00a0<a href=\"http:\/\/ee.mlfmonde.org\/stavanger-lycee-francais\/wp-content\/uploads\/sites\/7\/2019\/03\/190311-PV-Re\u0301union-GIE-n\u00b02_LF-Stavanger.pdf\" target=\"_blank\" rel=\"noopener\">Compte rendu du GIE du lundi 11 mars 2019<\/a><\/p>\n<p>#1:\u00a0<a href=\"http:\/\/ee.mlfmonde.org\/stavanger-lycee-francais\/wp-content\/uploads\/sites\/7\/2018\/12\/181204-PV-Re\u0301union-GIE-n\u00b01.pdf\" target=\"_blank\" rel=\"noopener\">Compte rendu du GIE du mardi 4 d\u00e9cembre 2018<\/a><\/p>\n<p>&nbsp;<\/p>\n<p>Ann\u00e9e 2017-2018<\/p>\n<p>#3:\u00a0<a href=\"http:\/\/ee.mlfmonde.org\/stavanger-lycee-francais\/wp-content\/uploads\/sites\/7\/2018\/06\/180605-PV-Re\u0301union-GIE-n\u00b03_LF-Stavanger.pdf\" target=\"_blank\" rel=\"noopener\">Compte rendu du GIE du mardi 5 juin 2018<\/a><\/p>\n<p>#2:\u00a0<a href=\"http:\/\/ee.mlfmonde.org\/stavanger-lycee-francais\/wp-content\/uploads\/sites\/7\/2018\/03\/180313-PV-Re\u0301union-GIE-n\u00b02_LF-Stavanger-2.pdf\" target=\"_blank\" rel=\"noopener\">Compte rendu du GIE du mardi 13 mars 2018<\/a><\/p>\n<p>#1: <a href=\"http:\/\/ee.mlfmonde.org\/stavanger-lycee-francais\/wp-content\/uploads\/sites\/7\/2017\/12\/171205-PV-Re\u0301union-GIE-n\u00b01.pdf\" target=\"_blank\" rel=\"noopener\">Compte rendu du GIE du mardi 5 d\u00e9cembre 2017<\/a><\/p>\n<p>&nbsp;<\/p>\n<p>&nbsp;<\/p>\n<p>Ann\u00e9e 2016-2017<\/p>\n<p><a href=\"http:\/\/ee.mlfmonde.org\/stavanger-lycee-francais\/wp-content\/uploads\/sites\/7\/2016\/10\/161206-PV-R\u00e9union-GIE-n\u00b01.pdf\">Compte rendu du GIE du mardi 6 d\u00e9cembre 2016<\/a><\/p>\n<p><a href=\"http:\/\/ee.mlfmonde.org\/stavanger-lycee-francais\/wp-content\/uploads\/sites\/7\/2016\/10\/170316-PV-Re\u0301union-GIE-n\u00b02_LF-Stavanger.pdf\" target=\"_blank\" rel=\"noopener noreferrer\">Compte rendu du GIE du jeudi 16 mars 2017<\/a><\/p>\n<p><a href=\"http:\/\/ee.mlfmonde.org\/stavanger-lycee-francais\/wp-content\/uploads\/sites\/7\/2016\/10\/170607-PV-Re\u0301union-GIE-n\u00b03_LF-Stavanger.pdf\">Compte rendu du GIE du mercredi 7 juin 2017<\/a><\/p>\n","protected":false},"excerpt":{"rendered":"<p>Comptes rendus \u00e0 t\u00e9l\u00e9charger: &nbsp; Ann\u00e9e 2018-2019 #2:\u00a0Compte rendu du GIE du lundi 11 mars 2019 #1:\u00a0Compte rendu du GIE du mardi 4 d\u00e9cembre 2018 &nbsp; Ann\u00e9e 2017-2018 #3:\u00a0Compte rendu du GIE du mardi 5 juin 2018 #2:\u00a0Compte rendu du GIE du mardi 13 mars 2018 #1: Compte rendu du GIE du mardi 5 d\u00e9cembre [&hellip;]<\/p>\n","protected":false},"author":11,"featured_media":0,"parent":0,"menu_order":0,"comment_status":"closed","ping_status":"closed","template":"","meta":{"_acf_changed":false,"footnotes":""},"class_list":["post-1568","page","type-page","status-publish","czr-hentry"],"acf":[],"_links":{"self":[{"href":"https:\/\/ee.mlfmonde.org\/stavanger-lycee-francais\/wp-json\/wp\/v2\/pages\/1568","targetHints":{"allow":["GET"]}}],"collection":[{"href":"https:\/\/ee.mlfmonde.org\/stavanger-lycee-francais\/wp-json\/wp\/v2\/pages"}],"about":[{"href":"https:\/\/ee.mlfmonde.org\/stavanger-lycee-francais\/wp-json\/wp\/v2\/types\/page"}],"author":[{"embeddable":true,"href":"https:\/\/ee.mlfmonde.org\/stavanger-lycee-francais\/wp-json\/wp\/v2\/users\/11"}],"replies":[{"embeddable":true,"href":"https:\/\/ee.mlfmonde.org\/stavanger-lycee-francais\/wp-json\/wp\/v2\/comments?post=1568"}],"version-history":[{"count":16,"href":"https:\/\/ee.mlfmonde.org\/stavanger-lycee-francais\/wp-json\/wp\/v2\/pages\/1568\/revisions"}],"predecessor-version":[{"id":11288,"href":"https:\/\/ee.mlfmonde.org\/stavanger-lycee-francais\/wp-json\/wp\/v2\/pages\/1568\/revisions\/11288"}],"wp:attachment":[{"href":"https:\/\/ee.mlfmonde.org\/stavanger-lycee-francais\/wp-json\/wp\/v2\/media?parent=1568"}],"curies":[{"name":"wp","href":"https:\/\/api.w.org\/{rel}","templated":true}]}}