{"id":1512,"date":"2016-10-16T09:04:01","date_gmt":"2016-10-16T09:04:01","guid":{"rendered":"http:\/\/ee.mlfmonde.org\/stavanger-lycee-francais\/?page_id=1512"},"modified":"2018-08-21T11:20:23","modified_gmt":"2018-08-21T11:20:23","slug":"reglement-interieur-de-letablissement","status":"publish","type":"page","link":"https:\/\/ee.mlfmonde.org\/stavanger-lycee-francais\/reglement-interieur-de-letablissement\/","title":{"rendered":"R\u00e8glement int\u00e9rieur de l&rsquo;\u00e9tablissement"},"content":{"rendered":"<p>T\u00e9l\u00e9charger le document:\u00a0<a href=\"http:\/\/ee.mlfmonde.org\/stavanger-lycee-francais\/wp-content\/uploads\/sites\/7\/2018\/08\/Re\u0300glement-inte\u0301rieur-_LFS_18-19.pdf\">Re\u0300glement inte\u0301rieur _LFS_18-19<\/a><\/p>\n<p><a href=\"http:\/\/ee.mlfmonde.org\/stavanger-lycee-francais\/wp-content\/uploads\/sites\/7\/2018\/08\/Re\u0300glement-inte\u0301rieur-_LFS_18-19.pdf\" target=\"_blank\" rel=\"noopener\"><img fetchpriority=\"high\" decoding=\"async\" class=\"size-medium wp-image-9640 aligncenter\" src=\"http:\/\/ee.mlfmonde.org\/stavanger-lycee-francais\/wp-content\/uploads\/sites\/7\/2018\/08\/Capture-d\u2019e\u0301cran-2018-08-21-a\u0300-13.19.21-278x300.png\" alt=\"\" width=\"278\" height=\"300\" srcset=\"https:\/\/ee.mlfmonde.org\/stavanger-lycee-francais\/wp-content\/uploads\/sites\/7\/2018\/08\/Capture-d\u2019e\u0301cran-2018-08-21-a\u0300-13.19.21-278x300.png 278w, https:\/\/ee.mlfmonde.org\/stavanger-lycee-francais\/wp-content\/uploads\/sites\/7\/2018\/08\/Capture-d\u2019e\u0301cran-2018-08-21-a\u0300-13.19.21-570x618.png 570w, https:\/\/ee.mlfmonde.org\/stavanger-lycee-francais\/wp-content\/uploads\/sites\/7\/2018\/08\/Capture-d\u2019e\u0301cran-2018-08-21-a\u0300-13.19.21.png 572w\" sizes=\"(max-width: 278px) 100vw, 278px\" \/><\/a><\/p>\n","protected":false},"excerpt":{"rendered":"<p>T\u00e9l\u00e9charger le document:\u00a0Re\u0300glement inte\u0301rieur _LFS_18-19<\/p>\n","protected":false},"author":11,"featured_media":0,"parent":0,"menu_order":0,"comment_status":"closed","ping_status":"closed","template":"","meta":{"_acf_changed":false,"footnotes":""},"class_list":["post-1512","page","type-page","status-publish","czr-hentry"],"acf":[],"_links":{"self":[{"href":"https:\/\/ee.mlfmonde.org\/stavanger-lycee-francais\/wp-json\/wp\/v2\/pages\/1512","targetHints":{"allow":["GET"]}}],"collection":[{"href":"https:\/\/ee.mlfmonde.org\/stavanger-lycee-francais\/wp-json\/wp\/v2\/pages"}],"about":[{"href":"https:\/\/ee.mlfmonde.org\/stavanger-lycee-francais\/wp-json\/wp\/v2\/types\/page"}],"author":[{"embeddable":true,"href":"https:\/\/ee.mlfmonde.org\/stavanger-lycee-francais\/wp-json\/wp\/v2\/users\/11"}],"replies":[{"embeddable":true,"href":"https:\/\/ee.mlfmonde.org\/stavanger-lycee-francais\/wp-json\/wp\/v2\/comments?post=1512"}],"version-history":[{"count":3,"href":"https:\/\/ee.mlfmonde.org\/stavanger-lycee-francais\/wp-json\/wp\/v2\/pages\/1512\/revisions"}],"predecessor-version":[{"id":9642,"href":"https:\/\/ee.mlfmonde.org\/stavanger-lycee-francais\/wp-json\/wp\/v2\/pages\/1512\/revisions\/9642"}],"wp:attachment":[{"href":"https:\/\/ee.mlfmonde.org\/stavanger-lycee-francais\/wp-json\/wp\/v2\/media?parent=1512"}],"curies":[{"name":"wp","href":"https:\/\/api.w.org\/{rel}","templated":true}]}}