{"id":1498,"date":"2016-10-16T08:31:14","date_gmt":"2016-10-16T08:31:14","guid":{"rendered":"http:\/\/ee.mlfmonde.org\/stavanger-lycee-francais\/?page_id=1498"},"modified":"2016-10-16T12:06:24","modified_gmt":"2016-10-16T12:06:24","slug":"projet-decole","status":"publish","type":"page","link":"https:\/\/ee.mlfmonde.org\/stavanger-lycee-francais\/projet-decole\/","title":{"rendered":"Projet d&rsquo;\u00e9cole"},"content":{"rendered":"<p>Le projet d&rsquo;\u00e9cole est en cours d&rsquo;\u00e9laboration.<\/p>\n","protected":false},"excerpt":{"rendered":"<p>Le projet d&rsquo;\u00e9cole est en cours d&rsquo;\u00e9laboration.<\/p>\n","protected":false},"author":11,"featured_media":0,"parent":0,"menu_order":0,"comment_status":"closed","ping_status":"closed","template":"","meta":{"_acf_changed":false,"footnotes":""},"class_list":["post-1498","page","type-page","status-publish","czr-hentry"],"acf":[],"_links":{"self":[{"href":"https:\/\/ee.mlfmonde.org\/stavanger-lycee-francais\/wp-json\/wp\/v2\/pages\/1498","targetHints":{"allow":["GET"]}}],"collection":[{"href":"https:\/\/ee.mlfmonde.org\/stavanger-lycee-francais\/wp-json\/wp\/v2\/pages"}],"about":[{"href":"https:\/\/ee.mlfmonde.org\/stavanger-lycee-francais\/wp-json\/wp\/v2\/types\/page"}],"author":[{"embeddable":true,"href":"https:\/\/ee.mlfmonde.org\/stavanger-lycee-francais\/wp-json\/wp\/v2\/users\/11"}],"replies":[{"embeddable":true,"href":"https:\/\/ee.mlfmonde.org\/stavanger-lycee-francais\/wp-json\/wp\/v2\/comments?post=1498"}],"version-history":[{"count":3,"href":"https:\/\/ee.mlfmonde.org\/stavanger-lycee-francais\/wp-json\/wp\/v2\/pages\/1498\/revisions"}],"predecessor-version":[{"id":1559,"href":"https:\/\/ee.mlfmonde.org\/stavanger-lycee-francais\/wp-json\/wp\/v2\/pages\/1498\/revisions\/1559"}],"wp:attachment":[{"href":"https:\/\/ee.mlfmonde.org\/stavanger-lycee-francais\/wp-json\/wp\/v2\/media?parent=1498"}],"curies":[{"name":"wp","href":"https:\/\/api.w.org\/{rel}","templated":true}]}}