{"id":11997,"date":"2019-04-11T12:04:33","date_gmt":"2019-04-11T12:04:33","guid":{"rendered":"http:\/\/ee.mlfmonde.org\/stavanger-lycee-francais\/?page_id=11997"},"modified":"2019-04-11T14:54:14","modified_gmt":"2019-04-11T14:54:14","slug":"voyage-scolaire-sur-les-traces-dharry-potter-des-6emes-et-5emes","status":"publish","type":"page","link":"https:\/\/ee.mlfmonde.org\/stavanger-lycee-francais\/voyage-scolaire-sur-les-traces-dharry-potter-des-6emes-et-5emes\/","title":{"rendered":"Voyage scolaire sur les traces d&rsquo;Harry Potter des 6\u00e8mes et 5\u00e8mes"},"content":{"rendered":"<p>Lien vers le blog du voyage: (cliquez sur l&rsquo;image)<\/p>\n<p><a href=\"https:\/\/themagicaltrip.home.blog\/\" target=\"_blank\" rel=\"noopener\"><img decoding=\"async\" class=\"wp-image-12045 size-medium aligncenter\" src=\"http:\/\/ee.mlfmonde.org\/stavanger-lycee-francais\/wp-content\/uploads\/sites\/7\/2019\/04\/Capture-d\u2019e\u0301cran-2019-04-11-a\u0300-15.16.43-300x158.png\" alt=\"\" width=\"300\" height=\"158\" srcset=\"https:\/\/ee.mlfmonde.org\/stavanger-lycee-francais\/wp-content\/uploads\/sites\/7\/2019\/04\/Capture-d\u2019e\u0301cran-2019-04-11-a\u0300-15.16.43-300x158.png 300w, https:\/\/ee.mlfmonde.org\/stavanger-lycee-francais\/wp-content\/uploads\/sites\/7\/2019\/04\/Capture-d\u2019e\u0301cran-2019-04-11-a\u0300-15.16.43-768x405.png 768w, https:\/\/ee.mlfmonde.org\/stavanger-lycee-francais\/wp-content\/uploads\/sites\/7\/2019\/04\/Capture-d\u2019e\u0301cran-2019-04-11-a\u0300-15.16.43-1024x540.png 1024w, https:\/\/ee.mlfmonde.org\/stavanger-lycee-francais\/wp-content\/uploads\/sites\/7\/2019\/04\/Capture-d\u2019e\u0301cran-2019-04-11-a\u0300-15.16.43.png 1412w\" sizes=\"(max-width: 300px) 100vw, 300px\" \/><\/a><\/p>\n<p>&nbsp;<\/p>\n<p>Document \u00e0 t\u00e9l\u00e9charger:<\/p>\n<p><a href=\"http:\/\/ee.mlfmonde.org\/stavanger-lycee-francais\/wp-content\/uploads\/sites\/7\/2019\/04\/Voyage-Royaume-Uni-2019_6\u00b0-5\u00b0_-fiche-informative-parents.pdf\" target=\"_blank\" rel=\"noopener\">Voyage Royaume-Uni 2019_6\u00b0-5\u00b0_ fiche informative parents<\/a><\/p>\n<p>Pr\u00e9sentation du voyage:<\/p>\n<p><a href=\"http:\/\/ee.mlfmonde.org\/stavanger-lycee-francais\/wp-content\/uploads\/sites\/7\/2019\/04\/THE-MAGICAL-TRIP-PRES.pptx\" target=\"_blank\" rel=\"noopener\"><img fetchpriority=\"high\" decoding=\"async\" class=\"wp-image-12049 size-medium aligncenter\" src=\"http:\/\/ee.mlfmonde.org\/stavanger-lycee-francais\/wp-content\/uploads\/sites\/7\/2019\/04\/Capture-d\u2019e\u0301cran-2019-04-11-a\u0300-16.06.24-300x225.png\" alt=\"\" width=\"300\" height=\"225\" srcset=\"https:\/\/ee.mlfmonde.org\/stavanger-lycee-francais\/wp-content\/uploads\/sites\/7\/2019\/04\/Capture-d\u2019e\u0301cran-2019-04-11-a\u0300-16.06.24-300x225.png 300w, https:\/\/ee.mlfmonde.org\/stavanger-lycee-francais\/wp-content\/uploads\/sites\/7\/2019\/04\/Capture-d\u2019e\u0301cran-2019-04-11-a\u0300-16.06.24.png 767w\" sizes=\"(max-width: 300px) 100vw, 300px\" \/><\/a><\/p>\n","protected":false},"excerpt":{"rendered":"<p>Lien vers le blog du voyage: (cliquez sur l&rsquo;image) &nbsp; Document \u00e0 t\u00e9l\u00e9charger: Voyage Royaume-Uni 2019_6\u00b0-5\u00b0_ fiche informative parents Pr\u00e9sentation du voyage:<\/p>\n","protected":false},"author":11,"featured_media":12035,"parent":0,"menu_order":0,"comment_status":"closed","ping_status":"closed","template":"","meta":{"_acf_changed":false,"footnotes":""},"class_list":["post-11997","page","type-page","status-publish","has-post-thumbnail","czr-hentry"],"acf":[],"_links":{"self":[{"href":"https:\/\/ee.mlfmonde.org\/stavanger-lycee-francais\/wp-json\/wp\/v2\/pages\/11997","targetHints":{"allow":["GET"]}}],"collection":[{"href":"https:\/\/ee.mlfmonde.org\/stavanger-lycee-francais\/wp-json\/wp\/v2\/pages"}],"about":[{"href":"https:\/\/ee.mlfmonde.org\/stavanger-lycee-francais\/wp-json\/wp\/v2\/types\/page"}],"author":[{"embeddable":true,"href":"https:\/\/ee.mlfmonde.org\/stavanger-lycee-francais\/wp-json\/wp\/v2\/users\/11"}],"replies":[{"embeddable":true,"href":"https:\/\/ee.mlfmonde.org\/stavanger-lycee-francais\/wp-json\/wp\/v2\/comments?post=11997"}],"version-history":[{"count":8,"href":"https:\/\/ee.mlfmonde.org\/stavanger-lycee-francais\/wp-json\/wp\/v2\/pages\/11997\/revisions"}],"predecessor-version":[{"id":12051,"href":"https:\/\/ee.mlfmonde.org\/stavanger-lycee-francais\/wp-json\/wp\/v2\/pages\/11997\/revisions\/12051"}],"wp:featuredmedia":[{"embeddable":true,"href":"https:\/\/ee.mlfmonde.org\/stavanger-lycee-francais\/wp-json\/wp\/v2\/media\/12035"}],"wp:attachment":[{"href":"https:\/\/ee.mlfmonde.org\/stavanger-lycee-francais\/wp-json\/wp\/v2\/media?parent=11997"}],"curies":[{"name":"wp","href":"https:\/\/api.w.org\/{rel}","templated":true}]}}