{"id":89,"date":"2017-11-08T04:35:54","date_gmt":"2017-11-08T04:35:54","guid":{"rendered":"http:\/\/ee.mlfmonde.org\/sacheon-airbus\/?page_id=89"},"modified":"2017-11-26T09:06:55","modified_gmt":"2017-11-26T09:06:55","slug":"la-mlf","status":"publish","type":"page","link":"https:\/\/ee.mlfmonde.org\/sacheon-airbus\/la-mlf\/","title":{"rendered":"La MLF"},"content":{"rendered":"<p><img decoding=\"async\" class=\"wp-image-96 alignright\" src=\"http:\/\/ee.mlfmonde.org\/sacheon-airbus\/wp-content\/uploads\/sites\/22\/2017\/11\/new_logo-300x300.png\" alt=\"\" width=\"176\" height=\"176\" \/><\/p>\n<div>\n<div>Partenaire de l\u2019\u00c9tat, op\u00e9rateur pour le compte des entreprises fran\u00e7aises et de l\u2019\u00c9tat dans certains op\u00e9rations de d\u00e9veloppement, la Mission la\u00efque fran\u00e7aise (Mlf) cr\u00e9\u00e9 et g\u00e8re des \u00e9coles, coll\u00e8ges, lyc\u00e9es dans le monde.<\/div>\n<p>Acteur historique de l&rsquo;enseignement fran\u00e7ais \u00e0 l&rsquo;\u00e9tranger, la Mlf est une association \u00e0 but non lucratif cr\u00e9\u00e9e en 1902 et reconnue d&rsquo;utilit\u00e9 publique depuis 1907. Son r\u00e9seau \u00ab\u00a0mlfmonde\u00a0\u00bb repr\u00e9sente en 2017\/2018 plus de 60 000 \u00e9l\u00e8ves scolaris\u00e9s de la maternelle \u00e0 la terminale dans 109 \u00e9tablissements scolaires pr\u00e9sents dans 38 pays.<\/p><\/div>\n<div>Depuis pr\u00e8s de 50 ans, la Mlf cr\u00e9\u00e9 \u00e9galement des \u00e9coles sur mesure pour accompagner les enfants des salari\u00e9s d&rsquo;entreprises. Plus de 3000 \u00e9l\u00e8ves sont ainsi scolaris\u00e9s \u00e0 travers le monde, de la maternelle \u00e0 la terminale.<\/div>\n<div><\/div>\n<div>Les \u00e9coles du r\u00e9seau mlfmonde accueillent des \u00e9l\u00e8ves de toutes les nationalit\u00e9s, cultures et confessions. Fond\u00e9e sur la rencontre entre la culture fran\u00e7aise et celle du pays d&rsquo;implantation de l&rsquo;entreprise, la p\u00e9dagogie d\u00e9velopp\u00e9e par la Mlf promeut un enseignement plurilingue. Au del\u00e0 de la r\u00e9ussite scolaire, cette p\u00e9dagogie r\u00e9solument ouverte au monde permet aux \u00e9l\u00e8ves de s&rsquo;exprimer, de devenir citoyens et de d\u00e9velopper leur autonomie.<\/div>\n<p>Pour acc\u00e9der au site de la MLF, cliquer sur le lien suivant :<\/p>\n<p><a href=\"http:\/\/www.mlfmonde.org\/\">http:\/\/www.mlfmonde.org\/<\/a><\/p>\n","protected":false},"excerpt":{"rendered":"<p>Partenaire de l\u2019\u00c9tat, op\u00e9rateur pour le compte des entreprises fran\u00e7aises et de l\u2019\u00c9tat dans certains op\u00e9rations de d\u00e9veloppement, la Mission la\u00efque fran\u00e7aise (Mlf) cr\u00e9\u00e9 et g\u00e8re des \u00e9coles, coll\u00e8ges, lyc\u00e9es dans le monde. Acteur historique de l&rsquo;enseignement fran\u00e7ais \u00e0 l&rsquo;\u00e9tranger, la Mlf est une association \u00e0 but non lucratif cr\u00e9\u00e9e en 1902 et reconnue d&rsquo;utilit\u00e9 [&hellip;]<\/p>\n","protected":false},"author":130,"featured_media":0,"parent":0,"menu_order":0,"comment_status":"closed","ping_status":"closed","template":"","meta":{"_acf_changed":false,"footnotes":""},"class_list":["post-89","page","type-page","status-publish","czr-hentry"],"acf":[],"_links":{"self":[{"href":"https:\/\/ee.mlfmonde.org\/sacheon-airbus\/wp-json\/wp\/v2\/pages\/89","targetHints":{"allow":["GET"]}}],"collection":[{"href":"https:\/\/ee.mlfmonde.org\/sacheon-airbus\/wp-json\/wp\/v2\/pages"}],"about":[{"href":"https:\/\/ee.mlfmonde.org\/sacheon-airbus\/wp-json\/wp\/v2\/types\/page"}],"author":[{"embeddable":true,"href":"https:\/\/ee.mlfmonde.org\/sacheon-airbus\/wp-json\/wp\/v2\/users\/130"}],"replies":[{"embeddable":true,"href":"https:\/\/ee.mlfmonde.org\/sacheon-airbus\/wp-json\/wp\/v2\/comments?post=89"}],"version-history":[{"count":5,"href":"https:\/\/ee.mlfmonde.org\/sacheon-airbus\/wp-json\/wp\/v2\/pages\/89\/revisions"}],"predecessor-version":[{"id":304,"href":"https:\/\/ee.mlfmonde.org\/sacheon-airbus\/wp-json\/wp\/v2\/pages\/89\/revisions\/304"}],"wp:attachment":[{"href":"https:\/\/ee.mlfmonde.org\/sacheon-airbus\/wp-json\/wp\/v2\/media?parent=89"}],"curies":[{"name":"wp","href":"https:\/\/api.w.org\/{rel}","templated":true}]}}