{"id":8,"date":"2015-09-04T17:27:57","date_gmt":"2015-09-04T14:27:57","guid":{"rendered":"http:\/\/ee.mlfmonde.org\/rauma-areva\/?page_id=8"},"modified":"2022-11-14T12:03:43","modified_gmt":"2022-11-14T10:03:43","slug":"administration","status":"publish","type":"page","link":"https:\/\/ee.mlfmonde.org\/rauma-areva\/administration\/","title":{"rendered":"Administration"},"content":{"rendered":"<p>Retrouvez l\u2019ensemble des informations administratives concernant l\u2019\u00e9cole\u00a0: horaires, cantine, r\u00e8glement int\u00e9rieur, calendrier scolaire&#8230;<\/p>\n<ul>\n<li><a href=\"http:\/\/ee.mlfmonde.org\/rauma-areva\/fournitures-scolaires\/\">Fournitures scolaires<\/a><\/li>\n<li><a href=\"http:\/\/ee.mlfmonde.org\/rauma-areva\/horaires\/\">Horaires<\/a><\/li>\n<li><a href=\"http:\/\/ee.mlfmonde.org\/rauma-areva\/wp-content\/uploads\/sites\/3\/2022\/11\/Calendrier-scolaire-2022-23.pdf\">Calendrier scolaire<\/a><\/li>\n<li><a href=\"http:\/\/ee.mlfmonde.org\/rauma-areva\/reglement-interieur\/\">R\u00e8glement int\u00e9rieur<\/a><\/li>\n<li><a href=\"http:\/\/ee.mlfmonde.org\/rauma-areva\/projet-decole\/\">Projet d&rsquo;\u00e9cole<\/a><\/li>\n<li><a href=\"http:\/\/ee.mlfmonde.org\/rauma-areva\/administration\/la-lettre-2021-2022\/\">La Lettre 2021\/2022<\/a><\/li>\n<li><a href=\"http:\/\/ee.mlfmonde.org\/rauma-areva\/administration\/la-lettre-2020-2021\/\">La Lettre 2020\/2021<\/a><\/li>\n<li><a href=\"http:\/\/ee.mlfmonde.org\/rauma-areva\/la-lettre\/\">La Lettre 2019\/2020<\/a><\/li>\n<li><a href=\"http:\/\/ee.mlfmonde.org\/rauma-areva\/la-cantine\/\">Cantine<\/a><\/li>\n<\/ul>\n<p>&nbsp;<\/p>\n","protected":false},"excerpt":{"rendered":"<p>Retrouvez l\u2019ensemble des informations administratives concernant l\u2019\u00e9cole : horaires, cantine, r\u00e8glement int\u00e9rieur, calendrier scolaire&#8230;<\/p>\n","protected":false},"author":1,"featured_media":73,"parent":0,"menu_order":0,"comment_status":"closed","ping_status":"closed","template":"","meta":{"_acf_changed":false,"footnotes":""},"class_list":["post-8","page","type-page","status-publish","has-post-thumbnail","czr-hentry"],"acf":[],"_links":{"self":[{"href":"https:\/\/ee.mlfmonde.org\/rauma-areva\/wp-json\/wp\/v2\/pages\/8","targetHints":{"allow":["GET"]}}],"collection":[{"href":"https:\/\/ee.mlfmonde.org\/rauma-areva\/wp-json\/wp\/v2\/pages"}],"about":[{"href":"https:\/\/ee.mlfmonde.org\/rauma-areva\/wp-json\/wp\/v2\/types\/page"}],"author":[{"embeddable":true,"href":"https:\/\/ee.mlfmonde.org\/rauma-areva\/wp-json\/wp\/v2\/users\/1"}],"replies":[{"embeddable":true,"href":"https:\/\/ee.mlfmonde.org\/rauma-areva\/wp-json\/wp\/v2\/comments?post=8"}],"version-history":[{"count":26,"href":"https:\/\/ee.mlfmonde.org\/rauma-areva\/wp-json\/wp\/v2\/pages\/8\/revisions"}],"predecessor-version":[{"id":7129,"href":"https:\/\/ee.mlfmonde.org\/rauma-areva\/wp-json\/wp\/v2\/pages\/8\/revisions\/7129"}],"wp:featuredmedia":[{"embeddable":true,"href":"https:\/\/ee.mlfmonde.org\/rauma-areva\/wp-json\/wp\/v2\/media\/73"}],"wp:attachment":[{"href":"https:\/\/ee.mlfmonde.org\/rauma-areva\/wp-json\/wp\/v2\/media?parent=8"}],"curies":[{"name":"wp","href":"https:\/\/api.w.org\/{rel}","templated":true}]}}