{"id":66,"date":"2015-09-07T09:07:14","date_gmt":"2015-09-07T06:07:14","guid":{"rendered":"http:\/\/ee.mlfmonde.org\/rauma-areva\/?page_id=66"},"modified":"2021-03-07T13:03:23","modified_gmt":"2021-03-07T11:03:23","slug":"actualites","status":"publish","type":"page","link":"https:\/\/ee.mlfmonde.org\/rauma-areva\/actualites\/","title":{"rendered":"Vie de l&rsquo;\u00e9cole"},"content":{"rendered":"<p>N&rsquo;h\u00e9sitez pas \u00e0 visiter notre site r\u00e9guli\u00e8rement pour retrouver les moments forts de notre \u00e9cole.<\/p>\n<p>Dans la rubrique \u00ab\u00a0Vie de l&rsquo;\u00e9cole\u00a0\u00bb, vous pouvez ainsi retrouver les sous-rubriques suivantes, en fonction des diff\u00e9rents niveaux :<\/p>\n<ul>\n<li><a href=\"https:\/\/ee.mlfmonde.org\/rauma-areva\/category\/ps-ms-gs\/\">PS-MS-GS<\/a><\/li>\n<li><a href=\"https:\/\/ee.mlfmonde.org\/rauma-areva\/category\/ms-cp\/\">CP-CE1<\/a><\/li>\n<li><a href=\"https:\/\/ee.mlfmonde.org\/rauma-areva\/category\/ce-cm\/\">CE2-CM1-CM2<\/a><\/li>\n<li><a href=\"https:\/\/ee.mlfmonde.org\/rauma-areva\/category\/college\/\">Coll\u00e8ge<\/a><\/li>\n<li><a href=\"https:\/\/ee.mlfmonde.org\/rauma-areva\/category\/activites-communes\/\">Activit\u00e9s communes<\/a><\/li>\n<\/ul>\n<p>Les articles qui concernent toute l&rsquo;\u00e9cole sont regroup\u00e9s dans la sous-rubrique \u00ab\u00a0Activit\u00e9s communes\u00a0\u00bb.<\/p>\n<p>&nbsp;<\/p>\n","protected":false},"excerpt":{"rendered":"<p>N&rsquo;h\u00e9sitez pas \u00e0 visiter notre site r\u00e9guli\u00e8rement pour retrouver les moments forts de notre \u00e9cole. Dans la rubrique \u00ab\u00a0Vie de l&rsquo;\u00e9cole\u00a0\u00bb, vous pouvez ainsi retrouver les sous-rubriques suivantes, en fonction des diff\u00e9rents niveaux : PS-MS-GS CP-CE1 CE2-CM1-CM2 Coll\u00e8ge Activit\u00e9s communes Les articles qui concernent toute l&rsquo;\u00e9cole sont regroup\u00e9s dans la sous-rubrique \u00ab\u00a0Activit\u00e9s communes\u00a0\u00bb. &nbsp;<\/p>\n","protected":false},"author":5,"featured_media":106,"parent":0,"menu_order":0,"comment_status":"closed","ping_status":"closed","template":"","meta":{"_acf_changed":false,"footnotes":""},"class_list":["post-66","page","type-page","status-publish","has-post-thumbnail","czr-hentry"],"acf":[],"_links":{"self":[{"href":"https:\/\/ee.mlfmonde.org\/rauma-areva\/wp-json\/wp\/v2\/pages\/66","targetHints":{"allow":["GET"]}}],"collection":[{"href":"https:\/\/ee.mlfmonde.org\/rauma-areva\/wp-json\/wp\/v2\/pages"}],"about":[{"href":"https:\/\/ee.mlfmonde.org\/rauma-areva\/wp-json\/wp\/v2\/types\/page"}],"author":[{"embeddable":true,"href":"https:\/\/ee.mlfmonde.org\/rauma-areva\/wp-json\/wp\/v2\/users\/5"}],"replies":[{"embeddable":true,"href":"https:\/\/ee.mlfmonde.org\/rauma-areva\/wp-json\/wp\/v2\/comments?post=66"}],"version-history":[{"count":38,"href":"https:\/\/ee.mlfmonde.org\/rauma-areva\/wp-json\/wp\/v2\/pages\/66\/revisions"}],"predecessor-version":[{"id":5327,"href":"https:\/\/ee.mlfmonde.org\/rauma-areva\/wp-json\/wp\/v2\/pages\/66\/revisions\/5327"}],"wp:featuredmedia":[{"embeddable":true,"href":"https:\/\/ee.mlfmonde.org\/rauma-areva\/wp-json\/wp\/v2\/media\/106"}],"wp:attachment":[{"href":"https:\/\/ee.mlfmonde.org\/rauma-areva\/wp-json\/wp\/v2\/media?parent=66"}],"curies":[{"name":"wp","href":"https:\/\/api.w.org\/{rel}","templated":true}]}}