{"id":5742,"date":"2021-05-12T13:51:49","date_gmt":"2021-05-12T11:51:49","guid":{"rendered":"http:\/\/ee.mlfmonde.org\/rauma-areva\/?page_id=5742"},"modified":"2021-05-12T13:59:15","modified_gmt":"2021-05-12T11:59:15","slug":"quelques-exposes-de-collegiens-2","status":"publish","type":"page","link":"https:\/\/ee.mlfmonde.org\/rauma-areva\/quelques-exposes-de-collegiens-2\/","title":{"rendered":"Les coll\u00e9giens nous parlent de la Finlande"},"content":{"rendered":"<p>Veuillez cliquer sur les liens ci-dessus pour d\u00e9couvrir les expos\u00e9s r\u00e9alis\u00e9s par les coll\u00e9giens sur le th\u00e8me de la Finlande :<\/p>\n<p><a href=\"http:\/\/ee.mlfmonde.org\/rauma-areva\/wp-content\/uploads\/sites\/3\/2021\/05\/Le-sport-en-Finlande.pdf\" target=\"_blank\" rel=\"noopener\">Le sport en Finlande<\/a><\/p>\n<p><a href=\"http:\/\/ee.mlfmonde.org\/rauma-areva\/wp-content\/uploads\/sites\/3\/2021\/05\/Jean-Sibelius.pdf\" target=\"_blank\" rel=\"noopener\">Jean Sibelius<\/a><\/p>\n<p><a href=\"http:\/\/ee.mlfmonde.org\/rauma-areva\/wp-content\/uploads\/sites\/3\/2021\/05\/Les-animaux-de-la-Finlande.pdf\" target=\"_blank\" rel=\"noopener\">Les animaux de la Finlande<\/a><\/p>\n<p><a href=\"http:\/\/ee.mlfmonde.org\/rauma-areva\/wp-content\/uploads\/sites\/3\/2021\/05\/Quelques-traditions-finlandaises-1.pdf\" target=\"_blank\" rel=\"noopener\">Quelques traditions finlandaises<\/a><\/p>\n<p><a href=\"http:\/\/ee.mlfmonde.org\/rauma-areva\/wp-content\/uploads\/sites\/3\/2021\/05\/Hymne-national-de-la-Finlande-1.pdf\" target=\"_blank\" rel=\"noopener\">Hymne national de la Finlande<\/a><\/p>\n","protected":false},"excerpt":{"rendered":"<p>Veuillez cliquer sur les liens ci-dessus pour d\u00e9couvrir les expos\u00e9s r\u00e9alis\u00e9s par les coll\u00e9giens sur le th\u00e8me de la Finlande : Le sport en Finlande Jean Sibelius Les animaux de la Finlande Quelques traditions finlandaises Hymne national de la Finlande<\/p>\n","protected":false},"author":5,"featured_media":0,"parent":0,"menu_order":0,"comment_status":"closed","ping_status":"closed","template":"","meta":{"_acf_changed":false,"footnotes":""},"class_list":["post-5742","page","type-page","status-publish","czr-hentry"],"acf":[],"_links":{"self":[{"href":"https:\/\/ee.mlfmonde.org\/rauma-areva\/wp-json\/wp\/v2\/pages\/5742","targetHints":{"allow":["GET"]}}],"collection":[{"href":"https:\/\/ee.mlfmonde.org\/rauma-areva\/wp-json\/wp\/v2\/pages"}],"about":[{"href":"https:\/\/ee.mlfmonde.org\/rauma-areva\/wp-json\/wp\/v2\/types\/page"}],"author":[{"embeddable":true,"href":"https:\/\/ee.mlfmonde.org\/rauma-areva\/wp-json\/wp\/v2\/users\/5"}],"replies":[{"embeddable":true,"href":"https:\/\/ee.mlfmonde.org\/rauma-areva\/wp-json\/wp\/v2\/comments?post=5742"}],"version-history":[{"count":3,"href":"https:\/\/ee.mlfmonde.org\/rauma-areva\/wp-json\/wp\/v2\/pages\/5742\/revisions"}],"predecessor-version":[{"id":5752,"href":"https:\/\/ee.mlfmonde.org\/rauma-areva\/wp-json\/wp\/v2\/pages\/5742\/revisions\/5752"}],"wp:attachment":[{"href":"https:\/\/ee.mlfmonde.org\/rauma-areva\/wp-json\/wp\/v2\/media?parent=5742"}],"curies":[{"name":"wp","href":"https:\/\/api.w.org\/{rel}","templated":true}]}}