{"id":5097,"date":"2021-02-08T13:50:50","date_gmt":"2021-02-08T11:50:50","guid":{"rendered":"http:\/\/ee.mlfmonde.org\/rauma-areva\/?page_id=5097"},"modified":"2025-06-05T09:58:21","modified_gmt":"2025-06-05T07:58:21","slug":"lequipe-enseignante","status":"publish","type":"page","link":"https:\/\/ee.mlfmonde.org\/rauma-areva\/notre-ecole\/lequipe-enseignante\/","title":{"rendered":"L&rsquo;\u00e9quipe enseignante"},"content":{"rendered":"<h1 style=\"text-align: center\"><strong><u>DIRECTRICE<\/u><\/strong><\/h1>\n<h4 style=\"text-align: center\">Mme Li\u00e9geard C\u00e9cile<\/h4>\n<p style=\"text-align: center\"><a href=\"http:\/\/ee.mlfmonde.org\/rauma-areva\/wp-content\/uploads\/sites\/3\/2021\/02\/cecile.jpg\"><img fetchpriority=\"high\" decoding=\"async\" class=\"alignnone size-full wp-image-5109\" src=\"http:\/\/ee.mlfmonde.org\/rauma-areva\/wp-content\/uploads\/sites\/3\/2021\/02\/cecile.jpg\" alt=\"\" width=\"273\" height=\"263\" \/><\/a><\/p>\n<h3 style=\"text-align: center\"><strong><u>Assistante administrative<\/u><\/strong><\/h3>\n<h4 style=\"text-align: center\">Mme Salo-Tammivuori \u00a0Eeva<\/h4>\n<p style=\"text-align: center\"><a href=\"http:\/\/ee.mlfmonde.org\/rauma-areva\/wp-content\/uploads\/sites\/3\/2021\/02\/eeva.jpg\"><img decoding=\"async\" class=\"alignnone size-full wp-image-5102\" src=\"http:\/\/ee.mlfmonde.org\/rauma-areva\/wp-content\/uploads\/sites\/3\/2021\/02\/eeva.jpg\" alt=\"\" width=\"273\" height=\"263\" \/><\/a><\/p>\n<h1 style=\"text-align: center\"><strong><u>PRIMAIRE<\/u><\/strong><\/h1>\n<table>\n<tbody>\n<tr>\n<td width=\"273\">\n<h2 style=\"text-align: center\"><\/h2>\n<p style=\"text-align: center\">\n<\/td>\n<td width=\"273\">\n<h2 style=\"text-align: center\"><\/h2>\n<p style=\"text-align: center\"><strong>Mme Schitt Lepr\u00eatre Muriel<\/strong><\/p>\n<p style=\"text-align: center\"><a href=\"http:\/\/ee.mlfmonde.org\/rauma-areva\/wp-content\/uploads\/sites\/3\/2022\/11\/Lepr\u00eatre_Muriel.jpg\"><img decoding=\"async\" class=\"alignnone size-large wp-image-7192\" src=\"http:\/\/ee.mlfmonde.org\/rauma-areva\/wp-content\/uploads\/sites\/3\/2022\/11\/Lepr\u00eatre_Muriel-682x1024.jpg\" alt=\"\" width=\"682\" height=\"1024\" srcset=\"https:\/\/ee.mlfmonde.org\/rauma-areva\/wp-content\/uploads\/sites\/3\/2022\/11\/Lepr\u00eatre_Muriel-682x1024.jpg 682w, https:\/\/ee.mlfmonde.org\/rauma-areva\/wp-content\/uploads\/sites\/3\/2022\/11\/Lepr\u00eatre_Muriel-200x300.jpg 200w, https:\/\/ee.mlfmonde.org\/rauma-areva\/wp-content\/uploads\/sites\/3\/2022\/11\/Lepr\u00eatre_Muriel-768x1152.jpg 768w, https:\/\/ee.mlfmonde.org\/rauma-areva\/wp-content\/uploads\/sites\/3\/2022\/11\/Lepr\u00eatre_Muriel.jpg 1333w\" sizes=\"(max-width: 682px) 100vw, 682px\" \/><\/a><\/p>\n<\/td>\n<td width=\"273\">\n<p style=\"text-align: center\">\n<\/td>\n<\/tr>\n<tr>\n<td width=\"273\"><\/td>\n<td width=\"273\">\n<h4 style=\"text-align: center\"><strong>Assistante<\/strong><\/h4>\n<p style=\"text-align: center\"><strong>Mme Dewever Car\u00e8ne<\/strong><\/p>\n<p style=\"text-align: center\"><a href=\"http:\/\/ee.mlfmonde.org\/rauma-areva\/wp-content\/uploads\/sites\/3\/2022\/11\/20221130_102139.jpg\"><img loading=\"lazy\" decoding=\"async\" class=\"alignnone size-full wp-image-7195\" src=\"http:\/\/ee.mlfmonde.org\/rauma-areva\/wp-content\/uploads\/sites\/3\/2022\/11\/20221130_102139.jpg\" alt=\"\" width=\"217\" height=\"285\" \/><\/a><\/p>\n<\/td>\n<td width=\"273\"><\/td>\n<\/tr>\n<\/tbody>\n<\/table>\n<h1 style=\"text-align: center\"><strong><u>SECONDAIRE et CM1\/CM2<\/u><\/strong><\/h1>\n<table>\n<tbody>\n<tr>\n<td width=\"271\">\n<h2 style=\"text-align: center\"><strong>Fran\u00e7ais-Histoire G\u00e9ographie-Latin-Musique<\/strong><\/h2>\n<p style=\"text-align: center\"><strong>Mr Pasquier J\u00e9r\u00f4me<\/strong><\/p>\n<\/td>\n<td width=\"271\"><\/td>\n<td width=\"271\">\n<h2 style=\"text-align: center\"><strong>Math\u00e9matiques-Physique-SVT-Technologie-Musique-Chinois<\/strong><\/h2>\n<p style=\"text-align: center\"><strong>Mme Li\u00e9geard C\u00e9cile<\/strong><\/p>\n<p style=\"text-align: center\"><a href=\"http:\/\/ee.mlfmonde.org\/rauma-areva\/wp-content\/uploads\/sites\/3\/2021\/02\/cecile.jpg\"><img fetchpriority=\"high\" decoding=\"async\" class=\"alignnone size-full wp-image-5109\" src=\"http:\/\/ee.mlfmonde.org\/rauma-areva\/wp-content\/uploads\/sites\/3\/2021\/02\/cecile.jpg\" alt=\"\" width=\"273\" height=\"263\" \/><\/a><\/p>\n<\/td>\n<\/tr>\n<tr>\n<td style=\"text-align: center\" width=\"271\">\n<h2><strong>Espagnol-Anglais<\/strong><\/h2>\n<p><strong>Mme Torikka Angela<\/strong><\/p>\n<p><a href=\"http:\/\/ee.mlfmonde.org\/rauma-areva\/wp-content\/uploads\/sites\/3\/2021\/02\/angelamlf.jpg\"><img loading=\"lazy\" decoding=\"async\" class=\"alignnone size-full wp-image-5108\" src=\"http:\/\/ee.mlfmonde.org\/rauma-areva\/wp-content\/uploads\/sites\/3\/2021\/02\/angelamlf.jpg\" alt=\"\" width=\"273\" height=\"263\" \/><\/a><\/td>\n<td style=\"text-align: center\" width=\"271\">\n<h2><strong>Finnois<\/strong><\/h2>\n<p><strong>Mme Salo-Tammivuori \u00a0Eeva<\/strong><\/p>\n<p><a href=\"http:\/\/ee.mlfmonde.org\/rauma-areva\/wp-content\/uploads\/sites\/3\/2021\/02\/eeva.jpg\"><img decoding=\"async\" class=\"alignnone size-full wp-image-5102\" src=\"http:\/\/ee.mlfmonde.org\/rauma-areva\/wp-content\/uploads\/sites\/3\/2021\/02\/eeva.jpg\" alt=\"\" width=\"273\" height=\"263\" \/><\/a><\/td>\n<td width=\"271\"><\/td>\n<\/tr>\n<\/tbody>\n<\/table>\n","protected":false},"excerpt":{"rendered":"<p>DIRECTRICE Mme Li\u00e9geard C\u00e9cile Assistante administrative Mme Salo-Tammivuori \u00a0Eeva PRIMAIRE Mme Schitt Lepr\u00eatre Muriel Assistante Mme Dewever Car\u00e8ne SECONDAIRE et CM1\/CM2 Fran\u00e7ais-Histoire G\u00e9ographie-Latin-Musique Mr Pasquier J\u00e9r\u00f4me Math\u00e9matiques-Physique-SVT-Technologie-Musique-Chinois Mme Li\u00e9geard C\u00e9cile Espagnol-Anglais Mme Torikka Angela Finnois Mme Salo-Tammivuori \u00a0Eeva<\/p>\n","protected":false},"author":140,"featured_media":0,"parent":120,"menu_order":0,"comment_status":"closed","ping_status":"closed","template":"","meta":{"_acf_changed":false,"footnotes":""},"class_list":["post-5097","page","type-page","status-publish","czr-hentry"],"acf":[],"_links":{"self":[{"href":"https:\/\/ee.mlfmonde.org\/rauma-areva\/wp-json\/wp\/v2\/pages\/5097","targetHints":{"allow":["GET"]}}],"collection":[{"href":"https:\/\/ee.mlfmonde.org\/rauma-areva\/wp-json\/wp\/v2\/pages"}],"about":[{"href":"https:\/\/ee.mlfmonde.org\/rauma-areva\/wp-json\/wp\/v2\/types\/page"}],"author":[{"embeddable":true,"href":"https:\/\/ee.mlfmonde.org\/rauma-areva\/wp-json\/wp\/v2\/users\/140"}],"replies":[{"embeddable":true,"href":"https:\/\/ee.mlfmonde.org\/rauma-areva\/wp-json\/wp\/v2\/comments?post=5097"}],"version-history":[{"count":34,"href":"https:\/\/ee.mlfmonde.org\/rauma-areva\/wp-json\/wp\/v2\/pages\/5097\/revisions"}],"predecessor-version":[{"id":9052,"href":"https:\/\/ee.mlfmonde.org\/rauma-areva\/wp-json\/wp\/v2\/pages\/5097\/revisions\/9052"}],"up":[{"embeddable":true,"href":"https:\/\/ee.mlfmonde.org\/rauma-areva\/wp-json\/wp\/v2\/pages\/120"}],"wp:attachment":[{"href":"https:\/\/ee.mlfmonde.org\/rauma-areva\/wp-json\/wp\/v2\/media?parent=5097"}],"curies":[{"name":"wp","href":"https:\/\/api.w.org\/{rel}","templated":true}]}}